{"id":1786,"date":"2023-06-01T20:38:55","date_gmt":"2023-06-01T20:38:55","guid":{"rendered":"https:\/\/yournordichome.com\/product\/pendant-lamp-of-seagrass\/"},"modified":"2025-08-01T17:10:39","modified_gmt":"2025-08-01T17:10:39","slug":"viseca-svetilka-iz-morske-trave","status":"publish","type":"product","link":"https:\/\/yournordichome.com\/sl\/product\/pendant-lamp-of-seagrass\/","title":{"rendered":"Obesna svetilka iz morske trave"},"content":{"rendered":"<p>Obesna svetilka iz morske trave v naravnih barvah z vznemirljivo me\u0161anico svetlih in temnih vlaken. Aba\u017eur je oblikovan na zelo preprost in klasi\u010den na\u010din in je spleten iz naravne morske trave.<\/p>\n<p>Dimenzije izdelka: D27xH40 cm<br \/>\nBarva: Narava<br \/>\nMaterial: Material: morska trava, \u017eelezo<br \/>\nVelikost \u017earnice: E27<br \/>\nVrsta \u017earnice: LED ali var\u010dna (CFL)<br \/>\nMo\u010d \u017earnice: LED: 40W: \/ CFL: 5W: 14W<br \/>\n\u017darnica ni vklju\u010dena.<br \/>\nNavodila za nego: Obri\u0161ite z vla\u017eno krpo.<br \/>\nStropna skodelica: Da:<br \/>\nBarva vrvice: \u010drna<br \/>\nDol\u017eina vrvice: 250 cm<br \/>\nMaterial vrvice: Tkanina:<br \/>\nPriklju\u010dki: Da:<br \/>\nUporaba na prostem: Ne<br \/>\nStikalo: Ne<\/p>","protected":false},"excerpt":{"rendered":"<p>Obesna svetilka iz morske trave v naravnih barvah s \u010dudovitim kontrastom svetlo in temno rjave barve. Aba\u017eur z organskimi zna\u010dilnostmi narave, ki zagotavljajo zanimivo igro svetlobe, ko je svetilka pri\u017egana.<\/p>","protected":false},"featured_media":1753,"comment_status":"closed","ping_status":"closed","template":"","meta":{"_acf_changed":false,"_kad_post_transparent":"default","_kad_post_title":"","_kad_post_layout":"default","_kad_post_sidebar_id":"","_kad_post_content_style":"default","_kad_post_vertical_padding":"default","_kad_post_feature":"","_kad_post_feature_position":"","_kad_post_header":false,"_kad_post_footer":false,"_kad_post_classname":""},"pwb-brand":[17],"product_brand":[],"product_cat":[72,114],"product_tag":[116,34,255],"gyarto":[],"class_list":{"0":"post-1786","1":"product","2":"type-product","3":"status-publish","4":"has-post-thumbnail","6":"pwb-brand-bloomingville","7":"product_cat-lamp","8":"product_cat-pendant-lamp","9":"product_tag-ceiling-lamp","10":"product_tag-nordic-interior-design","11":"product_tag-seagrass-furniture","12":"pa_colour-nature","13":"pa_material-metal","14":"pa_material-seagrass","16":"first","17":"instock","18":"taxable","19":"shipping-taxable","20":"purchasable","21":"product-type-simple","22":"entry","23":"content-bg","24":"loop-entry"},"acf":[],"brands":[{"id":17,"name":"Bloomingville","slug":"bloomingville"}],"_links":{"self":[{"href":"https:\/\/yournordichome.com\/sl\/wp-json\/wp\/v2\/product\/1786","targetHints":{"allow":["GET"]}}],"collection":[{"href":"https:\/\/yournordichome.com\/sl\/wp-json\/wp\/v2\/product"}],"about":[{"href":"https:\/\/yournordichome.com\/sl\/wp-json\/wp\/v2\/types\/product"}],"replies":[{"embeddable":true,"href":"https:\/\/yournordichome.com\/sl\/wp-json\/wp\/v2\/comments?post=1786"}],"wp:featuredmedia":[{"embeddable":true,"href":"https:\/\/yournordichome.com\/sl\/wp-json\/wp\/v2\/media\/1753"}],"wp:attachment":[{"href":"https:\/\/yournordichome.com\/sl\/wp-json\/wp\/v2\/media?parent=1786"}],"wp:term":[{"taxonomy":"pwb-brand","embeddable":true,"href":"https:\/\/yournordichome.com\/sl\/wp-json\/wp\/v2\/pwb-brand?post=1786"},{"taxonomy":"product_brand","embeddable":true,"href":"https:\/\/yournordichome.com\/sl\/wp-json\/wp\/v2\/product_brand?post=1786"},{"taxonomy":"product_cat","embeddable":true,"href":"https:\/\/yournordichome.com\/sl\/wp-json\/wp\/v2\/product_cat?post=1786"},{"taxonomy":"product_tag","embeddable":true,"href":"https:\/\/yournordichome.com\/sl\/wp-json\/wp\/v2\/product_tag?post=1786"},{"taxonomy":"gyarto","embeddable":true,"href":"https:\/\/yournordichome.com\/sl\/wp-json\/wp\/v2\/gyarto?post=1786"}],"curies":[{"name":"wp","href":"https:\/\/api.w.org\/{rel}","templated":true}]}}