{"id":1784,"date":"2023-06-01T20:38:55","date_gmt":"2023-06-01T20:38:55","guid":{"rendered":"https:\/\/yournordichome.com\/product\/cotton-rug-with-purple-pattern-150-x-90-cm\/"},"modified":"2026-01-30T16:27:29","modified_gmt":"2026-01-30T16:27:29","slug":"bombazna-preproga-z-vijolicnim-vzorcem-150-x-90-cm","status":"publish","type":"product","link":"https:\/\/yournordichome.com\/sl\/product\/cotton-rug-with-purple-pattern-150-x-90-cm\/","title":{"rendered":"Bomba\u017ena preproga z vijoli\u010dnim vzorcem 150 x 90 cm"},"content":{"rendered":"<p>Preproga z vijoli\u010dno-be\u017enim vzorcem iz bomba\u017ea 100%. Zaradi kombinacije vijoli\u010dne in \"zlate\" barve je edinstven kos.<\/p>\n<p>Dimenzije izdelka: L150x\u016090 cm<br \/>\nBarva: Vijoli\u010dna<br \/>\nSestava: 100% Bomba\u017e<br \/>\nBeljenje: Ne<br \/>\nSuho \u010di\u0161\u010denje: Ne .<br \/>\nSu\u0161enje: Ne<br \/>\nLikanje: Ne .<\/p>","protected":false},"excerpt":{"rendered":"<p>Preproga iz bomba\u017ea 100% z vijoli\u010dno-be\u017enim vzorcem, ki v va\u0161 dom vnese prijetno vzdu\u0161je. Preproga je pravokotne oblike z robovi na obeh koncih. Odli\u010dna izbira za spalnico pred posteljo, s svojimi ne\u017enimi barvami pa bo polep\u0161ala tudi dnevno sobo ali hodnik.<\/p>","protected":false},"featured_media":1737,"comment_status":"closed","ping_status":"closed","template":"","meta":{"_acf_changed":false,"_kad_post_transparent":"default","_kad_post_title":"","_kad_post_layout":"default","_kad_post_sidebar_id":"","_kad_post_content_style":"default","_kad_post_vertical_padding":"default","_kad_post_feature":"","_kad_post_feature_position":"","_kad_post_header":false,"_kad_post_footer":false,"_kad_post_classname":""},"pwb-brand":[17],"product_brand":[],"product_cat":[88,65],"product_tag":[79,34,80],"gyarto":[],"class_list":{"0":"post-1784","1":"product","2":"type-product","3":"status-publish","4":"has-post-thumbnail","6":"pwb-brand-bloomingville","7":"product_cat-rug","8":"product_cat-rugs-and-textiles","9":"product_tag-cotton-rug","10":"product_tag-nordic-interior-design","11":"product_tag-nordic-style-rug","12":"pa_colour-purple","13":"pa_material-cotton","15":"first","16":"outofstock","17":"taxable","18":"shipping-taxable","19":"purchasable","20":"product-type-simple","21":"entry","22":"content-bg","23":"loop-entry"},"acf":[],"brands":[{"id":17,"name":"Bloomingville","slug":"bloomingville"}],"_links":{"self":[{"href":"https:\/\/yournordichome.com\/sl\/wp-json\/wp\/v2\/product\/1784","targetHints":{"allow":["GET"]}}],"collection":[{"href":"https:\/\/yournordichome.com\/sl\/wp-json\/wp\/v2\/product"}],"about":[{"href":"https:\/\/yournordichome.com\/sl\/wp-json\/wp\/v2\/types\/product"}],"replies":[{"embeddable":true,"href":"https:\/\/yournordichome.com\/sl\/wp-json\/wp\/v2\/comments?post=1784"}],"wp:featuredmedia":[{"embeddable":true,"href":"https:\/\/yournordichome.com\/sl\/wp-json\/wp\/v2\/media\/1737"}],"wp:attachment":[{"href":"https:\/\/yournordichome.com\/sl\/wp-json\/wp\/v2\/media?parent=1784"}],"wp:term":[{"taxonomy":"pwb-brand","embeddable":true,"href":"https:\/\/yournordichome.com\/sl\/wp-json\/wp\/v2\/pwb-brand?post=1784"},{"taxonomy":"product_brand","embeddable":true,"href":"https:\/\/yournordichome.com\/sl\/wp-json\/wp\/v2\/product_brand?post=1784"},{"taxonomy":"product_cat","embeddable":true,"href":"https:\/\/yournordichome.com\/sl\/wp-json\/wp\/v2\/product_cat?post=1784"},{"taxonomy":"product_tag","embeddable":true,"href":"https:\/\/yournordichome.com\/sl\/wp-json\/wp\/v2\/product_tag?post=1784"},{"taxonomy":"gyarto","embeddable":true,"href":"https:\/\/yournordichome.com\/sl\/wp-json\/wp\/v2\/gyarto?post=1784"}],"curies":[{"name":"wp","href":"https:\/\/api.w.org\/{rel}","templated":true}]}}