{"id":1782,"date":"2023-06-01T20:38:55","date_gmt":"2023-06-01T20:38:55","guid":{"rendered":"https:\/\/yournordichome.com\/product\/cotton-rug-150-x-210-cm\/"},"modified":"2025-08-01T17:11:45","modified_gmt":"2025-08-01T17:11:45","slug":"bombazna-preproga-150-x-210-cm","status":"publish","type":"product","link":"https:\/\/yournordichome.com\/sl\/product\/cotton-rug-150-x-210-cm\/","title":{"rendered":"Bomba\u017ena preproga 150 x 210 cm"},"content":{"rendered":"<p>Bomba\u017ena preproga s tkanim vzorcem v zemeljskih barvah in bogato teksturo. Dobro je videti v spalnici ob postelji, pred kav\u010dem, lahko pa jo uporabite tudi kot stensko preprogo. Zaradi drobnega tkanega vzorca je resni\u010dno edinstvena. Zelo udobna, \u010de se na njej v spalnici dvignete iz postelje.<\/p>\n<p>Dimenzije izdelka: L210x\u0160150 cm<br \/>\nBarva: Narava<br \/>\nMaterial: Material: 68% bomba\u017e, 23% juta, 9% poliester<br \/>\nBeljenje: Ne<br \/>\nBarvna obdelava: Barvana preja<br \/>\nSuho \u010di\u0161\u010denje: Ne .<br \/>\nSu\u0161enje: Ne<br \/>\nLikanje: Ne .<\/p>","protected":false},"excerpt":{"rendered":"<p>Tkana preproga iz bomba\u017ea, ki je odli\u010dna v spalnici, pod jedilno mizo, pred kav\u010dem ali kjer koli jo potrebujete.<\/p>","protected":false},"featured_media":1732,"comment_status":"closed","ping_status":"closed","template":"","meta":{"_acf_changed":false,"_kad_post_transparent":"default","_kad_post_title":"","_kad_post_layout":"default","_kad_post_sidebar_id":"","_kad_post_content_style":"default","_kad_post_vertical_padding":"default","_kad_post_feature":"","_kad_post_feature_position":"","_kad_post_header":false,"_kad_post_footer":false,"_kad_post_classname":""},"pwb-brand":[17],"product_brand":[],"product_cat":[88,65],"product_tag":[79,34,262,303],"gyarto":[],"class_list":{"0":"post-1782","1":"product","2":"type-product","3":"status-publish","4":"has-post-thumbnail","6":"pwb-brand-bloomingville","7":"product_cat-rug","8":"product_cat-rugs-and-textiles","9":"product_tag-cotton-rug","10":"product_tag-nordic-interior-design","11":"product_tag-runner-rug","12":"product_tag-wall-rug","13":"pa_colour-grey","14":"pa_colour-nature","15":"pa_material-cotton","16":"pa_material-jute","18":"first","19":"instock","20":"taxable","21":"shipping-taxable","22":"purchasable","23":"product-type-simple","24":"entry","25":"content-bg","26":"loop-entry"},"acf":[],"brands":[{"id":17,"name":"Bloomingville","slug":"bloomingville"}],"_links":{"self":[{"href":"https:\/\/yournordichome.com\/sl\/wp-json\/wp\/v2\/product\/1782","targetHints":{"allow":["GET"]}}],"collection":[{"href":"https:\/\/yournordichome.com\/sl\/wp-json\/wp\/v2\/product"}],"about":[{"href":"https:\/\/yournordichome.com\/sl\/wp-json\/wp\/v2\/types\/product"}],"replies":[{"embeddable":true,"href":"https:\/\/yournordichome.com\/sl\/wp-json\/wp\/v2\/comments?post=1782"}],"wp:featuredmedia":[{"embeddable":true,"href":"https:\/\/yournordichome.com\/sl\/wp-json\/wp\/v2\/media\/1732"}],"wp:attachment":[{"href":"https:\/\/yournordichome.com\/sl\/wp-json\/wp\/v2\/media?parent=1782"}],"wp:term":[{"taxonomy":"pwb-brand","embeddable":true,"href":"https:\/\/yournordichome.com\/sl\/wp-json\/wp\/v2\/pwb-brand?post=1782"},{"taxonomy":"product_brand","embeddable":true,"href":"https:\/\/yournordichome.com\/sl\/wp-json\/wp\/v2\/product_brand?post=1782"},{"taxonomy":"product_cat","embeddable":true,"href":"https:\/\/yournordichome.com\/sl\/wp-json\/wp\/v2\/product_cat?post=1782"},{"taxonomy":"product_tag","embeddable":true,"href":"https:\/\/yournordichome.com\/sl\/wp-json\/wp\/v2\/product_tag?post=1782"},{"taxonomy":"gyarto","embeddable":true,"href":"https:\/\/yournordichome.com\/sl\/wp-json\/wp\/v2\/gyarto?post=1782"}],"curies":[{"name":"wp","href":"https:\/\/api.w.org\/{rel}","templated":true}]}}