{"id":1775,"date":"2023-06-01T20:38:55","date_gmt":"2023-06-01T20:38:55","guid":{"rendered":"https:\/\/yournordichome.com\/product\/green-pendant-lamp-paper\/"},"modified":"2025-08-01T17:09:59","modified_gmt":"2025-08-01T17:09:59","slug":"zelena-viseca-svetilka-papir","status":"publish","type":"product","link":"https:\/\/yournordichome.com\/sl\/product\/green-pendant-lamp-paper\/","title":{"rendered":"Zelena vise\u010da svetilka papir"},"content":{"rendered":"<p>Obesna svetilka iz papirja v zeleni barvi. \u017de sama po sebi je odli\u010den dekorativni element, poleg tega pa je tudi prakti\u010dna. Odli\u010dno se prilega naravnim domovom, okra\u0161enim z zemeljskimi toni, hkrati pa ustvarja odli\u010dno kombinacijo z druga\u010dno barvno paleto.<\/p>\n<p>Dimenzije izdelka: D30xH40 cm<br \/>\nBarva: Zelena<br \/>\nMaterial: Material: papir, \u017eelezo<br \/>\nVelikost \u017earnice, tip: E27, LED ali var\u010dna (CFL).<br \/>\nMo\u010d \u017earnice: LED: 40W: \/ CFL: 5W: 14W<br \/>\n\u017darnica ni vklju\u010dena.<br \/>\nNavodila za nego: Obri\u0161ite z vla\u017eno krpo.<br \/>\nStropna skodelica: Ne<br \/>\nBarva vrvice: bela<br \/>\nDol\u017eina vrvice: 250 cm<br \/>\nMaterial vrvice: Tkanina:<br \/>\nPriklju\u010dki: Da:<br \/>\nUporaba na prostem: Ne<br \/>\nStikalo: Ne<\/p>","protected":false},"excerpt":{"rendered":"<p>Obesna svetilka preproste in elegantne oblike, izdelana iz zelenega papirja, ki ne ustvarja le sen\u010dila z organskimi zna\u010dilnostmi narave, temve\u010d tudi zanimivo igro svetlobe, ko je svetilka pri\u017egana.<\/p>","protected":false},"featured_media":1744,"comment_status":"closed","ping_status":"closed","template":"","meta":{"_acf_changed":false,"_kad_post_transparent":"default","_kad_post_title":"","_kad_post_layout":"default","_kad_post_sidebar_id":"","_kad_post_content_style":"default","_kad_post_vertical_padding":"default","_kad_post_feature":"","_kad_post_feature_position":"","_kad_post_header":false,"_kad_post_footer":false,"_kad_post_classname":""},"pwb-brand":[17],"product_brand":[],"product_cat":[72,114],"product_tag":[116,146,34],"gyarto":[],"class_list":{"0":"post-1775","1":"product","2":"type-product","3":"status-publish","4":"has-post-thumbnail","6":"pwb-brand-bloomingville","7":"product_cat-lamp","8":"product_cat-pendant-lamp","9":"product_tag-ceiling-lamp","10":"product_tag-ethno-style","11":"product_tag-nordic-interior-design","12":"pa_colour-green","13":"pa_material-paper","15":"first","16":"instock","17":"taxable","18":"shipping-taxable","19":"purchasable","20":"product-type-simple","21":"entry","22":"content-bg","23":"loop-entry"},"acf":[],"brands":[{"id":17,"name":"Bloomingville","slug":"bloomingville"}],"_links":{"self":[{"href":"https:\/\/yournordichome.com\/sl\/wp-json\/wp\/v2\/product\/1775","targetHints":{"allow":["GET"]}}],"collection":[{"href":"https:\/\/yournordichome.com\/sl\/wp-json\/wp\/v2\/product"}],"about":[{"href":"https:\/\/yournordichome.com\/sl\/wp-json\/wp\/v2\/types\/product"}],"replies":[{"embeddable":true,"href":"https:\/\/yournordichome.com\/sl\/wp-json\/wp\/v2\/comments?post=1775"}],"wp:featuredmedia":[{"embeddable":true,"href":"https:\/\/yournordichome.com\/sl\/wp-json\/wp\/v2\/media\/1744"}],"wp:attachment":[{"href":"https:\/\/yournordichome.com\/sl\/wp-json\/wp\/v2\/media?parent=1775"}],"wp:term":[{"taxonomy":"pwb-brand","embeddable":true,"href":"https:\/\/yournordichome.com\/sl\/wp-json\/wp\/v2\/pwb-brand?post=1775"},{"taxonomy":"product_brand","embeddable":true,"href":"https:\/\/yournordichome.com\/sl\/wp-json\/wp\/v2\/product_brand?post=1775"},{"taxonomy":"product_cat","embeddable":true,"href":"https:\/\/yournordichome.com\/sl\/wp-json\/wp\/v2\/product_cat?post=1775"},{"taxonomy":"product_tag","embeddable":true,"href":"https:\/\/yournordichome.com\/sl\/wp-json\/wp\/v2\/product_tag?post=1775"},{"taxonomy":"gyarto","embeddable":true,"href":"https:\/\/yournordichome.com\/sl\/wp-json\/wp\/v2\/gyarto?post=1775"}],"curies":[{"name":"wp","href":"https:\/\/api.w.org\/{rel}","templated":true}]}}