{"id":1680,"date":"2023-05-30T17:15:35","date_gmt":"2023-05-30T17:15:35","guid":{"rendered":"https:\/\/yournordichome.com\/product\/brown-glass-pendant-lamp\/"},"modified":"2025-11-28T15:11:22","modified_gmt":"2025-11-28T15:11:22","slug":"obesek-iz-rjavega-stekla","status":"publish","type":"product","link":"https:\/\/yournordichome.com\/sl\/product\/brown-glass-pendant-lamp\/","title":{"rendered":"Obesek iz rjavega stekla"},"content":{"rendered":"<p>Obesna svetilka iz rjavega stekla, ki dnevno sobo osvetljuje s prijetno svetlobo. Njena zlata obloga pove\u010duje njeno eleganco. \u010cisto nordijsko vzdu\u0161je.<\/p>\n<p>Dimenzije izdelka: D25,5xH23 cm<br \/>\nBarva: rjava<br \/>\nSestava: Steklo<br \/>\nVelikost \u017earnice: E27<br \/>\nVrsta \u017earnice: LED ali var\u010dna \u017earnica<br \/>\nMo\u010d \u017earnice: Najve\u010d 40 W.<br \/>\nBarva vrvice: \u010drna<br \/>\nDol\u017eina vrvice: 250 cm<br \/>\nMaterial vrvice: Tkanina:<br \/>\nUporaba na prostem: Ne<br \/>\nStikalo: Ne<\/p>","protected":false},"excerpt":{"rendered":"<p>Obesna svetilka iz stekla z minimalisti\u010dnim nordijskim pridihom.<\/p>","protected":false},"featured_media":1576,"comment_status":"closed","ping_status":"closed","template":"","meta":{"_acf_changed":false,"_kad_post_transparent":"default","_kad_post_title":"","_kad_post_layout":"default","_kad_post_sidebar_id":"","_kad_post_content_style":"default","_kad_post_vertical_padding":"default","_kad_post_feature":"","_kad_post_feature_position":"","_kad_post_header":false,"_kad_post_footer":false,"_kad_post_classname":""},"pwb-brand":[17],"product_brand":[],"product_cat":[72,114],"product_tag":[116,1109,1058,34,117],"gyarto":[],"class_list":{"0":"post-1680","1":"product","2":"type-product","3":"status-publish","4":"has-post-thumbnail","6":"pwb-brand-bloomingville","7":"product_cat-lamp","8":"product_cat-pendant-lamp","9":"product_tag-ceiling-lamp","10":"product_tag-last-item-in-stock","11":"product_tag-new-year-sale","12":"product_tag-nordic-interior-design","13":"product_tag-nordic-lamp","14":"pa_colour-brown","15":"pa_material-glass","17":"first","18":"instock","19":"taxable","20":"shipping-taxable","21":"purchasable","22":"product-type-simple","23":"entry","24":"content-bg","25":"loop-entry"},"acf":[],"brands":[{"id":17,"name":"Bloomingville","slug":"bloomingville"}],"_links":{"self":[{"href":"https:\/\/yournordichome.com\/sl\/wp-json\/wp\/v2\/product\/1680","targetHints":{"allow":["GET"]}}],"collection":[{"href":"https:\/\/yournordichome.com\/sl\/wp-json\/wp\/v2\/product"}],"about":[{"href":"https:\/\/yournordichome.com\/sl\/wp-json\/wp\/v2\/types\/product"}],"replies":[{"embeddable":true,"href":"https:\/\/yournordichome.com\/sl\/wp-json\/wp\/v2\/comments?post=1680"}],"wp:featuredmedia":[{"embeddable":true,"href":"https:\/\/yournordichome.com\/sl\/wp-json\/wp\/v2\/media\/1576"}],"wp:attachment":[{"href":"https:\/\/yournordichome.com\/sl\/wp-json\/wp\/v2\/media?parent=1680"}],"wp:term":[{"taxonomy":"pwb-brand","embeddable":true,"href":"https:\/\/yournordichome.com\/sl\/wp-json\/wp\/v2\/pwb-brand?post=1680"},{"taxonomy":"product_brand","embeddable":true,"href":"https:\/\/yournordichome.com\/sl\/wp-json\/wp\/v2\/product_brand?post=1680"},{"taxonomy":"product_cat","embeddable":true,"href":"https:\/\/yournordichome.com\/sl\/wp-json\/wp\/v2\/product_cat?post=1680"},{"taxonomy":"product_tag","embeddable":true,"href":"https:\/\/yournordichome.com\/sl\/wp-json\/wp\/v2\/product_tag?post=1680"},{"taxonomy":"gyarto","embeddable":true,"href":"https:\/\/yournordichome.com\/sl\/wp-json\/wp\/v2\/gyarto?post=1680"}],"curies":[{"name":"wp","href":"https:\/\/api.w.org\/{rel}","templated":true}]}}