{"id":1622,"date":"2023-05-30T16:15:12","date_gmt":"2023-05-30T16:15:12","guid":{"rendered":"https:\/\/yournordichome.com\/product\/white-glass-pendant-lamp\/"},"modified":"2025-08-07T15:25:52","modified_gmt":"2025-08-07T15:25:52","slug":"obesek-iz-belega-stekla","status":"publish","type":"product","link":"https:\/\/yournordichome.com\/sl\/product\/white-glass-pendant-lamp\/","title":{"rendered":"Bela steklena vise\u010da svetilka"},"content":{"rendered":"<p>Obesna svetilka iz belega stekla, ki zagotavlja toplo svetlobo. Odli\u010dna ideja je, da nad jedilno mizo postavite ve\u010d kot eno svetilko, ki bo osvetlila va\u0161e ve\u010dere.<\/p>\n<p>Dimenzije izdelka: D25xH34 cm<br \/>\nBarva: bela<br \/>\nSestava: Sestava: steklo, \u017eelezo<br \/>\nOdobreno CE: Da:<br \/>\nEnergijski razred \u017earnice: Vse<br \/>\nVklju\u010dena je \u017earnica: Ne<br \/>\nVelikost \u017earnice: E27<br \/>\nVrsta \u017earnice: LED ali var\u010dna (CFL)<br \/>\nMo\u010d \u017earnice: LED: 40W: W \/ CFL: W<br \/>\nNega in vzdr\u017eevanje: Obri\u0161ite z vla\u017eno krpo.<br \/>\nStropna skodelica: Da:<br \/>\nBarva vrvice: \u010drna<br \/>\nDol\u017eina vrvice: 250 cm<br \/>\nMaterial vrvice: Tkanina:<br \/>\nPriklju\u010dki: Da:<br \/>\nUporaba na prostem: Ne<br \/>\nVelikost sen\u010dnika cm: \u00df25xH30 cm<br \/>\nStikalo: Ne<\/p>","protected":false},"excerpt":{"rendered":"<p>Obesna svetilka z elegantnim dizajnom iz belega stekla in \u017eeleza.<\/p>","protected":false},"featured_media":1613,"comment_status":"closed","ping_status":"closed","template":"","meta":{"_acf_changed":false,"_kad_post_transparent":"default","_kad_post_title":"","_kad_post_layout":"default","_kad_post_sidebar_id":"","_kad_post_content_style":"default","_kad_post_vertical_padding":"default","_kad_post_feature":"","_kad_post_feature_position":"","_kad_post_header":false,"_kad_post_footer":false,"_kad_post_classname":""},"pwb-brand":[17],"product_brand":[],"product_cat":[72,114],"product_tag":[116,34,117],"gyarto":[],"class_list":{"0":"post-1622","1":"product","2":"type-product","3":"status-publish","4":"has-post-thumbnail","6":"pwb-brand-bloomingville","7":"product_cat-lamp","8":"product_cat-pendant-lamp","9":"product_tag-ceiling-lamp","10":"product_tag-nordic-interior-design","11":"product_tag-nordic-lamp","12":"pa_colour-white","13":"pa_material-glass","15":"first","16":"instock","17":"taxable","18":"shipping-taxable","19":"purchasable","20":"product-type-simple","21":"entry","22":"content-bg","23":"loop-entry"},"acf":[],"brands":[{"id":17,"name":"Bloomingville","slug":"bloomingville"}],"_links":{"self":[{"href":"https:\/\/yournordichome.com\/sl\/wp-json\/wp\/v2\/product\/1622","targetHints":{"allow":["GET"]}}],"collection":[{"href":"https:\/\/yournordichome.com\/sl\/wp-json\/wp\/v2\/product"}],"about":[{"href":"https:\/\/yournordichome.com\/sl\/wp-json\/wp\/v2\/types\/product"}],"replies":[{"embeddable":true,"href":"https:\/\/yournordichome.com\/sl\/wp-json\/wp\/v2\/comments?post=1622"}],"wp:featuredmedia":[{"embeddable":true,"href":"https:\/\/yournordichome.com\/sl\/wp-json\/wp\/v2\/media\/1613"}],"wp:attachment":[{"href":"https:\/\/yournordichome.com\/sl\/wp-json\/wp\/v2\/media?parent=1622"}],"wp:term":[{"taxonomy":"pwb-brand","embeddable":true,"href":"https:\/\/yournordichome.com\/sl\/wp-json\/wp\/v2\/pwb-brand?post=1622"},{"taxonomy":"product_brand","embeddable":true,"href":"https:\/\/yournordichome.com\/sl\/wp-json\/wp\/v2\/product_brand?post=1622"},{"taxonomy":"product_cat","embeddable":true,"href":"https:\/\/yournordichome.com\/sl\/wp-json\/wp\/v2\/product_cat?post=1622"},{"taxonomy":"product_tag","embeddable":true,"href":"https:\/\/yournordichome.com\/sl\/wp-json\/wp\/v2\/product_tag?post=1622"},{"taxonomy":"gyarto","embeddable":true,"href":"https:\/\/yournordichome.com\/sl\/wp-json\/wp\/v2\/gyarto?post=1622"}],"curies":[{"name":"wp","href":"https:\/\/api.w.org\/{rel}","templated":true}]}}