{"id":1282,"date":"2023-05-29T10:46:59","date_gmt":"2023-05-29T10:46:59","guid":{"rendered":"https:\/\/yournordichome.com\/product\/pendant-lamp-raffia\/"},"modified":"2025-08-01T17:25:22","modified_gmt":"2025-08-01T17:25:22","slug":"viseca-svetilka-rafija","status":"publish","type":"product","link":"https:\/\/yournordichome.com\/sl\/product\/pendant-lamp-raffia\/","title":{"rendered":"Obesna svetilka rafija"},"content":{"rendered":"<p>Obesna svetilka iz rafije v boemskem slogu. Ustvarja osrednjo to\u010dko prostora. Izdelana je ro\u010dno, kar pomeni, da lahko pride do odstopanj v barvi in obliki.<\/p>\n<p>Velikost<br \/>\nVi\u0161ina: 99 cm<br \/>\nPremer: 40 cm<br \/>\nMaterial: Rafija, kovina<br \/>\n\u017darnica: E27; 25W, LED: 3 - 5W, CFL: 7W.<br \/>\nBarva vrvice: bela<br \/>\nDol\u017eina vrvice: 250 cm<br \/>\nMaterial vrvice: Plastika<br \/>\nOkovje (samo stenske in stropne svetilke): Da<br \/>\nStikalo: Na kablu<br \/>\nUporaba na prostem: Ne<\/p>","protected":false},"excerpt":{"rendered":"<p>Obesna svetilka z naravnim dizajnom v boemskem slogu. Dolga vlakna rafije raztezajo tan\u010dico, zato je videti odli\u010dno tudi v ve\u010djih prostorih. Osvetlite svoj prostor s to \u010dudovito svetilko!<\/p>","protected":false},"featured_media":499,"comment_status":"closed","ping_status":"closed","template":"","meta":{"_acf_changed":false,"_kad_post_transparent":"default","_kad_post_title":"","_kad_post_layout":"default","_kad_post_sidebar_id":"","_kad_post_content_style":"default","_kad_post_vertical_padding":"default","_kad_post_feature":"","_kad_post_feature_position":"","_kad_post_header":false,"_kad_post_footer":false,"_kad_post_classname":""},"pwb-brand":[17],"product_brand":[],"product_cat":[72,114],"product_tag":[116,146,34,117],"gyarto":[],"class_list":{"0":"post-1282","1":"product","2":"type-product","3":"status-publish","4":"has-post-thumbnail","6":"pwb-brand-bloomingville","7":"product_cat-lamp","8":"product_cat-pendant-lamp","9":"product_tag-ceiling-lamp","10":"product_tag-ethno-style","11":"product_tag-nordic-interior-design","12":"product_tag-nordic-lamp","13":"pa_colour-nature","14":"pa_material-raffia","16":"first","17":"instock","18":"taxable","19":"shipping-taxable","20":"purchasable","21":"product-type-simple","22":"entry","23":"content-bg","24":"loop-entry"},"acf":[],"brands":[{"id":17,"name":"Bloomingville","slug":"bloomingville"}],"_links":{"self":[{"href":"https:\/\/yournordichome.com\/sl\/wp-json\/wp\/v2\/product\/1282","targetHints":{"allow":["GET"]}}],"collection":[{"href":"https:\/\/yournordichome.com\/sl\/wp-json\/wp\/v2\/product"}],"about":[{"href":"https:\/\/yournordichome.com\/sl\/wp-json\/wp\/v2\/types\/product"}],"replies":[{"embeddable":true,"href":"https:\/\/yournordichome.com\/sl\/wp-json\/wp\/v2\/comments?post=1282"}],"wp:featuredmedia":[{"embeddable":true,"href":"https:\/\/yournordichome.com\/sl\/wp-json\/wp\/v2\/media\/499"}],"wp:attachment":[{"href":"https:\/\/yournordichome.com\/sl\/wp-json\/wp\/v2\/media?parent=1282"}],"wp:term":[{"taxonomy":"pwb-brand","embeddable":true,"href":"https:\/\/yournordichome.com\/sl\/wp-json\/wp\/v2\/pwb-brand?post=1282"},{"taxonomy":"product_brand","embeddable":true,"href":"https:\/\/yournordichome.com\/sl\/wp-json\/wp\/v2\/product_brand?post=1282"},{"taxonomy":"product_cat","embeddable":true,"href":"https:\/\/yournordichome.com\/sl\/wp-json\/wp\/v2\/product_cat?post=1282"},{"taxonomy":"product_tag","embeddable":true,"href":"https:\/\/yournordichome.com\/sl\/wp-json\/wp\/v2\/product_tag?post=1282"},{"taxonomy":"gyarto","embeddable":true,"href":"https:\/\/yournordichome.com\/sl\/wp-json\/wp\/v2\/gyarto?post=1282"}],"curies":[{"name":"wp","href":"https:\/\/api.w.org\/{rel}","templated":true}]}}