{"id":1255,"date":"2023-05-29T09:57:03","date_gmt":"2023-05-29T09:57:03","guid":{"rendered":"https:\/\/yournordichome.com\/product\/lounge-chair-brown-leather\/"},"modified":"2025-08-01T17:28:56","modified_gmt":"2025-08-01T17:28:56","slug":"lounge-stol-rjavo-usnje","status":"publish","type":"product","link":"https:\/\/yournordichome.com\/sl\/product\/lounge-chair-brown-leather\/","title":{"rendered":"Lounge stol - rjavo usnje"},"content":{"rendered":"<p>Lounge stol iz tikovega lesa z usnjem. Stol je ro\u010dno izdelan. Mehke ukrivljene oblike zagotavljajo prijetno vzdu\u0161je.<\/p>\n<p>Tikovina je eden najdragocenej\u0161ih materialov za pohi\u0161tvo iz masivnega lesa. Njegova barva je \u010dudovita zlato rjava, ki se s\u010dasoma patinira v elegantno srebrno barvo. Ena njegovih najbolj\u0161ih lastnosti je, da je izjemno trpe\u017een in vodoodporen.<\/p>\n<p>Velikost<br \/>\nVi\u0161ina: 84 cm<br \/>\n\u0160irina: 60 cm<br \/>\nDol\u017eina: 55 cm<br \/>\nVi\u0161ina roke: 68 cm<br \/>\nGlobina sede\u017ea: 45 cm<br \/>\nVi\u0161ina sede\u017ea: 50 cm<br \/>\nMaterial: Material: tikov les, usnje<br \/>\nNavodila za nego: Obri\u0161ite z vla\u017eno krpo.<\/p>","protected":false},"excerpt":{"rendered":"<p>Lounge stol iz tikovine z usnjem, poseben kos pohi\u0161tva, ki spominja na velike klasike danskega oblikovanja.<\/p>","protected":false},"featured_media":1258,"comment_status":"closed","ping_status":"closed","template":"","meta":{"_acf_changed":false,"_kad_post_transparent":"default","_kad_post_title":"","_kad_post_layout":"default","_kad_post_sidebar_id":"","_kad_post_content_style":"default","_kad_post_vertical_padding":"default","_kad_post_feature":"","_kad_post_feature_position":"","_kad_post_header":false,"_kad_post_footer":false,"_kad_post_classname":""},"pwb-brand":[17],"product_brand":[],"product_cat":[152,223],"product_tag":[236,34],"gyarto":[],"class_list":{"0":"post-1255","1":"product","2":"type-product","3":"status-publish","4":"has-post-thumbnail","6":"pwb-brand-bloomingville","7":"product_cat-chair","8":"product_cat-dining-chair","9":"product_tag-leather-furniture","10":"product_tag-nordic-interior-design","11":"pa_colour-brown","12":"pa_colour-nature","13":"pa_material-leather","14":"pa_material-teak-wood","16":"first","17":"instock","18":"taxable","19":"shipping-taxable","20":"purchasable","21":"product-type-simple","22":"entry","23":"content-bg","24":"loop-entry"},"acf":[],"brands":[{"id":17,"name":"Bloomingville","slug":"bloomingville"}],"_links":{"self":[{"href":"https:\/\/yournordichome.com\/sl\/wp-json\/wp\/v2\/product\/1255","targetHints":{"allow":["GET"]}}],"collection":[{"href":"https:\/\/yournordichome.com\/sl\/wp-json\/wp\/v2\/product"}],"about":[{"href":"https:\/\/yournordichome.com\/sl\/wp-json\/wp\/v2\/types\/product"}],"replies":[{"embeddable":true,"href":"https:\/\/yournordichome.com\/sl\/wp-json\/wp\/v2\/comments?post=1255"}],"wp:featuredmedia":[{"embeddable":true,"href":"https:\/\/yournordichome.com\/sl\/wp-json\/wp\/v2\/media\/1258"}],"wp:attachment":[{"href":"https:\/\/yournordichome.com\/sl\/wp-json\/wp\/v2\/media?parent=1255"}],"wp:term":[{"taxonomy":"pwb-brand","embeddable":true,"href":"https:\/\/yournordichome.com\/sl\/wp-json\/wp\/v2\/pwb-brand?post=1255"},{"taxonomy":"product_brand","embeddable":true,"href":"https:\/\/yournordichome.com\/sl\/wp-json\/wp\/v2\/product_brand?post=1255"},{"taxonomy":"product_cat","embeddable":true,"href":"https:\/\/yournordichome.com\/sl\/wp-json\/wp\/v2\/product_cat?post=1255"},{"taxonomy":"product_tag","embeddable":true,"href":"https:\/\/yournordichome.com\/sl\/wp-json\/wp\/v2\/product_tag?post=1255"},{"taxonomy":"gyarto","embeddable":true,"href":"https:\/\/yournordichome.com\/sl\/wp-json\/wp\/v2\/gyarto?post=1255"}],"curies":[{"name":"wp","href":"https:\/\/api.w.org\/{rel}","templated":true}]}}