{"id":1210,"date":"2023-05-27T12:19:05","date_gmt":"2023-05-27T12:19:05","guid":{"rendered":"https:\/\/yournordichome.com\/product\/wool-rug-black-patterned-120-x-180-cm\/"},"modified":"2025-08-03T10:29:54","modified_gmt":"2025-08-03T10:29:54","slug":"volnena-preproga-s-crnim-vzorcem-120-x-180-cm","status":"publish","type":"product","link":"https:\/\/yournordichome.com\/sl\/product\/wool-rug-black-patterned-120-x-180-cm\/","title":{"rendered":"Volnena preproga s \u010drnim vzorcem 120 x 180 cm"},"content":{"rendered":"<p>Volnena preproga s podrobnim vzorcem, ki so jo izdelali izurjeni indijski tkalci preprog z dolgo tradicijo tehnik tkanja in izdelave.<\/p>\n<p>Dimenzije izdelka: L180x\u0160120 cm<br \/>\nBarva: \u010drna<br \/>\nSestava: 60% Volna, 40% Druga vlakna<br \/>\nBeljenje: Ne<br \/>\nBarvna obdelava: Barvana preja<br \/>\nSuho \u010di\u0161\u010denje: Ne .<br \/>\nSu\u0161enje: Ne<br \/>\nLikanje: Ne .<br \/>\nZaklju\u010dek izdelka: Tkanina:<br \/>\nNavodila za pranje: Samo sesanje in sprotno \u010di\u0161\u010denje.<\/p>","protected":false},"excerpt":{"rendered":"<p>Fina ro\u010dno tkana volnena preproga s \u010drno-naravnim vzorcem.<\/p>","protected":false},"featured_media":744,"comment_status":"closed","ping_status":"closed","template":"","meta":{"_acf_changed":false,"_kad_post_transparent":"default","_kad_post_title":"","_kad_post_layout":"default","_kad_post_sidebar_id":"","_kad_post_content_style":"default","_kad_post_vertical_padding":"default","_kad_post_feature":"","_kad_post_feature_position":"","_kad_post_header":false,"_kad_post_footer":false,"_kad_post_classname":""},"pwb-brand":[17],"product_brand":[],"product_cat":[88,65],"product_tag":[34,80,89],"gyarto":[],"class_list":{"0":"post-1210","1":"product","2":"type-product","3":"status-publish","4":"has-post-thumbnail","6":"pwb-brand-bloomingville","7":"product_cat-rug","8":"product_cat-rugs-and-textiles","9":"product_tag-nordic-interior-design","10":"product_tag-nordic-style-rug","11":"product_tag-wool-rug","12":"pa_colour-black","13":"pa_colour-nature","14":"pa_material-wool","16":"first","17":"instock","18":"taxable","19":"shipping-taxable","20":"purchasable","21":"product-type-simple","22":"entry","23":"content-bg","24":"loop-entry"},"acf":[],"brands":[{"id":17,"name":"Bloomingville","slug":"bloomingville"}],"_links":{"self":[{"href":"https:\/\/yournordichome.com\/sl\/wp-json\/wp\/v2\/product\/1210","targetHints":{"allow":["GET"]}}],"collection":[{"href":"https:\/\/yournordichome.com\/sl\/wp-json\/wp\/v2\/product"}],"about":[{"href":"https:\/\/yournordichome.com\/sl\/wp-json\/wp\/v2\/types\/product"}],"replies":[{"embeddable":true,"href":"https:\/\/yournordichome.com\/sl\/wp-json\/wp\/v2\/comments?post=1210"}],"wp:featuredmedia":[{"embeddable":true,"href":"https:\/\/yournordichome.com\/sl\/wp-json\/wp\/v2\/media\/744"}],"wp:attachment":[{"href":"https:\/\/yournordichome.com\/sl\/wp-json\/wp\/v2\/media?parent=1210"}],"wp:term":[{"taxonomy":"pwb-brand","embeddable":true,"href":"https:\/\/yournordichome.com\/sl\/wp-json\/wp\/v2\/pwb-brand?post=1210"},{"taxonomy":"product_brand","embeddable":true,"href":"https:\/\/yournordichome.com\/sl\/wp-json\/wp\/v2\/product_brand?post=1210"},{"taxonomy":"product_cat","embeddable":true,"href":"https:\/\/yournordichome.com\/sl\/wp-json\/wp\/v2\/product_cat?post=1210"},{"taxonomy":"product_tag","embeddable":true,"href":"https:\/\/yournordichome.com\/sl\/wp-json\/wp\/v2\/product_tag?post=1210"},{"taxonomy":"gyarto","embeddable":true,"href":"https:\/\/yournordichome.com\/sl\/wp-json\/wp\/v2\/gyarto?post=1210"}],"curies":[{"name":"wp","href":"https:\/\/api.w.org\/{rel}","templated":true}]}}