{"id":1208,"date":"2023-05-27T12:19:05","date_gmt":"2023-05-27T12:19:05","guid":{"rendered":"https:\/\/yournordichome.com\/product\/clothes-rack-black-metal\/"},"modified":"2026-01-30T16:32:35","modified_gmt":"2026-01-30T16:32:35","slug":"stojalo-za-oblacila-iz-crne-kovine","status":"publish","type":"product","link":"https:\/\/yournordichome.com\/sl\/product\/clothes-rack-black-metal\/","title":{"rendered":"Stojalo za obla\u010dila Black Metal"},"content":{"rendered":"<p>Kovinsko stojalo za obla\u010dila v \u010drni barvi z obe\u0161alnikom in polico za shranjevanje. Priporo\u010damo ga za hodnike v industrijskem in nordijskem slogu.<\/p>\n<p>Dimenzije izdelka: L90xH183xW40 cm<br \/>\nRazdalja med policami: 33 cm.<br \/>\nBarva: \u010drna<br \/>\nSestava: \u017delezo<br \/>\nNavodila za nego: Obri\u0161ite z vla\u017eno krpo.<br \/>\nNajve\u010dja nosilnost: 5 kg na polico<br \/>\nVklju\u010deno je stensko okovje: Ne<br \/>\nDobavljeno je nesestavljeno.<\/p>","protected":false},"excerpt":{"rendered":"<p>Ve\u010dnamenski obe\u0161alnik za obla\u010dila v celoti iz kovine. V vise\u010di del lahko polo\u017eite pla\u0161\u010de in jakne, na police pa \u010devlje, dodatke in \u0161ale.<\/p>","protected":false},"featured_media":246,"comment_status":"closed","ping_status":"closed","template":"","meta":{"_acf_changed":false,"_kad_post_transparent":"default","_kad_post_title":"","_kad_post_layout":"default","_kad_post_sidebar_id":"","_kad_post_content_style":"default","_kad_post_vertical_padding":"default","_kad_post_feature":"","_kad_post_feature_position":"","_kad_post_header":false,"_kad_post_footer":false,"_kad_post_classname":""},"pwb-brand":[17],"product_brand":[],"product_cat":[94,141],"product_tag":[178,177],"gyarto":[],"class_list":{"0":"post-1208","1":"product","2":"type-product","3":"status-publish","4":"has-post-thumbnail","6":"pwb-brand-bloomingville","7":"product_cat-furniture","8":"product_cat-shelving-unit","9":"product_tag-factory-style","10":"product_tag-industrial-style","11":"pa_colour-black","12":"pa_material-metal","14":"first","15":"instock","16":"taxable","17":"shipping-taxable","18":"purchasable","19":"product-type-simple","20":"entry","21":"content-bg","22":"loop-entry"},"acf":[],"brands":[{"id":17,"name":"Bloomingville","slug":"bloomingville"}],"_links":{"self":[{"href":"https:\/\/yournordichome.com\/sl\/wp-json\/wp\/v2\/product\/1208","targetHints":{"allow":["GET"]}}],"collection":[{"href":"https:\/\/yournordichome.com\/sl\/wp-json\/wp\/v2\/product"}],"about":[{"href":"https:\/\/yournordichome.com\/sl\/wp-json\/wp\/v2\/types\/product"}],"replies":[{"embeddable":true,"href":"https:\/\/yournordichome.com\/sl\/wp-json\/wp\/v2\/comments?post=1208"}],"wp:featuredmedia":[{"embeddable":true,"href":"https:\/\/yournordichome.com\/sl\/wp-json\/wp\/v2\/media\/246"}],"wp:attachment":[{"href":"https:\/\/yournordichome.com\/sl\/wp-json\/wp\/v2\/media?parent=1208"}],"wp:term":[{"taxonomy":"pwb-brand","embeddable":true,"href":"https:\/\/yournordichome.com\/sl\/wp-json\/wp\/v2\/pwb-brand?post=1208"},{"taxonomy":"product_brand","embeddable":true,"href":"https:\/\/yournordichome.com\/sl\/wp-json\/wp\/v2\/product_brand?post=1208"},{"taxonomy":"product_cat","embeddable":true,"href":"https:\/\/yournordichome.com\/sl\/wp-json\/wp\/v2\/product_cat?post=1208"},{"taxonomy":"product_tag","embeddable":true,"href":"https:\/\/yournordichome.com\/sl\/wp-json\/wp\/v2\/product_tag?post=1208"},{"taxonomy":"gyarto","embeddable":true,"href":"https:\/\/yournordichome.com\/sl\/wp-json\/wp\/v2\/gyarto?post=1208"}],"curies":[{"name":"wp","href":"https:\/\/api.w.org\/{rel}","templated":true}]}}