{"id":1185,"date":"2023-05-27T11:04:30","date_gmt":"2023-05-27T11:04:30","guid":{"rendered":"https:\/\/yournordichome.com\/product\/bronze-table-small-size\/"},"modified":"2025-12-01T00:19:07","modified_gmt":"2025-12-01T00:19:07","slug":"bronasta-miza-majhne-velikosti","status":"publish","type":"product","link":"https:\/\/yournordichome.com\/sl\/product\/bronze-table-small-size\/","title":{"rendered":"Bronasta miza - majhna velikost"},"content":{"rendered":"<p>Elegantna miza v bronasti barvi, ki se odli\u010dno dopolnjuje z vi\u0161jo mizo. Dve majhni mizici sta v kompletu zelo dobro videti druga ob drugi.<\/p>\n<p>Dimenzije izdelka: V60\/D30,5 cm<br \/>\nSestava: \u017delezo<br \/>\nBarva: anti\u010dna medenina<\/p>","protected":false},"excerpt":{"rendered":"<p>Eleg\u00e1ns bronzsz\u00edn\u00fb asztalka, amely remek kieg\u00e9sz\u00edt\u00f5je magasabb p\u00e1rj\u00e1nak. A k\u00e9t kisasztal szettben igaz\u00e1n j\u00f3l mutat egym\u00e1s mellett.<\/p>","protected":false},"featured_media":183,"comment_status":"closed","ping_status":"closed","template":"","meta":{"_acf_changed":false,"_kad_post_transparent":"default","_kad_post_title":"","_kad_post_layout":"default","_kad_post_sidebar_id":"","_kad_post_content_style":"default","_kad_post_vertical_padding":"default","_kad_post_feature":"","_kad_post_feature_position":"","_kad_post_header":false,"_kad_post_footer":false,"_kad_post_classname":""},"pwb-brand":[19],"product_brand":[],"product_cat":[341,157],"product_tag":[1109,34],"gyarto":[],"class_list":{"0":"post-1185","1":"product","2":"type-product","3":"status-publish","4":"has-post-thumbnail","6":"pwb-brand-chic-antique","7":"product_cat-side-table","8":"product_cat-table","9":"product_tag-last-item-in-stock","10":"product_tag-nordic-interior-design","11":"pa_colour-brass","12":"pa_material-metal","14":"first","15":"instock","16":"taxable","17":"shipping-taxable","18":"purchasable","19":"product-type-simple","20":"entry","21":"content-bg","22":"loop-entry"},"acf":[],"brands":[{"id":19,"name":"Chic Antique","slug":"elegantna-starinska"}],"_links":{"self":[{"href":"https:\/\/yournordichome.com\/sl\/wp-json\/wp\/v2\/product\/1185","targetHints":{"allow":["GET"]}}],"collection":[{"href":"https:\/\/yournordichome.com\/sl\/wp-json\/wp\/v2\/product"}],"about":[{"href":"https:\/\/yournordichome.com\/sl\/wp-json\/wp\/v2\/types\/product"}],"replies":[{"embeddable":true,"href":"https:\/\/yournordichome.com\/sl\/wp-json\/wp\/v2\/comments?post=1185"}],"wp:featuredmedia":[{"embeddable":true,"href":"https:\/\/yournordichome.com\/sl\/wp-json\/wp\/v2\/media\/183"}],"wp:attachment":[{"href":"https:\/\/yournordichome.com\/sl\/wp-json\/wp\/v2\/media?parent=1185"}],"wp:term":[{"taxonomy":"pwb-brand","embeddable":true,"href":"https:\/\/yournordichome.com\/sl\/wp-json\/wp\/v2\/pwb-brand?post=1185"},{"taxonomy":"product_brand","embeddable":true,"href":"https:\/\/yournordichome.com\/sl\/wp-json\/wp\/v2\/product_brand?post=1185"},{"taxonomy":"product_cat","embeddable":true,"href":"https:\/\/yournordichome.com\/sl\/wp-json\/wp\/v2\/product_cat?post=1185"},{"taxonomy":"product_tag","embeddable":true,"href":"https:\/\/yournordichome.com\/sl\/wp-json\/wp\/v2\/product_tag?post=1185"},{"taxonomy":"gyarto","embeddable":true,"href":"https:\/\/yournordichome.com\/sl\/wp-json\/wp\/v2\/gyarto?post=1185"}],"curies":[{"name":"wp","href":"https:\/\/api.w.org\/{rel}","templated":true}]}}