{"id":1182,"date":"2023-05-27T11:04:30","date_gmt":"2023-05-27T11:04:30","guid":{"rendered":"https:\/\/yournordichome.com\/product\/dining-chair-with-gray-textile\/"},"modified":"2025-08-03T10:31:54","modified_gmt":"2025-08-03T10:31:54","slug":"jedilni-stol-s-sivim-tekstilom","status":"publish","type":"product","link":"https:\/\/yournordichome.com\/sl\/product\/dining-chair-with-gray-textile\/","title":{"rendered":"Jedilni stol s sivim tekstilom"},"content":{"rendered":"<p>Jedilni stol s sivim tekstilom ima nizko naslonjalo, zato je primeren tako za jedilno mizo kot za dnevno sobo. Udoben oblazinjen sede\u017e z nasloni za roke iz trpe\u017enega tekstila (79.000 martindalov) ter \u017eelezno \u010drno podno\u017eje in noge.<\/p>\n<p>Dimenzije izdelka: L60xH76xW63 cm<br \/>\nVi\u0161ina roke: 66 cm<br \/>\nGlobina sede\u017ea cm.: 46<br \/>\nVi\u0161ina sede\u017ea cm.: 45<br \/>\nBarva: Siva<br \/>\nSestava: Sestava: poliester, vezan les, kovina<br \/>\nSestava tkanine: 95% poliester, 5% akril<br \/>\nTrajnost tkanine (Martindale): 79.000<br \/>\nNajve\u010dja nosilnost: 150 kg<br \/>\nDobavljeno je nesestavljeno.<\/p>","protected":false},"excerpt":{"rendered":"<p>Udoben jedilni stol s sivim oblazinjenjem in \u010drnimi kovinskimi nogami.<\/p>","protected":false},"featured_media":309,"comment_status":"closed","ping_status":"closed","template":"","meta":{"_acf_changed":false,"_kad_post_transparent":"default","_kad_post_title":"","_kad_post_layout":"default","_kad_post_sidebar_id":"","_kad_post_content_style":"default","_kad_post_vertical_padding":"default","_kad_post_feature":"","_kad_post_feature_position":"","_kad_post_header":false,"_kad_post_footer":false,"_kad_post_classname":""},"pwb-brand":[17],"product_brand":[],"product_cat":[152,223],"product_tag":[34],"gyarto":[],"class_list":{"0":"post-1182","1":"product","2":"type-product","3":"status-publish","4":"has-post-thumbnail","6":"pwb-brand-bloomingville","7":"product_cat-chair","8":"product_cat-dining-chair","9":"product_tag-nordic-interior-design","10":"pa_colour-grey","11":"pa_material-polyester","13":"first","14":"instock","15":"taxable","16":"shipping-taxable","17":"purchasable","18":"product-type-simple","19":"entry","20":"content-bg","21":"loop-entry"},"acf":[],"brands":[{"id":17,"name":"Bloomingville","slug":"bloomingville"}],"_links":{"self":[{"href":"https:\/\/yournordichome.com\/sl\/wp-json\/wp\/v2\/product\/1182","targetHints":{"allow":["GET"]}}],"collection":[{"href":"https:\/\/yournordichome.com\/sl\/wp-json\/wp\/v2\/product"}],"about":[{"href":"https:\/\/yournordichome.com\/sl\/wp-json\/wp\/v2\/types\/product"}],"replies":[{"embeddable":true,"href":"https:\/\/yournordichome.com\/sl\/wp-json\/wp\/v2\/comments?post=1182"}],"wp:featuredmedia":[{"embeddable":true,"href":"https:\/\/yournordichome.com\/sl\/wp-json\/wp\/v2\/media\/309"}],"wp:attachment":[{"href":"https:\/\/yournordichome.com\/sl\/wp-json\/wp\/v2\/media?parent=1182"}],"wp:term":[{"taxonomy":"pwb-brand","embeddable":true,"href":"https:\/\/yournordichome.com\/sl\/wp-json\/wp\/v2\/pwb-brand?post=1182"},{"taxonomy":"product_brand","embeddable":true,"href":"https:\/\/yournordichome.com\/sl\/wp-json\/wp\/v2\/product_brand?post=1182"},{"taxonomy":"product_cat","embeddable":true,"href":"https:\/\/yournordichome.com\/sl\/wp-json\/wp\/v2\/product_cat?post=1182"},{"taxonomy":"product_tag","embeddable":true,"href":"https:\/\/yournordichome.com\/sl\/wp-json\/wp\/v2\/product_tag?post=1182"},{"taxonomy":"gyarto","embeddable":true,"href":"https:\/\/yournordichome.com\/sl\/wp-json\/wp\/v2\/gyarto?post=1182"}],"curies":[{"name":"wp","href":"https:\/\/api.w.org\/{rel}","templated":true}]}}