{"id":1165,"date":"2023-05-27T11:04:21","date_gmt":"2023-05-27T11:04:21","guid":{"rendered":"https:\/\/yournordichome.com\/product\/plant-stand-on-wheels\/"},"modified":"2026-04-15T07:22:03","modified_gmt":"2026-04-15T07:22:03","slug":"stojalo-za-rastline-na-kolesih","status":"publish","type":"product","link":"https:\/\/yournordichome.com\/sl\/product\/plant-stand-on-wheels\/","title":{"rendered":"Stojalo za rastline na kolesih"},"content":{"rendered":"<p>Stojalo za ro\u017ee v starinskem slogu, s katerim lahko ustvarite odli\u010dno vzdu\u0161je.<\/p>\n<p>Dimenzije izdelka: V156,5x\u016083xG34 cm<br \/>\nSestava: sestava: \u017eelezo, jelkin les<\/p>","protected":false},"excerpt":{"rendered":"<p>Vintage stojalo za ro\u017ee z vozi\u010dki. Na 5 polic postavite rastline ali druge okraske in ustvarite \u010dudovito vzdu\u0161je. Zahvaljujo\u010d kolesom ga je mogo\u010de enostavno premikati.<\/p>","protected":false},"featured_media":517,"comment_status":"closed","ping_status":"closed","template":"","meta":{"_acf_changed":false,"_kad_post_transparent":"default","_kad_post_title":"","_kad_post_layout":"default","_kad_post_sidebar_id":"","_kad_post_content_style":"default","_kad_post_vertical_padding":"default","_kad_post_feature":"","_kad_post_feature_position":"","_kad_post_header":false,"_kad_post_footer":false,"_kad_post_classname":""},"pwb-brand":[19],"product_brand":[],"product_cat":[31,23],"product_tag":[34,98],"gyarto":[],"class_list":{"0":"post-1165","1":"product","2":"type-product","3":"status-publish","4":"has-post-thumbnail","6":"pwb-brand-chic-antique","7":"product_cat-flower-stand","8":"product_cat-home-decor","9":"product_tag-nordic-interior-design","10":"product_tag-vintage-style","11":"pa_colour-nature","12":"pa_material-pine-wood","13":"pa_material-wood","15":"first","16":"instock","17":"taxable","18":"shipping-taxable","19":"purchasable","20":"product-type-simple","21":"entry","22":"content-bg","23":"loop-entry"},"acf":[],"brands":[{"id":19,"name":"Chic Antique","slug":"elegantna-starinska"}],"_links":{"self":[{"href":"https:\/\/yournordichome.com\/sl\/wp-json\/wp\/v2\/product\/1165","targetHints":{"allow":["GET"]}}],"collection":[{"href":"https:\/\/yournordichome.com\/sl\/wp-json\/wp\/v2\/product"}],"about":[{"href":"https:\/\/yournordichome.com\/sl\/wp-json\/wp\/v2\/types\/product"}],"replies":[{"embeddable":true,"href":"https:\/\/yournordichome.com\/sl\/wp-json\/wp\/v2\/comments?post=1165"}],"wp:featuredmedia":[{"embeddable":true,"href":"https:\/\/yournordichome.com\/sl\/wp-json\/wp\/v2\/media\/517"}],"wp:attachment":[{"href":"https:\/\/yournordichome.com\/sl\/wp-json\/wp\/v2\/media?parent=1165"}],"wp:term":[{"taxonomy":"pwb-brand","embeddable":true,"href":"https:\/\/yournordichome.com\/sl\/wp-json\/wp\/v2\/pwb-brand?post=1165"},{"taxonomy":"product_brand","embeddable":true,"href":"https:\/\/yournordichome.com\/sl\/wp-json\/wp\/v2\/product_brand?post=1165"},{"taxonomy":"product_cat","embeddable":true,"href":"https:\/\/yournordichome.com\/sl\/wp-json\/wp\/v2\/product_cat?post=1165"},{"taxonomy":"product_tag","embeddable":true,"href":"https:\/\/yournordichome.com\/sl\/wp-json\/wp\/v2\/product_tag?post=1165"},{"taxonomy":"gyarto","embeddable":true,"href":"https:\/\/yournordichome.com\/sl\/wp-json\/wp\/v2\/gyarto?post=1165"}],"curies":[{"name":"wp","href":"https:\/\/api.w.org\/{rel}","templated":true}]}}