{"id":1161,"date":"2023-05-27T11:04:21","date_gmt":"2023-05-27T11:04:21","guid":{"rendered":"https:\/\/yournordichome.com\/product\/basket-with-lid-panda\/"},"modified":"2025-08-03T10:34:42","modified_gmt":"2025-08-03T10:34:42","slug":"kosara-s-pokrovom-panda","status":"publish","type":"product","link":"https:\/\/yournordichome.com\/sl\/product\/basket-with-lid-panda\/","title":{"rendered":"Ko\u0161ara s pokrovom Panda"},"content":{"rendered":"<p>Ko\u0161ara s pokrovom in vzorcem obraza pande je izdelana iz naravnega materiala vodne hiacinte. Je prakti\u010dna, saj absorbira veliko igra\u010d, je iz naravnega materiala, zato spodbuja trajnost. Zaradi o\u010darljivega obraza pande je poleg funkcionalnosti tudi okras in prijatelj.<\/p>\n<p>Dimenzije izdelka: D36xH42 cm<br \/>\nSestava: Vodna hijacinta<br \/>\nZaradi materialov lahko pride do odstopanj.<\/p>","protected":false},"excerpt":{"rendered":"<p>Ko\u0161ara za shranjevanje z vzorcem o\u010darljivega obraza pande za otro\u0161ko sobo. Z naravnim materialom iz vodne hiacinte in pravlji\u010dno obliko je \u010dudovit dodatek k otro\u0161ki sobi, poleg tega pa je tudi izjemno prakti\u010dna - sprejme veliko koli\u010dino igra\u010d.<\/p>","protected":false},"featured_media":82,"comment_status":"closed","ping_status":"closed","template":"","meta":{"_acf_changed":false,"_kad_post_transparent":"default","_kad_post_title":"","_kad_post_layout":"default","_kad_post_sidebar_id":"","_kad_post_content_style":"default","_kad_post_vertical_padding":"default","_kad_post_feature":"","_kad_post_feature_position":"","_kad_post_header":false,"_kad_post_footer":false,"_kad_post_classname":""},"pwb-brand":[17],"product_brand":[],"product_cat":[77,47],"product_tag":[148],"gyarto":[],"class_list":{"0":"post-1161","1":"product","2":"type-product","3":"status-publish","4":"has-post-thumbnail","6":"pwb-brand-bloomingville","7":"product_cat-childrens-furniture","8":"product_cat-kids","9":"product_tag-kids-room-storage","10":"pa_colour-black","11":"pa_colour-nature","12":"pa_material-water-hyacinth","14":"first","15":"instock","16":"taxable","17":"shipping-taxable","18":"purchasable","19":"product-type-simple","20":"entry","21":"content-bg","22":"loop-entry"},"acf":[],"brands":[{"id":17,"name":"Bloomingville","slug":"bloomingville"}],"_links":{"self":[{"href":"https:\/\/yournordichome.com\/sl\/wp-json\/wp\/v2\/product\/1161","targetHints":{"allow":["GET"]}}],"collection":[{"href":"https:\/\/yournordichome.com\/sl\/wp-json\/wp\/v2\/product"}],"about":[{"href":"https:\/\/yournordichome.com\/sl\/wp-json\/wp\/v2\/types\/product"}],"replies":[{"embeddable":true,"href":"https:\/\/yournordichome.com\/sl\/wp-json\/wp\/v2\/comments?post=1161"}],"wp:featuredmedia":[{"embeddable":true,"href":"https:\/\/yournordichome.com\/sl\/wp-json\/wp\/v2\/media\/82"}],"wp:attachment":[{"href":"https:\/\/yournordichome.com\/sl\/wp-json\/wp\/v2\/media?parent=1161"}],"wp:term":[{"taxonomy":"pwb-brand","embeddable":true,"href":"https:\/\/yournordichome.com\/sl\/wp-json\/wp\/v2\/pwb-brand?post=1161"},{"taxonomy":"product_brand","embeddable":true,"href":"https:\/\/yournordichome.com\/sl\/wp-json\/wp\/v2\/product_brand?post=1161"},{"taxonomy":"product_cat","embeddable":true,"href":"https:\/\/yournordichome.com\/sl\/wp-json\/wp\/v2\/product_cat?post=1161"},{"taxonomy":"product_tag","embeddable":true,"href":"https:\/\/yournordichome.com\/sl\/wp-json\/wp\/v2\/product_tag?post=1161"},{"taxonomy":"gyarto","embeddable":true,"href":"https:\/\/yournordichome.com\/sl\/wp-json\/wp\/v2\/gyarto?post=1161"}],"curies":[{"name":"wp","href":"https:\/\/api.w.org\/{rel}","templated":true}]}}