{"id":1140,"date":"2023-05-27T08:18:36","date_gmt":"2023-05-27T08:18:36","guid":{"rendered":"https:\/\/yournordichome.com\/product\/bench-mango-wood-black\/"},"modified":"2025-08-03T10:40:11","modified_gmt":"2025-08-03T10:40:11","slug":"klop-iz-mangovega-lesa-crna","status":"publish","type":"product","link":"https:\/\/yournordichome.com\/sl\/product\/bench-mango-wood-black\/","title":{"rendered":"Klop iz mangovega lesa \u010drna"},"content":{"rendered":"<p>Klop v \u010drni barvi iz mangovega lesa, dekorativni dodatek za nordijski dom. Odli\u010dna za skrivanje stvari, za katere ne \u017eelite, da so vidne v odprtem delu za shranjevanje. Na prostor za sedenje postavite blazine, da bo udoben in edinstven.<\/p>\n<p>Dimenzije izdelka: L102xH58xW40 cm<br \/>\nBarva: \u010drna<br \/>\nSestava: Sestava: mangov les, \u017eelezo<br \/>\nNavodila za nego: Obri\u0161ite z vla\u017eno krpo.<br \/>\nRazbijanje: Ne<br \/>\nNajve\u010dja nosilnost: 100 kg na vrhu in 110 kg na policah<br \/>\nDruge specifikacije: Pokrov z mehkim zapiranjem<br \/>\nUporaba na prostem: Ne<\/p>","protected":false},"excerpt":{"rendered":"<p>Stojalo z razli\u010dnimi mo\u017enostmi shranjevanja. Priporo\u010damo jo predvsem za hodnike.<\/p>","protected":false},"featured_media":109,"comment_status":"closed","ping_status":"closed","template":"","meta":{"_acf_changed":false,"_kad_post_transparent":"default","_kad_post_title":"","_kad_post_layout":"default","_kad_post_sidebar_id":"","_kad_post_content_style":"default","_kad_post_vertical_padding":"default","_kad_post_feature":"","_kad_post_feature_position":"","_kad_post_header":false,"_kad_post_footer":false,"_kad_post_classname":""},"pwb-brand":[17],"product_brand":[],"product_cat":[171,152],"product_tag":[205,206],"gyarto":[],"class_list":{"0":"post-1140","1":"product","2":"type-product","3":"status-publish","4":"has-post-thumbnail","6":"pwb-brand-bloomingville","7":"product_cat-bench","8":"product_cat-chair","9":"product_tag-mango-wood-furniture","10":"product_tag-nordic-furniture","11":"pa_colour-black","12":"pa_material-mango-wood","13":"pa_material-wood","15":"first","16":"instock","17":"taxable","18":"shipping-taxable","19":"purchasable","20":"product-type-simple","21":"entry","22":"content-bg","23":"loop-entry"},"acf":[],"brands":[{"id":17,"name":"Bloomingville","slug":"bloomingville"}],"_links":{"self":[{"href":"https:\/\/yournordichome.com\/sl\/wp-json\/wp\/v2\/product\/1140","targetHints":{"allow":["GET"]}}],"collection":[{"href":"https:\/\/yournordichome.com\/sl\/wp-json\/wp\/v2\/product"}],"about":[{"href":"https:\/\/yournordichome.com\/sl\/wp-json\/wp\/v2\/types\/product"}],"replies":[{"embeddable":true,"href":"https:\/\/yournordichome.com\/sl\/wp-json\/wp\/v2\/comments?post=1140"}],"wp:featuredmedia":[{"embeddable":true,"href":"https:\/\/yournordichome.com\/sl\/wp-json\/wp\/v2\/media\/109"}],"wp:attachment":[{"href":"https:\/\/yournordichome.com\/sl\/wp-json\/wp\/v2\/media?parent=1140"}],"wp:term":[{"taxonomy":"pwb-brand","embeddable":true,"href":"https:\/\/yournordichome.com\/sl\/wp-json\/wp\/v2\/pwb-brand?post=1140"},{"taxonomy":"product_brand","embeddable":true,"href":"https:\/\/yournordichome.com\/sl\/wp-json\/wp\/v2\/product_brand?post=1140"},{"taxonomy":"product_cat","embeddable":true,"href":"https:\/\/yournordichome.com\/sl\/wp-json\/wp\/v2\/product_cat?post=1140"},{"taxonomy":"product_tag","embeddable":true,"href":"https:\/\/yournordichome.com\/sl\/wp-json\/wp\/v2\/product_tag?post=1140"},{"taxonomy":"gyarto","embeddable":true,"href":"https:\/\/yournordichome.com\/sl\/wp-json\/wp\/v2\/gyarto?post=1140"}],"curies":[{"name":"wp","href":"https:\/\/api.w.org\/{rel}","templated":true}]}}