{"id":1138,"date":"2023-05-27T08:18:36","date_gmt":"2023-05-27T08:18:36","guid":{"rendered":"https:\/\/yournordichome.com\/product\/pouf-golden-brown\/"},"modified":"2025-08-03T10:37:49","modified_gmt":"2025-08-03T10:37:49","slug":"pouf-zlato-rjava","status":"publish","type":"product","link":"https:\/\/yournordichome.com\/sl\/product\/pouf-golden-brown\/","title":{"rendered":"Blazina zlatorjave barve"},"content":{"rendered":"<p>Puf zlato rjave barve in v obliki gobe. \u017damet je na dnu rahlo narebren, zato je \u0161e bolj eleganten. Uporabite ga lahko v predsobi ali dnevni sobi, saj zagotavlja udoben sede\u017e, odli\u010den pa je tudi kot podstavek za noge.<\/p>\n<p>Dimenzije izdelka: D44xH45 cm<br \/>\nSestava: Sestava: poliester, MDF<br \/>\nIme tkanine: \u017eamet<br \/>\nSestava tkanine: 100% poliester<br \/>\nTrajnost tkanine (Martindale): 40.000<br \/>\nNajve\u010dja nosilnost: 120 kg<\/p>","protected":false},"excerpt":{"rendered":"<p>Zlato rjav puf z \u017eametno prevleko. Je lahko eleganten dodatek k nordijski notranjosti.<\/p>","protected":false},"featured_media":524,"comment_status":"closed","ping_status":"closed","template":"","meta":{"_acf_changed":false,"_kad_post_transparent":"default","_kad_post_title":"","_kad_post_layout":"default","_kad_post_sidebar_id":"","_kad_post_content_style":"default","_kad_post_vertical_padding":"default","_kad_post_feature":"","_kad_post_feature_position":"","_kad_post_header":false,"_kad_post_footer":false,"_kad_post_classname":""},"pwb-brand":[17],"product_brand":[],"product_cat":[152,182],"product_tag":[34,125],"gyarto":[],"class_list":{"0":"post-1138","1":"product","2":"type-product","3":"status-publish","4":"has-post-thumbnail","6":"pwb-brand-bloomingville","7":"product_cat-chair","8":"product_cat-sitting-pouf","9":"product_tag-nordic-interior-design","10":"product_tag-nordic-living-room","11":"pa_colour-brown","12":"pa_colour-gold-coloured","13":"pa_material-velour","15":"first","16":"instock","17":"taxable","18":"shipping-taxable","19":"purchasable","20":"product-type-simple","21":"entry","22":"content-bg","23":"loop-entry"},"acf":[],"brands":[{"id":17,"name":"Bloomingville","slug":"bloomingville"}],"_links":{"self":[{"href":"https:\/\/yournordichome.com\/sl\/wp-json\/wp\/v2\/product\/1138","targetHints":{"allow":["GET"]}}],"collection":[{"href":"https:\/\/yournordichome.com\/sl\/wp-json\/wp\/v2\/product"}],"about":[{"href":"https:\/\/yournordichome.com\/sl\/wp-json\/wp\/v2\/types\/product"}],"replies":[{"embeddable":true,"href":"https:\/\/yournordichome.com\/sl\/wp-json\/wp\/v2\/comments?post=1138"}],"wp:featuredmedia":[{"embeddable":true,"href":"https:\/\/yournordichome.com\/sl\/wp-json\/wp\/v2\/media\/524"}],"wp:attachment":[{"href":"https:\/\/yournordichome.com\/sl\/wp-json\/wp\/v2\/media?parent=1138"}],"wp:term":[{"taxonomy":"pwb-brand","embeddable":true,"href":"https:\/\/yournordichome.com\/sl\/wp-json\/wp\/v2\/pwb-brand?post=1138"},{"taxonomy":"product_brand","embeddable":true,"href":"https:\/\/yournordichome.com\/sl\/wp-json\/wp\/v2\/product_brand?post=1138"},{"taxonomy":"product_cat","embeddable":true,"href":"https:\/\/yournordichome.com\/sl\/wp-json\/wp\/v2\/product_cat?post=1138"},{"taxonomy":"product_tag","embeddable":true,"href":"https:\/\/yournordichome.com\/sl\/wp-json\/wp\/v2\/product_tag?post=1138"},{"taxonomy":"gyarto","embeddable":true,"href":"https:\/\/yournordichome.com\/sl\/wp-json\/wp\/v2\/gyarto?post=1138"}],"curies":[{"name":"wp","href":"https:\/\/api.w.org\/{rel}","templated":true}]}}