{"id":1060,"date":"2023-05-21T16:18:39","date_gmt":"2023-05-21T16:18:39","guid":{"rendered":"https:\/\/yournordichome.com\/product\/bookshelf-for-childrens-room-giraffe\/"},"modified":"2025-08-03T11:07:52","modified_gmt":"2025-08-03T11:07:52","slug":"knjizna-polica-za-otrosko-sobo-zirafa","status":"publish","type":"product","link":"https:\/\/yournordichome.com\/sl\/product\/bookshelf-for-childrens-room-giraffe\/","title":{"rendered":"Knji\u017ena polica za otro\u0161ko sobo - \u017eirafa"},"content":{"rendered":"<p>Dimenzije izdelka: L66xH146xW27 cm<br \/>\nBarva: Narava<br \/>\nSestava: Sestava: trava Bankuan, ratan, \u017eelezo<br \/>\nNavodila za nego: Obri\u0161ite z vla\u017eno krpo.<br \/>\nRazdalja med policami cm: 16\/18\/28<br \/>\nRazbijanje: Ne<br \/>\nVklju\u010deno je stensko okovje: Ne<br \/>\nNajve\u010dja nosilnost: 0,5 kg na vsaki polici<br \/>\nZaradi materialov lahko pride do odstopanj.<\/p>","protected":false},"excerpt":{"rendered":"<p>O\u010darljiva knji\u017ena polica za otro\u0161ke sobe. Zaradi oblike \u017eirafe je resni\u010dno \u010dudovita. Naravni material ustvarja \u010dudovit u\u010dinek.<\/p>","protected":false},"featured_media":170,"comment_status":"closed","ping_status":"closed","template":"","meta":{"_acf_changed":false,"_kad_post_transparent":"default","_kad_post_title":"","_kad_post_layout":"default","_kad_post_sidebar_id":"","_kad_post_content_style":"default","_kad_post_vertical_padding":"default","_kad_post_feature":"","_kad_post_feature_position":"","_kad_post_header":false,"_kad_post_footer":false,"_kad_post_classname":""},"pwb-brand":[17],"product_brand":[],"product_cat":[77,47],"product_tag":[133,134],"gyarto":[],"class_list":{"0":"post-1060","1":"product","2":"type-product","3":"status-publish","4":"has-post-thumbnail","6":"pwb-brand-bloomingville","7":"product_cat-childrens-furniture","8":"product_cat-kids","9":"product_tag-bookcase","10":"product_tag-rattan-furniture","11":"pa_colour-nature","12":"pa_material-bankuan-grass","14":"first","15":"instock","16":"taxable","17":"shipping-taxable","18":"purchasable","19":"product-type-simple","20":"entry","21":"content-bg","22":"loop-entry"},"acf":[],"brands":[{"id":17,"name":"Bloomingville","slug":"bloomingville"}],"_links":{"self":[{"href":"https:\/\/yournordichome.com\/sl\/wp-json\/wp\/v2\/product\/1060","targetHints":{"allow":["GET"]}}],"collection":[{"href":"https:\/\/yournordichome.com\/sl\/wp-json\/wp\/v2\/product"}],"about":[{"href":"https:\/\/yournordichome.com\/sl\/wp-json\/wp\/v2\/types\/product"}],"replies":[{"embeddable":true,"href":"https:\/\/yournordichome.com\/sl\/wp-json\/wp\/v2\/comments?post=1060"}],"wp:featuredmedia":[{"embeddable":true,"href":"https:\/\/yournordichome.com\/sl\/wp-json\/wp\/v2\/media\/170"}],"wp:attachment":[{"href":"https:\/\/yournordichome.com\/sl\/wp-json\/wp\/v2\/media?parent=1060"}],"wp:term":[{"taxonomy":"pwb-brand","embeddable":true,"href":"https:\/\/yournordichome.com\/sl\/wp-json\/wp\/v2\/pwb-brand?post=1060"},{"taxonomy":"product_brand","embeddable":true,"href":"https:\/\/yournordichome.com\/sl\/wp-json\/wp\/v2\/product_brand?post=1060"},{"taxonomy":"product_cat","embeddable":true,"href":"https:\/\/yournordichome.com\/sl\/wp-json\/wp\/v2\/product_cat?post=1060"},{"taxonomy":"product_tag","embeddable":true,"href":"https:\/\/yournordichome.com\/sl\/wp-json\/wp\/v2\/product_tag?post=1060"},{"taxonomy":"gyarto","embeddable":true,"href":"https:\/\/yournordichome.com\/sl\/wp-json\/wp\/v2\/gyarto?post=1060"}],"curies":[{"name":"wp","href":"https:\/\/api.w.org\/{rel}","templated":true}]}}