{"id":912,"date":"2023-05-13T13:50:16","date_gmt":"2023-05-13T13:50:16","guid":{"rendered":"https:\/\/yournordichome.com\/?page_id=912"},"modified":"2023-10-14T11:16:50","modified_gmt":"2023-10-14T11:16:50","slug":"pogoji-in-dolocila","status":"publish","type":"page","link":"https:\/\/yournordichome.com\/sl\/terms-and-conditions\/","title":{"rendered":"Pogoji in dolo\u010dila"},"content":{"rendered":"<p>Splo\u0161ne in kontaktne informacije<\/p>\n<p>Na spletni strani Your Nordic Home (yournordichome.com) boste na\u0161li izdelke za dekoracijo doma. Spodaj so navedeni na\u0161i pogoji nakupa. Lahko se obrnete na nas:<\/p>\n<p>Peth\u0151 L\u00e1szl\u00f3n\u00e9 EV (DDV EU: HU57890364)<br \/>\ncontact@yournordichome.com<br \/>\nKikoto 2.<br \/>\n1212 Budimpe\u0161ta<br \/>\nMad\u017earska<br \/>\nTelefon: +36304340994<\/p>\n<p>1. Ravnanje z informacijami<\/p>\n<p>Informacije, ki jih posredujete na naslov https:\/\/yournordichome.com, bodo obravnavane skrbno in spo\u0161tljivo. Podjetje YourNordicHome bo osebne podatke uporabilo le pri obravnavi naro\u010dil, med po\u0161iljkami in dostavami ter za varna pla\u010dila. Vse informacije bodo obravnavane v skladu z na\u0161im pravilnikom o zasebnosti.<\/p>\n<p>2. Oddaja naro\u010dila<\/p>\n<p>Prikaz izdelkov in cen ni zavezujo\u010da ponudba, temve\u010d nezavezujo\u010d spletni katalog. Informacije na doma\u010di strani lahko spreminjamo in se lahko spremenijo brez predhodnega obvestila. Naro\u010dilo lahko oddate na na\u0161i doma\u010di strani tako, da izbrane izdelke dodate v nakupovalno ko\u0161arico. Med postopkom oddaje naro\u010dila boste morali izpolniti podatke, ki jih boste lahko spreminjali, dokler na strani za oddajo naro\u010dila ne kliknete gumba \"Oddaj naro\u010dilo\".<\/p>\n<p>Z naro\u010dilom na na\u0161em spletnem mestu nam ponujate nakup blaga, ki ste ga naro\u010dili na spletnem mestu. Va\u0161e naro\u010dilo bomo potrdili tako, da vam bomo poslali samodejno ustvarjeno potrditveno e-po\u0161tno sporo\u010dilo, ki bo vsebovalo informacije o naro\u010denih izdelkih, cenah, specifikacijah po\u0161iljanja ter podatke, ki ste jih izpolnili v postopku naro\u010danja. To elektronsko sporo\u010dilo natan\u010dno preberite in se prepri\u010dajte, da so vse informacije pravilne. \u010ce je pri\u0161lo do napake, se obrnite na na\u0161o slu\u017ebo za stranke contact@yournordichome.com. Pogodbeni jezik je angle\u0161\u010dina.<\/p>\n<p>3. Cene<\/p>\n<p>Veljajo cene, ki so ob naro\u010dilu prikazane na doma\u010di strani.<\/p>\n<p>Vse cene so v EUR in vklju\u010dujejo lokalni DDV (davek na dodano vrednost).<\/p>\n<p>Skupna cena vklju\u010duje ceno izdelkov in stro\u0161ke po\u0161iljanja, \u010de je to primerno. Skupna cena je vidna na strani za odjavo, preden potrdite naro\u010dilo, takoj ko izberete namembno dr\u017eavo.<\/p>\n<p>4. Pla\u010dilo<\/p>\n<p>V YourNordicHome sprejemamo ve\u010dino glavnih kreditnih kartic, Apple Pay, Google Pay. Na\u0161 partner pri upravljanju spletnih pla\u010dil je Stripe.<\/p>\n<p>Dru\u017eba Stripe Payments Europe Limited<br \/>\n1 Grand Canal Street Lower, Grand Canal Dock, Dublin, D02 H210, Irska<\/p>\n<p>5. Zavrnitev transakcije<\/p>\n<p>Da bi lahko pri nas kupili izdelke na tem spletnem mestu in sklenili pogodbo, morate:<\/p>\n<p>- biti star najmanj osemnajst let.<br \/>\n- Uporabite svoje pravo ime, telefonsko \u0161tevilko, e-po\u0161tni naslov in podatke o pla\u010dilu.<br \/>\n- Navedite naslov za po\u0161iljanje, ki ni po\u0161tni predal ali Poste restante.<br \/>\n- uporabite veljavno kreditno\/debetno kartico, ki je sprejemljiva za na\u0161ega ban\u010dnega partnerja, ali drug sprejemljiv na\u010din pla\u010dila.<\/p>\n<p>Va\u0161ega naro\u010dila ne moremo sprejeti, \u010de se zgodi kar koli od naslednjega:<\/p>\n<p>- \u010ce va\u0161 pla\u010dilni partner (Stripe) pla\u010dila ne sprejme.<br \/>\n- \u010ce ne moremo dostaviti izdelka iz razlogov, na katere nimamo vpliva - na primer, \u010de je dobavitelj prenehal dobavljati izdelek.<\/p>\n<p>6. Na\u010dini dostave in razpolo\u017eljivost<\/p>\n<p>Ponujamo dostavo z GLS. Za ve\u010d informacij preverite <a href=\"https:\/\/yournordichome.com\/sl\/informacije-o-posiljanju\/\">Informacije o dostavi<\/a>.<\/p>\n<p>Pri\u010dakovani \u010das dostave je naveden poleg informacij o izbranem izdelku. \u010ce ste naro\u010dili ve\u010d izdelkov in se \u010das dostave med posameznimi izdelki razlikuje, bomo blago dostavili skupaj, kar pomeni, da velja najpoznej\u0161i datum.<\/p>\n<p>Takoj po odpremi naro\u010dila boste po e-po\u0161ti prejeli potrditev odpreme in obvestilo o dostavi s \u0161tevilko za sledenje va\u0161ega paketa.<\/p>\n<p>Vsa naro\u010dila so odvisna od razpolo\u017eljivosti.<br \/>\nNa\u0161 cilj je, da vam va\u0161e naro\u010dilo dostavimo v najkraj\u0161em mo\u017enem \u010dasu. Vendar pa v primeru nepredvidenih okoli\u0161\u010din, na katere ne moremo vplivati (vklju\u010dno s tehni\u010dnimi okvarami, stavkami itd.), blaga morda ne bomo mogli dostaviti v obljubljenem roku.<\/p>\n<p>7. Dobavljamo v naslednje dr\u017eave<\/p>\n<p>Dr\u017eave Evropske unije: Avstrija, Belgija, Bolgarija, \u010ce\u0161ka, Danska, Estonija, Finska, Francija, Gr\u010dija, Hrva\u0161ka, Italija, Latvija, Litva, Luksemburg, Mad\u017earska, Nem\u010dija, Nizozemska, Poljska, Portugalska, Romunija, Slova\u0161ka, Slovenija, \u0160panija, \u0160vedska.<\/p>\n<p>8. Odgovornost za prevoz<\/p>\n<p>\u010ce so vam dostavljene po\u0161iljke z o\u010ditnimi po\u0161kodbami, se morate nemudoma prito\u017eiti prevoznemu podjetju in zavrniti sprejem po\u0161iljke. Skrite po\u0161kodbe je treba sporo\u010diti podjetju YourNordicHome (contact@yournordichome.com) najpozneje v petih dneh po prejemu po\u0161iljke. Na\u0161 predstavnik slu\u017ebe za pomo\u010d strankam vas bo nato obvestil o tem, kako ravnati v primeru prito\u017ebe.<\/p>\n<p>9. Nedostavljen paket<\/p>\n<p>V ve\u010dini dr\u017eav bo na\u0161 partner za po\u0161iljanje opravil vsaj dva poskusa dostave, preden nam bo paket poslal kot vrnjeno po\u0161iljko. \u010ce prevoznik paketa ni mogel dostaviti prejemniku in se nam paket vrne, ima YourNordicHome pravico, da vam zara\u010duna znesek 50 EUR za stro\u0161ke vra\u010dila in ravnanja.<\/p>\n<p>10. Prito\u017ebe<\/p>\n<p>\u010ce je pri\u0161lo do te\u017eav s po\u0161iljko, nam pi\u0161ite na contact@yournordichome.com. To vklju\u010duje te\u017eave, kot so po\u0161kodbe pri prevozu, okvarjeni izdelki ali kakor koli druga\u010de napa\u010dna naro\u010dila. \u010ce po\u0161iljka prispe v slabem stanju in izdelki v njej manjkajo ali so po\u0161kodovani, se morate prav tako prito\u017eiti dostavnemu podjetju, npr. podjetju GLS ali ustrezni lokalni dostavni slu\u017ebi, neposredno po odkritju te\u017eave.<\/p>\n<p>Upo\u0161tevajte, da za obravnavo va\u0161e prito\u017ebe vedno potrebujemo fotografski dokaz o po\u0161iljki in po\u0161kodovanih predmetih, ki nam jih po\u0161ljete po e-po\u0161ti. \u010ce vra\u010date izdelek, po dogovoru z enim od na\u0161ih predstavnikov slu\u017ebe za pomo\u010d strankam uporabite originalno embala\u017eo in povratno po\u0161iljko ozna\u010dite z \"VRA\u010cANJE\". Po\u0161iljko vrnite na naslov: Petho Laszlone, 1212 Budapest, Kikoto utca 2-8\/A, MAD\u017dARSKA.<\/p>\n<p>11. Pravila vra\u010danja\/pravica do preklica<\/p>\n<p>\u010ce z izdelki niste popolnoma zadovoljni, nam jih lahko vrnete. YourNordicHome je v skladu z Direktivo Evropske unije o elektronskem poslovanju. To pomeni, da lahko v 365 dneh odstopite od pogodbe, ne da bi nam navedli razlog.<\/p>\n<p>\u010ce izdelek vra\u010date, priporo\u010damo uporabo sledljive in zavarovane storitve po\u0161iljanja. To ni obvezno, vendar priporo\u010damo, da pri vra\u010dilu izdelka uporabite originalno embala\u017eo ali podobno, da se izognete po\u0161kodbam.<\/p>\n<p>Obdobje odpovedi se izte\u010de po 365 dneh od dneva, ko ste vi ali tretja oseba, ki ni prevoznik, pridobili fizi\u010dno posest zadnjega blaga.<\/p>\n<p>\u010ce \u017eelite uveljavljati pravico do odpovedi, nas morate obvestiti (contact@yournordichome.com, Petho Laszlone, 1212 Budapest, Kikoto utca 2-8\/A, HUNGARY) o svoji odlo\u010ditvi za odpoved te pogodbe tako, da nam po\u0161ljete jasno izjavo. To lahko storite po elektronski po\u0161ti.<\/p>\n<p>\u010ce izkoristite pravico do vra\u010dila izdelka, boste neposredne stro\u0161ke vra\u010dila blaga pla\u010dali vi. Da bi se izognili po\u0161kodbam pri prevozu, vrnjeno blago dobro zapakirajte. Blago morate poslati nazaj nemudoma, v vsakem primeru pa najpozneje v 14 dneh od dneva, ko ste nam sporo\u010dili, da odstopate od te pogodbe.<\/p>\n<p>Pravica do odstopa od pogodbe ne velja za naslednje vrste pogodb: Pogodbe o dobavi blaga, ki je izdelano po potro\u0161nikovih specifikacijah ali je jasno personalizirano.<\/p>\n<p>\u010ce odstopite od te pogodbe, vam bomo povrnili vsa pla\u010dila, ki smo jih prejeli od vas, vklju\u010dno s stro\u0161ki dostave. \u010ce kot vra\u010dilo po\u0161ljete le del naro\u010dila, stro\u0161kov dostave ne bomo povrnili.<\/p>\n<p>Povra\u010dilo lahko zadr\u017eimo, dokler ne prejmemo blaga nazaj. Od povra\u010dila lahko od\u0161tejemo izgubo vrednosti dobavljenega blaga, \u010de je izguba posledica nepotrebnega ravnanja z blagom, razen tistega, ki je potrebno za ugotovitev narave, zna\u010dilnosti in delovanja blaga.<\/p>\n<p>12. Odpoved z na\u0161e strani<\/p>\n<p>Pridr\u017eujemo si pravico, da prekli\u010demo pogodbo med nami, \u010de pride do enega od naslednjih scenarijev:<br \/>\n- \u010ce nimamo dovolj zalog in izdelka ne moremo ponovno naro\u010diti za dostavo.<br \/>\n- Za dostavo blaga smo prejeli nezadostne informacije.<br \/>\n- ste v postopku naro\u010danja navedli napa\u010dne podatke.<\/p>\n<p>13. Alternativno\/internetno re\u0161evanje sporov<\/p>\n<p>Evropska komisija je vzpostavila spletno platformo, ki bo potro\u0161nikom in trgovcem omogo\u010dila re\u0161evanje sporov z alternativnim ali spletnim re\u0161evanjem sporov (ADR\/ODR). Ta platforma bo pomagala pri izvensodnem re\u0161evanju sporov, da bi se spori re\u0161ili na cenej\u0161i, la\u017eji in hitrej\u0161i na\u010din. ODR deluje od 9. januarja 2016, potro\u0161nikom in trgovcem pa je na voljo na naslovu: https:\/\/ec.europa.eu\/consumers\/odr\/.<\/p>\n<p>14. Zakoni<\/p>\n<p>Pogoje te pogodbe ureja Direktiva EU o elektronskem poslovanju in so oblikovani v skladu z njo. Te pogoje lahko kadar koli spremenimo in posodobimo brez predhodnega obvestila. Za vsako naro\u010dilo veljajo pogoji, ki so bili na tem spletnem mestu objavljeni v \u010dasu naro\u010dila. Zadnja posodobitev: maj 2023.a<\/p>","protected":false},"excerpt":{"rendered":"<p>General and Contact Information At Your Nordic Home (yournordichome.com) you will find home decor products. Below you will find our conditions of purchase. You can contact us: Peth\u0151 L\u00e1szl\u00f3n\u00e9 EV (EU VAT: HU57890364) contact@yournordichome.com Kikoto 2. 1212 Budapest Hungary Tel: +36304340994 1. Handling of Information The information you submit to https:\/\/yournordichome.com will be handled with&#8230;<\/p>","protected":false},"author":2,"featured_media":0,"parent":0,"menu_order":0,"comment_status":"closed","ping_status":"closed","template":"","meta":{"_acf_changed":false,"_kad_post_transparent":"","_kad_post_title":"","_kad_post_layout":"","_kad_post_sidebar_id":"","_kad_post_content_style":"","_kad_post_vertical_padding":"","_kad_post_feature":"","_kad_post_feature_position":"","_kad_post_header":false,"_kad_post_footer":false,"_kad_post_classname":"","footnotes":""},"class_list":["post-912","page","type-page","status-publish","hentry"],"acf":[],"_links":{"self":[{"href":"https:\/\/yournordichome.com\/sl\/wp-json\/wp\/v2\/pages\/912","targetHints":{"allow":["GET"]}}],"collection":[{"href":"https:\/\/yournordichome.com\/sl\/wp-json\/wp\/v2\/pages"}],"about":[{"href":"https:\/\/yournordichome.com\/sl\/wp-json\/wp\/v2\/types\/page"}],"author":[{"embeddable":true,"href":"https:\/\/yournordichome.com\/sl\/wp-json\/wp\/v2\/users\/2"}],"replies":[{"embeddable":true,"href":"https:\/\/yournordichome.com\/sl\/wp-json\/wp\/v2\/comments?post=912"}],"version-history":[{"count":3,"href":"https:\/\/yournordichome.com\/sl\/wp-json\/wp\/v2\/pages\/912\/revisions"}],"predecessor-version":[{"id":3293,"href":"https:\/\/yournordichome.com\/sl\/wp-json\/wp\/v2\/pages\/912\/revisions\/3293"}],"wp:attachment":[{"href":"https:\/\/yournordichome.com\/sl\/wp-json\/wp\/v2\/media?parent=912"}],"curies":[{"name":"wp","href":"https:\/\/api.w.org\/{rel}","templated":true}]}}