{"id":3294,"date":"2023-10-14T12:22:54","date_gmt":"2023-10-14T12:22:54","guid":{"rendered":"https:\/\/yournordichome.com\/?page_id=3294"},"modified":"2023-10-14T12:22:54","modified_gmt":"2023-10-14T12:22:54","slug":"pravilnik-o-vracanju","status":"publish","type":"page","link":"https:\/\/yournordichome.com\/sl\/return-policy\/","title":{"rendered":"Politika vra\u010danja"},"content":{"rendered":"<p>\u010ce je pri\u0161lo do te\u017eav s po\u0161iljko, nam pi\u0161ite na contact@yournordichome.com. To vklju\u010duje te\u017eave, kot so po\u0161kodbe pri prevozu, okvarjeni izdelki ali kakor koli druga\u010de napa\u010dna naro\u010dila. \u010ce po\u0161iljka prispe v slabem stanju in izdelki v njej manjkajo ali so po\u0161kodovani, se morate prav tako prito\u017eiti dostavnemu podjetju, npr. podjetju GLS ali ustrezni lokalni dostavni slu\u017ebi, neposredno po odkritju te\u017eave.<\/p>\n<p>Upo\u0161tevajte, da za obravnavo va\u0161e prito\u017ebe vedno potrebujemo fotografski dokaz o po\u0161iljki in po\u0161kodovanih predmetih, ki nam jih po\u0161ljete po e-po\u0161ti. \u010ce vra\u010date izdelek, po dogovoru z enim od na\u0161ih predstavnikov slu\u017ebe za pomo\u010d strankam uporabite originalno embala\u017eo in povratno po\u0161iljko ozna\u010dite z \"VRA\u010cANJE\". Po\u0161iljko vrnite na naslov: Petho Laszlone, 1212 Budapest, Kikoto utca 2-8\/A, MAD\u017dARSKA.<\/p>\n<p>\u010ce z izdelki niste popolnoma zadovoljni, nam jih lahko vrnete. YourNordicHome je v skladu z Direktivo Evropske unije o elektronskem poslovanju. To pomeni, da lahko v 365 dneh odstopite od pogodbe, ne da bi nam navedli razlog.<\/p>\n<p>\u010ce izdelek vra\u010date, priporo\u010damo uporabo sledljive in zavarovane storitve po\u0161iljanja. To ni obvezno, vendar priporo\u010damo, da pri vra\u010dilu izdelka uporabite originalno embala\u017eo ali podobno, da se izognete po\u0161kodbam.<\/p>\n<p>Obdobje odpovedi se izte\u010de po 365 dneh od dneva, ko ste vi ali tretja oseba, ki ni prevoznik, pridobili fizi\u010dno posest zadnjega blaga.<\/p>\n<p>\u010ce \u017eelite uveljavljati pravico do odpovedi, nas morate obvestiti (contact@yournordichome.com, Petho Laszlone, 1212 Budapest, Kikoto utca 2-8\/A, HUNGARY) o svoji odlo\u010ditvi za odpoved te pogodbe tako, da nam po\u0161ljete jasno izjavo. To lahko storite po elektronski po\u0161ti.<\/p>\n<p>\u010ce izkoristite pravico do vra\u010dila izdelka, boste neposredne stro\u0161ke vra\u010dila blaga pla\u010dali vi. Da bi se izognili po\u0161kodbam pri prevozu, vrnjeno blago dobro zapakirajte. Blago morate poslati nazaj nemudoma, v vsakem primeru pa najpozneje v 14 dneh od dneva, ko ste nam sporo\u010dili, da odstopate od te pogodbe.<\/p>\n<p>Pravica do odstopa od pogodbe ne velja za naslednje vrste pogodb: Pogodbe o dobavi blaga, ki je izdelano po potro\u0161nikovih specifikacijah ali je jasno personalizirano.<\/p>\n<p>\u010ce odstopite od te pogodbe, vam bomo povrnili vsa pla\u010dila, ki smo jih prejeli od vas, vklju\u010dno s stro\u0161ki dostave. \u010ce kot vra\u010dilo po\u0161ljete le del naro\u010dila, stro\u0161kov dostave ne bomo povrnili.<\/p>\n<p>Povra\u010dilo lahko zadr\u017eimo, dokler ne prejmemo blaga nazaj. Od povra\u010dila lahko od\u0161tejemo izgubo vrednosti dobavljenega blaga, \u010de je izguba posledica nepotrebnega ravnanja z blagom, razen tistega, ki je potrebno za ugotovitev narave, zna\u010dilnosti in delovanja blaga.<\/p>","protected":false},"excerpt":{"rendered":"<p>If there was a problem with your shipment, please contact us at contact@yournordichome.com. This includes problems such as transportation damage, defective products, or in any other way incorrect orders. If the parcel arrives in bad condition and the products inside are missing or damaged, you will also need to make a complaint to the delivering&#8230;<\/p>","protected":false},"author":2,"featured_media":0,"parent":0,"menu_order":0,"comment_status":"closed","ping_status":"closed","template":"","meta":{"_acf_changed":false,"_kad_post_transparent":"","_kad_post_title":"","_kad_post_layout":"","_kad_post_sidebar_id":"","_kad_post_content_style":"","_kad_post_vertical_padding":"","_kad_post_feature":"","_kad_post_feature_position":"","_kad_post_header":false,"_kad_post_footer":false,"_kad_post_classname":"","footnotes":""},"class_list":["post-3294","page","type-page","status-publish","hentry"],"acf":[],"_links":{"self":[{"href":"https:\/\/yournordichome.com\/sl\/wp-json\/wp\/v2\/pages\/3294","targetHints":{"allow":["GET"]}}],"collection":[{"href":"https:\/\/yournordichome.com\/sl\/wp-json\/wp\/v2\/pages"}],"about":[{"href":"https:\/\/yournordichome.com\/sl\/wp-json\/wp\/v2\/types\/page"}],"author":[{"embeddable":true,"href":"https:\/\/yournordichome.com\/sl\/wp-json\/wp\/v2\/users\/2"}],"replies":[{"embeddable":true,"href":"https:\/\/yournordichome.com\/sl\/wp-json\/wp\/v2\/comments?post=3294"}],"version-history":[{"count":1,"href":"https:\/\/yournordichome.com\/sl\/wp-json\/wp\/v2\/pages\/3294\/revisions"}],"predecessor-version":[{"id":3295,"href":"https:\/\/yournordichome.com\/sl\/wp-json\/wp\/v2\/pages\/3294\/revisions\/3295"}],"wp:attachment":[{"href":"https:\/\/yournordichome.com\/sl\/wp-json\/wp\/v2\/media?parent=3294"}],"curies":[{"name":"wp","href":"https:\/\/api.w.org\/{rel}","templated":true}]}}