{"id":7821,"date":"2025-08-22T14:44:28","date_gmt":"2025-08-22T14:44:28","guid":{"rendered":"https:\/\/yournordichome.com\/product\/jute-rug-with-natural-pattern\/"},"modified":"2025-09-24T17:40:38","modified_gmt":"2025-09-24T17:40:38","slug":"covor-din-iuta-cu-model-natural","status":"publish","type":"product","link":"https:\/\/yournordichome.com\/ro\/product\/jute-rug-with-natural-pattern\/","title":{"rendered":"Covor din iut\u0103 cu model natural"},"content":{"rendered":"<p>Covorul din iut\u0103 cu model natural 120 x 180 cm de la Madam Stoltz este alegerea perfect\u0103 dac\u0103 sunte\u021bi \u00een c\u0103utarea unor decora\u021biuni pentru cas\u0103 elegante, dar naturale. Fabricat \u00een India din iut\u0103 100%, care este numit\u0103 \u0219i \u201cfirul de aur\u201d datorit\u0103 rezisten\u021bei \u0219i durabilit\u0103\u021bii sale. Culoarea natural\u0103 \u0219i alb-deschis a iutei confer\u0103 un aspect armonios oric\u0103rei \u00eenc\u0103peri, p\u0103str\u00e2nd \u00een acela\u0219i timp frumuse\u021bea uimitoare a materialelor naturale.<\/p>\n<p>Acest covor din iut\u0103 cu model natural de 120 x 180 cm a fost special conceput pentru a crea o atmosfer\u0103 calm\u0103 \u0219i prietenoas\u0103 \u00een casa dvs. Cu modelul s\u0103u unic, covorul aduce o atmosfer\u0103 sobr\u0103, dar plin\u0103 de caracter \u00een camera de zi, dormitor sau birou. Este durabil, extrem de rezistent \u0219i foarte u\u0219or de cur\u0103\u021bat: trebuie doar s\u0103 aspira\u021bi \u00een mod regulat \u0219i s\u0103 \u00eendep\u0103rta\u021bi petele cu o c\u00e2rp\u0103 umed\u0103, dac\u0103 este necesar. Fiind un produs realizat din iut\u0103, s-a n\u0103scut \u021bin\u00e2nd cont at\u00e2t de sensibilitatea fa\u021b\u0103 de mediu, c\u00e2t \u0219i de calitate - v\u0103 pute\u021bi bucura de el mul\u021bi ani f\u0103r\u0103 a-\u0219i pierde frumuse\u021bea.<\/p>\n<h2>Dimensiunile produsului<\/h2>\n<p>Dimensiunile produsului: 120 x 180 cm<br \/>\nMaterial: iut\u0103<br \/>\nCuloare: natural, alb \u00eenchis<br \/>\nInstruc\u021biuni de \u00eengrijire: Aspira\u021bi \u0219i cur\u0103\u021ba\u021bi la fa\u021ba locului cu o c\u00e2rp\u0103 umed\u0103<\/p>\n<h2>De ce s\u0103 alege\u021bi covorul din iut\u0103 cu model natural?<\/h2>\n<p>- 100% iut\u0103 natural\u0103: un material extrem de durabil, de lung\u0103 durat\u0103<br \/>\n- Alegere durabil\u0103, ecologic\u0103<br \/>\n- Model unic, natural \u0219i schem\u0103 de culori armonioas\u0103<br \/>\n- Calitate premium de la Madame Stoltz<br \/>\n- U\u0219or de cur\u0103\u021bat - sunt necesare doar aspirarea \u0219i cur\u0103\u021barea manual\u0103 a petelor<br \/>\n- Atmosfer\u0103 calm\u0103, curat\u0103 \u00een fiecare spa\u021biu<\/p>\n<h2>Unde arat\u0103 cel mai bine?<\/h2>\n<p>- \u00cen camera de zi, unde aduce confort \u0219i stil spa\u021biului<br \/>\n- \u00cen dormitor, ca o insul\u0103 de lini\u0219te<br \/>\n- \u00cen hol, crea\u021bi o prim\u0103 impresie despre casa dvs.<br \/>\n- \u00cen cadrul studiului, ca mediu de inspira\u021bie<br \/>\n- \u00centr-un interior scandinav, boho sau rustic<\/p>\n<p>Alege\u021bi covorul din iut\u0103 cu model natural cu dimensiunea de 120 x 180 cm dac\u0103 dori\u021bi textile de cas\u0103 elegante \u0219i ecologice realizate din materiale naturale!<\/p>","protected":false},"excerpt":{"rendered":"<p>Covorul din iut\u0103 cu model natural 120 x 180 cm, cu materialul s\u0103u natural \u0219i modelul curat, este un accesoriu confortabil \u0219i ecologic pentru orice interior.<\/p>","protected":false},"featured_media":7742,"comment_status":"closed","ping_status":"closed","template":"","meta":{"_acf_changed":false,"_kad_post_transparent":"default","_kad_post_title":"","_kad_post_layout":"default","_kad_post_sidebar_id":"","_kad_post_content_style":"default","_kad_post_vertical_padding":"default","_kad_post_feature":"","_kad_post_feature_position":"","_kad_post_header":false,"_kad_post_footer":false,"_kad_post_classname":""},"pwb-brand":[1102],"product_brand":[],"product_cat":[88,65],"product_tag":[1097,82,146,112,334,398,34,396],"gyarto":[1103],"class_list":{"0":"post-7821","1":"product","2":"type-product","3":"status-publish","4":"has-post-thumbnail","6":"pwb-brand-madam-stoltz","7":"product_cat-rug","8":"product_cat-rugs-and-textiles","9":"product_tag-autumn-winter-2025","10":"product_tag-carpet","11":"product_tag-ethno-style","12":"product_tag-jute-rug","13":"product_tag-new-arrivals","14":"product_tag-nordic-design","15":"product_tag-nordic-interior-design","16":"product_tag-nordic-style","17":"pa_colour-nature","18":"pa_material-jute","19":"gyarto-madam-stoltz","21":"first","22":"instock","23":"taxable","24":"shipping-taxable","25":"purchasable","26":"product-type-simple","27":"entry","28":"content-bg","29":"loop-entry"},"acf":[],"brands":[{"id":1102,"name":"Doamna Stoltz","slug":"doamna-stoltz"}],"_links":{"self":[{"href":"https:\/\/yournordichome.com\/ro\/wp-json\/wp\/v2\/product\/7821","targetHints":{"allow":["GET"]}}],"collection":[{"href":"https:\/\/yournordichome.com\/ro\/wp-json\/wp\/v2\/product"}],"about":[{"href":"https:\/\/yournordichome.com\/ro\/wp-json\/wp\/v2\/types\/product"}],"replies":[{"embeddable":true,"href":"https:\/\/yournordichome.com\/ro\/wp-json\/wp\/v2\/comments?post=7821"}],"wp:featuredmedia":[{"embeddable":true,"href":"https:\/\/yournordichome.com\/ro\/wp-json\/wp\/v2\/media\/7742"}],"wp:attachment":[{"href":"https:\/\/yournordichome.com\/ro\/wp-json\/wp\/v2\/media?parent=7821"}],"wp:term":[{"taxonomy":"pwb-brand","embeddable":true,"href":"https:\/\/yournordichome.com\/ro\/wp-json\/wp\/v2\/pwb-brand?post=7821"},{"taxonomy":"product_brand","embeddable":true,"href":"https:\/\/yournordichome.com\/ro\/wp-json\/wp\/v2\/product_brand?post=7821"},{"taxonomy":"product_cat","embeddable":true,"href":"https:\/\/yournordichome.com\/ro\/wp-json\/wp\/v2\/product_cat?post=7821"},{"taxonomy":"product_tag","embeddable":true,"href":"https:\/\/yournordichome.com\/ro\/wp-json\/wp\/v2\/product_tag?post=7821"},{"taxonomy":"gyarto","embeddable":true,"href":"https:\/\/yournordichome.com\/ro\/wp-json\/wp\/v2\/gyarto?post=7821"}],"curies":[{"name":"wp","href":"https:\/\/api.w.org\/{rel}","templated":true}]}}