{"id":7806,"date":"2025-08-22T14:43:40","date_gmt":"2025-08-22T14:43:40","guid":{"rendered":"https:\/\/yournordichome.com\/product\/round-cafe-table-recycled-wood\/"},"modified":"2025-11-07T12:03:22","modified_gmt":"2025-11-07T12:03:22","slug":"masa-rotunda-de-cafenea-din-lemn-reciclat","status":"publish","type":"product","link":"https:\/\/yournordichome.com\/ro\/product\/round-cafe-table-recycled-wood\/","title":{"rendered":"Mas\u0103 rotund\u0103 de cafenea din lemn reciclat"},"content":{"rendered":"<p>Masa lateral\u0103 rotund\u0103 Madam Stoltz din lemn recuperat este alegerea perfect\u0103 pentru cei care iubesc materialele sustenabile \u0219i naturale \u0219i doresc s\u0103 aduc\u0103 o atmosfer\u0103 special\u0103 \u00een casa lor. Aceast\u0103 mas\u0103 lateral\u0103 practic\u0103 poart\u0103 pove\u0219ti unice: lemnul folosit a f\u0103cut parte anterior dintr-o cl\u0103dire indian\u0103, astfel \u00eenc\u00e2t fisurile naturale, neregulile \u0219i diferen\u021bele de culoare sunt clar vizibile pe fiecare pies\u0103. Aceste tr\u0103s\u0103turi de caracter nu sunt defecte, ci confer\u0103 mesei laterale rotunde din mobilier din lemn recuperat farmecul s\u0103u real \u0219i garanteaz\u0103 c\u0103 nu exist\u0103 dou\u0103 mese exact la fel.<\/p>\n<p>Masa rotund\u0103, cu un diametru de 66 cm \u0219i o \u00een\u0103l\u021bime de 73 cm, este deosebit de potrivit\u0103 pentru utilizarea \u00een spa\u021bii mai mici, \u00eentre dou\u0103 fotolii, dar poate fi, de asemenea, un element decorativ impresionant \u00een camerele de zi mai mari. V\u0103 pute\u021bi depozita cartea preferat\u0103, cafeaua sau \u00eel pute\u021bi folosi pentru a pune \u00een valoare un buchet special de flori. Lemnul recuperat netratat ofer\u0103 un aspect natural \u0219i cald \u00een orice interior, radiind o adev\u0103rat\u0103 senza\u021bie premium. Este u\u0219or de cur\u0103\u021bat: poate fi tratat cu ap\u0103 \u0219i s\u0103pun u\u0219or, astfel \u00eenc\u00e2t poate fi utilizat chiar \u0219i \u00een gospod\u0103riile mai active.<\/p>\n<h2>Dimensiunile produsului<\/h2>\n<p>Dimensiunile produsului: D66xH73 cm<br \/>\nCuloare: Natural<br \/>\nMaterial: lemn reciclat: Lemn reciclat<br \/>\nMaterialele naturale \u0219i cele reutilizate vor varia \u00een form\u0103 \u0219i culoare.<\/p>\n<h2>De ce s\u0103 alege\u021bi masa rotund\u0103 de cafea din lemn reciclat?<\/h2>\n<p>- Alegere durabil\u0103: fabricat \u00een \u00eentregime din lemn reciclat<br \/>\n- Pies\u0103 unic\u0103, cu caracter: fiecare mas\u0103 este irepetabil\u0103<br \/>\n- Acesta sugereaz\u0103 un stil de via\u021b\u0103 premium, utilizarea materialelor naturale va lumina orice interior<br \/>\n- Dimensiuni practice: poate fi folosit at\u00e2t \u00een spa\u021bii mici, c\u00e2t \u0219i \u00een spa\u021bii mari<br \/>\n- O decizie ecologic\u0103 de care pute\u021bi fi m\u00e2ndru<\/p>\n<h2>Unde arat\u0103 cel mai bine?<\/h2>\n<p>- \u00centre dou\u0103 fotolii, \u00een col\u021burile mai mici ale camerei de zi<br \/>\n- \u00cen spa\u021bii spa\u021bioase, ca element decorativ de accent<br \/>\n- Col\u021b de lectur\u0103, bijuterie pentru dormitor sau hol<br \/>\n- \u00cen case \u00een stil modern, vintage sau boem<br \/>\n- Sub un buchet de flori, un ornament preferat sau c\u0103r\u021bi<\/p>\n<p>M\u0103su\u021ba rotund\u0103 din lemn reciclat combin\u0103 durabilitatea, unicitatea \u0219i designul elegant \u0219i natural caracteristic m\u0103rcii Madam Stoltz. Lua\u021bi acas\u0103 o bucat\u0103 din trecut \u0219i da\u021bi o nou\u0103 via\u021b\u0103 unei piese de mobilier cu adev\u0103rat speciale!<\/p>","protected":false},"excerpt":{"rendered":"<p>O m\u0103su\u021b\u0103 de cafea circular\u0103 realizat\u0103 din lemn recuperat din colec\u021bia premium Madam Stoltz. O pies\u0103 durabil\u0103, unic\u0103, care poate fi un punct focal special \u00een orice spa\u021biu.<\/p>","protected":false},"featured_media":7769,"comment_status":"closed","ping_status":"closed","template":"","meta":{"_acf_changed":false,"_kad_post_transparent":"default","_kad_post_title":"","_kad_post_layout":"default","_kad_post_sidebar_id":"","_kad_post_content_style":"default","_kad_post_vertical_padding":"default","_kad_post_feature":"","_kad_post_feature_position":"","_kad_post_header":false,"_kad_post_footer":false,"_kad_post_classname":""},"pwb-brand":[1102],"product_brand":[],"product_cat":[158,157],"product_tag":[1097,146,334,398,34,396,318,433],"gyarto":[1103],"class_list":{"0":"post-7806","1":"product","2":"type-product","3":"status-publish","4":"has-post-thumbnail","6":"pwb-brand-madam-stoltz","7":"product_cat-coffee-table","8":"product_cat-table","9":"product_tag-autumn-winter-2025","10":"product_tag-ethno-style","11":"product_tag-new-arrivals","12":"product_tag-nordic-design","13":"product_tag-nordic-interior-design","14":"product_tag-nordic-style","15":"product_tag-reclaimed-wood-furniture","16":"product_tag-round-coffee-table","17":"pa_colour-nature","18":"pa_material-reclaimed-wood","19":"gyarto-madam-stoltz","21":"first","22":"instock","23":"taxable","24":"shipping-taxable","25":"purchasable","26":"product-type-simple","27":"entry","28":"content-bg","29":"loop-entry"},"acf":[],"brands":[{"id":1102,"name":"Doamna Stoltz","slug":"doamna-stoltz"}],"_links":{"self":[{"href":"https:\/\/yournordichome.com\/ro\/wp-json\/wp\/v2\/product\/7806","targetHints":{"allow":["GET"]}}],"collection":[{"href":"https:\/\/yournordichome.com\/ro\/wp-json\/wp\/v2\/product"}],"about":[{"href":"https:\/\/yournordichome.com\/ro\/wp-json\/wp\/v2\/types\/product"}],"replies":[{"embeddable":true,"href":"https:\/\/yournordichome.com\/ro\/wp-json\/wp\/v2\/comments?post=7806"}],"wp:featuredmedia":[{"embeddable":true,"href":"https:\/\/yournordichome.com\/ro\/wp-json\/wp\/v2\/media\/7769"}],"wp:attachment":[{"href":"https:\/\/yournordichome.com\/ro\/wp-json\/wp\/v2\/media?parent=7806"}],"wp:term":[{"taxonomy":"pwb-brand","embeddable":true,"href":"https:\/\/yournordichome.com\/ro\/wp-json\/wp\/v2\/pwb-brand?post=7806"},{"taxonomy":"product_brand","embeddable":true,"href":"https:\/\/yournordichome.com\/ro\/wp-json\/wp\/v2\/product_brand?post=7806"},{"taxonomy":"product_cat","embeddable":true,"href":"https:\/\/yournordichome.com\/ro\/wp-json\/wp\/v2\/product_cat?post=7806"},{"taxonomy":"product_tag","embeddable":true,"href":"https:\/\/yournordichome.com\/ro\/wp-json\/wp\/v2\/product_tag?post=7806"},{"taxonomy":"gyarto","embeddable":true,"href":"https:\/\/yournordichome.com\/ro\/wp-json\/wp\/v2\/gyarto?post=7806"}],"curies":[{"name":"wp","href":"https:\/\/api.w.org\/{rel}","templated":true}]}}