{"id":7633,"date":"2025-08-08T09:35:54","date_gmt":"2025-08-08T09:35:54","guid":{"rendered":"https:\/\/yournordichome.com\/product\/ferdinand-bench-for-kids-room\/"},"modified":"2025-09-20T07:32:44","modified_gmt":"2025-09-20T07:32:44","slug":"banca-ferdinand-pentru-camera-copiilor","status":"publish","type":"product","link":"https:\/\/yournordichome.com\/ro\/product\/ferdinand-bench-for-kids-room\/","title":{"rendered":"Ferdinand Bench pentru camera copiilor"},"content":{"rendered":"<p>Banca pentru copii Ferdinand de la Bloomingville este o pies\u0103 unic\u0103, dar func\u021bional\u0103 pentru fiecare copil. Bancheta dr\u0103gu\u021b\u0103 \u00een form\u0103 de elefant este garantat\u0103 a fi o decora\u021biune \u00een camer\u0103, servind \u00een acela\u0219i timp \u0219i ca spa\u021biu practic de depozitare. Banca este fabricat\u0103 din MDF certificat FSC\u00ae \u0219i este realizat\u0103 \u021bin\u00e2nd cont de durabilitate, astfel \u00eenc\u00e2t pute\u021bi fi siguri c\u0103 sprijini\u021bi mediul \u00eenconjur\u0103tor prin alegerea dvs.<\/p>\n<p>Banca pentru copii Ferdinand are trei rafturi deschise pe lateral \u0219i un compartiment de depozitare ascuns sub scaun, astfel \u00eenc\u00e2t juc\u0103riile, c\u0103r\u021bile sau chiar p\u0103turile pot fi depozitate cu u\u0219urin\u021b\u0103. Banca are 32 cm \u00een\u0103l\u021bime, 110 cm l\u0103\u021bime \u0219i 36 cm ad\u00e2ncime, ceea ce o face de dimensiunea ideal\u0103 pentru un scaun pentru copii, oferind \u00een acela\u0219i timp o capacitate suficient\u0103 de depozitare. Forma sa vesel\u0103 creeaz\u0103 o atmosfer\u0103 juc\u0103u\u0219\u0103, iar designul s\u0103u se potrive\u0219te perfect \u00een interioarele moderne, scandinave, ale camerelor pentru copii.<\/p>\n<h2>Dimensiunile produsului<\/h2>\n<p>Dimensiunile produsului: L110xH32xW36 cm<br \/>\nMaterial produs: 100% FSC\u00ae MDF<\/p>\n<h2>De ce s\u0103 alege\u021bi Ferdinand Bench pentru camera copiilor?<\/h2>\n<p>- Designul unic al elefantului aduce distrac\u021bie \u00een camera copiilor.<br \/>\n- Func\u021bional: are rafturi \u0219i spa\u021biu de depozitare \u00eencorporat sub scaun.<br \/>\n- Calitate premium: fabricat din MDF rezistent, certificat FSC\u00ae.<br \/>\n- U\u0219or de cur\u0103\u021bat, durabil \u0219i sigur.<br \/>\n- Dezvolt\u0103 abilit\u0103\u021bile de organizare ale copiilor.<\/p>\n<h2>Unde arat\u0103 cel mai bine?<\/h2>\n<p>- \u00cen camera copiilor, ca scaun pentru col\u021bul de lectur\u0103 sau col\u021bul de joac\u0103.<br \/>\n- \u00centr-un hol, unde cei mici se pot a\u0219eza pentru a-\u0219i scoate pantofii \u0219i a-i pune \u00een depozitul inferior.<br \/>\n- \u00centr-o camer\u0103 de joac\u0103, pentru depozitarea ordonat\u0103 a c\u0103r\u021bilor, juc\u0103riilor sau animalelor de plu\u0219.<\/p>\n<p>Banca pentru camera copiilor Ferdinand este alegerea perfect\u0103 pentru orice camer\u0103 modern\u0103 pentru copii sau camer\u0103 de joac\u0103. Cu stilul s\u0103u curat, utilizarea de materiale de calitate \u0219i forma adorabil\u0103, este garantat c\u0103 va deveni favorita familiei. Lua\u021bi acas\u0103 aceast\u0103 banc\u0103 practic\u0103 \u0219i decorativ\u0103 pentru a face camera copilului dvs. \u0219i mai confortabil\u0103 \u0219i mai ordonat\u0103!<\/p>","protected":false},"excerpt":{"rendered":"<p>Banca pentru copii Ferdinand, cu adorabila sa form\u0103 de elefant \u0219i depozitare practic\u0103, ofer\u0103 o solu\u021bie vesel\u0103 \u0219i primitoare pentru camera oric\u0103rui copil. Fabricat\u0103 din MDF FSC\u00ae de \u00eenalt\u0103 calitate.<\/p>","protected":false},"featured_media":7566,"comment_status":"closed","ping_status":"closed","template":"","meta":{"_acf_changed":false,"_kad_post_transparent":"default","_kad_post_title":"","_kad_post_layout":"default","_kad_post_sidebar_id":"","_kad_post_content_style":"default","_kad_post_vertical_padding":"default","_kad_post_feature":"","_kad_post_feature_position":"","_kad_post_header":false,"_kad_post_footer":false,"_kad_post_classname":""},"pwb-brand":[17],"product_brand":[],"product_cat":[77,47],"product_tag":[1097,334,398,206,397,396],"gyarto":[],"class_list":{"0":"post-7633","1":"product","2":"type-product","3":"status-publish","4":"has-post-thumbnail","6":"pwb-brand-bloomingville","7":"product_cat-childrens-furniture","8":"product_cat-kids","9":"product_tag-autumn-winter-2025","10":"product_tag-new-arrivals","11":"product_tag-nordic-design","12":"product_tag-nordic-furniture","13":"product_tag-nordic-home","14":"product_tag-nordic-style","15":"pa_colour-grey","16":"pa_material-mdf","18":"first","19":"instock","20":"taxable","21":"shipping-taxable","22":"purchasable","23":"product-type-simple","24":"entry","25":"content-bg","26":"loop-entry"},"acf":[],"brands":[{"id":17,"name":"Bloomingville","slug":"bloomingville"}],"_links":{"self":[{"href":"https:\/\/yournordichome.com\/ro\/wp-json\/wp\/v2\/product\/7633","targetHints":{"allow":["GET"]}}],"collection":[{"href":"https:\/\/yournordichome.com\/ro\/wp-json\/wp\/v2\/product"}],"about":[{"href":"https:\/\/yournordichome.com\/ro\/wp-json\/wp\/v2\/types\/product"}],"replies":[{"embeddable":true,"href":"https:\/\/yournordichome.com\/ro\/wp-json\/wp\/v2\/comments?post=7633"}],"wp:featuredmedia":[{"embeddable":true,"href":"https:\/\/yournordichome.com\/ro\/wp-json\/wp\/v2\/media\/7566"}],"wp:attachment":[{"href":"https:\/\/yournordichome.com\/ro\/wp-json\/wp\/v2\/media?parent=7633"}],"wp:term":[{"taxonomy":"pwb-brand","embeddable":true,"href":"https:\/\/yournordichome.com\/ro\/wp-json\/wp\/v2\/pwb-brand?post=7633"},{"taxonomy":"product_brand","embeddable":true,"href":"https:\/\/yournordichome.com\/ro\/wp-json\/wp\/v2\/product_brand?post=7633"},{"taxonomy":"product_cat","embeddable":true,"href":"https:\/\/yournordichome.com\/ro\/wp-json\/wp\/v2\/product_cat?post=7633"},{"taxonomy":"product_tag","embeddable":true,"href":"https:\/\/yournordichome.com\/ro\/wp-json\/wp\/v2\/product_tag?post=7633"},{"taxonomy":"gyarto","embeddable":true,"href":"https:\/\/yournordichome.com\/ro\/wp-json\/wp\/v2\/gyarto?post=7633"}],"curies":[{"name":"wp","href":"https:\/\/api.w.org\/{rel}","templated":true}]}}