{"id":7046,"date":"2025-02-28T15:23:13","date_gmt":"2025-02-28T15:23:13","guid":{"rendered":"https:\/\/yournordichome.com\/product\/grimaud-shelving-unit-2\/"},"modified":"2026-01-30T17:09:46","modified_gmt":"2026-01-30T17:09:46","slug":"rafturi-grimaud-2","status":"publish","type":"product","link":"https:\/\/yournordichome.com\/ro\/product\/grimaud-shelving-unit-2\/","title":{"rendered":"Rafturi Grimaud"},"content":{"rendered":"<p>Raft de perete Grimaud de la Chic Antique, realizat din lemn recuperat. Piesele din colec\u021bie dau o nou\u0103 via\u021b\u0103 materialelor din lemn masiv g\u0103site, care creeaz\u0103 o atmosfer\u0103 unic\u0103 prin naturale\u021bea lor uimitoare.<\/p>\n<p>Pe acest raft de perete vintage v\u0103 pute\u021bi expune frumos obiectele decorative preferate sau c\u0103nile din buc\u0103t\u0103rie, \u00een timp ce \u00een sertarul s\u0103u pute\u021bi ascunde lucruri mai mici.<\/p>\n<p>Raftul de perete Grimaud de la Chic Antique este o pies\u0103 cu adev\u0103rat special\u0103, care aduce \u00een casa dumneavoastr\u0103 frumuse\u021bea natural\u0103 a lemnului masiv reciclat \u0219i elegan\u021ba atemporal\u0103 a stilului vintage. Textura unic\u0103 a lemnului \u0219i micile imperfec\u021biuni fac ca fiecare pies\u0103 s\u0103 fie unic\u0103 \u0219i irepetabil\u0103, cre\u00e2nd \u00een acela\u0219i timp o atmosfer\u0103 cald\u0103 \u0219i familiar\u0103 \u00een spa\u021biu.<\/p>\n<p>Datorit\u0103 designului s\u0103u practic, raftul are dou\u0103 compartimente deschise \u0219i un sertar mic, ceea ce \u00eel face ideal pentru depozitarea obiectelor mai mici \u0219i eviden\u021bierea elementelor decorative. Este alegerea perfect\u0103 dac\u0103 sunte\u021bi \u00een c\u0103utarea unei piese de mobilier elegante \u0219i func\u021bionale, care ofer\u0103 combina\u021bia perfect\u0103 de sustenabilitate \u0219i estetic\u0103.<\/p>\n<p>De ce s\u0103 alege\u021bi acest raft de perete Grimaud?<\/p>\n<p>\u2714 Lemn masiv reciclat - o solu\u021bie durabil\u0103 care aduce texturi unice \u0219i frumuse\u021be natural\u0103 spa\u021biului dumneavoastr\u0103.<br \/>\n\u2714 Dou\u0103 rafturi deschise \u0219i un sertar - un design practic pentru a combina depozitarea \u0219i decorarea.<br \/>\n\u2714 Stilul vintage - creeaz\u0103 o atmosfer\u0103 unic\u0103 care face orice interior confortabil \u0219i confortabil.<br \/>\n\u2714 Calitate premium Chic Antique - design danez care combin\u0103 func\u021bionalitatea cu estetica curat\u0103.<br \/>\n\u2714 Compact \u0219i versatil - ideal pentru spa\u021bii mai mici, unde este nevoie de o solu\u021bie de depozitare elegant\u0103.<\/p>\n<p>Unde arat\u0103 cel mai bine?<\/p>\n<p>\u00cen buc\u0103t\u0103rie - pentru depozitarea c\u0103nilor, condimentelor \u0219i a altor accesorii de buc\u0103t\u0103rie.<br \/>\n\u00cen camera de zi - ca element decorativ pentru a plasa lum\u00e2n\u0103ri, ornamente mici sau c\u0103r\u021bi.<br \/>\n\u00cen hol - un loc practic pentru chei, scrisori \u0219i alte obiecte mici.<br \/>\n\u00cen baie - pentru depozitarea elegant\u0103 a cosmeticelor \u0219i a articolelor de toalet\u0103.<\/p>\n<p>Colec\u021bia Grimaud este o selec\u021bie de piese unice - artefacte vechi \u0219i articole realizate din lemn reciclat, frumos patinat. \u0218i ajut\u0103 la ad\u0103ugarea de c\u0103ldur\u0103, suflet \u0219i istorie unei locuin\u021be.<\/p>\n<p>Colec\u021bia include piese de decor frumoase, precum \u0219i mobilier. Toate Grimaud au \u00een comun urmele unei vie\u021bi \u0219i ale unui scop anterioare.<\/p>\n<p>A da o nou\u0103 via\u021b\u0103 vechilor comori este filozofia din spatele funda\u021biei Chic Antique, iar colec\u021bia Grimaud este \u00eentruchiparea acestui lucru.<\/p>\n<p>V\u0103 rug\u0103m s\u0103 re\u021bine\u021bi c\u0103 toate piesele Grimaud sunt unice \u0219i nu exist\u0103 dou\u0103 la fel. Acest lucru \u00eenseamn\u0103 c\u0103 ele pot varia \u00een ceea ce prive\u0219te forma, dimensiunea \u0219i tipul de lemn.<\/p>\n<p>Crea\u021bi o atmosfer\u0103 unic\u0103, natural\u0103 \u00een casa dvs. cu raftul de perete Grimaud, care este combina\u021bia perfect\u0103 de durabilitate \u0219i elegan\u021b\u0103 vintage - o solu\u021bie elegant\u0103 \u0219i func\u021bional\u0103 pentru orice camer\u0103!<\/p>\n<p>Dimensiunile produsului: H43\/L30\/W23 cm<br \/>\nMaterial: Lemn recuperat, metal<br \/>\nCuloare: Natur\u0103<\/p>","protected":false},"excerpt":{"rendered":"<p>Raft de perete cu dou\u0103 rafturi deschise \u0219i un sertar mic. Un accesoriu vintage realizat din lemn reciclat, care este un element decorativ \u0219i este potrivit pentru depozitarea obiectelor mici.<\/p>","protected":false},"featured_media":6881,"comment_status":"closed","ping_status":"closed","template":"","meta":{"_acf_changed":false,"_kad_post_transparent":"default","_kad_post_title":"","_kad_post_layout":"default","_kad_post_sidebar_id":"","_kad_post_content_style":"default","_kad_post_vertical_padding":"default","_kad_post_feature":"","_kad_post_feature_position":"","_kad_post_header":false,"_kad_post_footer":false,"_kad_post_classname":""},"pwb-brand":[19],"product_brand":[],"product_cat":[94,167],"product_tag":[334,173,206,34,396,318,1075,98],"gyarto":[],"class_list":{"0":"post-7046","1":"product","2":"type-product","3":"status-publish","4":"has-post-thumbnail","6":"pwb-brand-chic-antique","7":"product_cat-furniture","8":"product_cat-wall-shelf","9":"product_tag-new-arrivals","10":"product_tag-nordic-bench","11":"product_tag-nordic-furniture","12":"product_tag-nordic-interior-design","13":"product_tag-nordic-style","14":"product_tag-reclaimed-wood-furniture","15":"product_tag-spring-summer-2025","16":"product_tag-vintage-style","17":"pa_colour-nature","18":"pa_material-reclaimed-wood","20":"first","21":"instock","22":"taxable","23":"shipping-taxable","24":"purchasable","25":"product-type-simple","26":"entry","27":"content-bg","28":"loop-entry"},"acf":[],"brands":[{"id":19,"name":"Chic Antique","slug":"chic-antic"}],"_links":{"self":[{"href":"https:\/\/yournordichome.com\/ro\/wp-json\/wp\/v2\/product\/7046","targetHints":{"allow":["GET"]}}],"collection":[{"href":"https:\/\/yournordichome.com\/ro\/wp-json\/wp\/v2\/product"}],"about":[{"href":"https:\/\/yournordichome.com\/ro\/wp-json\/wp\/v2\/types\/product"}],"replies":[{"embeddable":true,"href":"https:\/\/yournordichome.com\/ro\/wp-json\/wp\/v2\/comments?post=7046"}],"wp:featuredmedia":[{"embeddable":true,"href":"https:\/\/yournordichome.com\/ro\/wp-json\/wp\/v2\/media\/6881"}],"wp:attachment":[{"href":"https:\/\/yournordichome.com\/ro\/wp-json\/wp\/v2\/media?parent=7046"}],"wp:term":[{"taxonomy":"pwb-brand","embeddable":true,"href":"https:\/\/yournordichome.com\/ro\/wp-json\/wp\/v2\/pwb-brand?post=7046"},{"taxonomy":"product_brand","embeddable":true,"href":"https:\/\/yournordichome.com\/ro\/wp-json\/wp\/v2\/product_brand?post=7046"},{"taxonomy":"product_cat","embeddable":true,"href":"https:\/\/yournordichome.com\/ro\/wp-json\/wp\/v2\/product_cat?post=7046"},{"taxonomy":"product_tag","embeddable":true,"href":"https:\/\/yournordichome.com\/ro\/wp-json\/wp\/v2\/product_tag?post=7046"},{"taxonomy":"gyarto","embeddable":true,"href":"https:\/\/yournordichome.com\/ro\/wp-json\/wp\/v2\/gyarto?post=7046"}],"curies":[{"name":"wp","href":"https:\/\/api.w.org\/{rel}","templated":true}]}}