{"id":7040,"date":"2025-02-28T15:23:13","date_gmt":"2025-02-28T15:23:13","guid":{"rendered":"https:\/\/yournordichome.com\/product\/lacya-beige-metal-pendant-lamp\/"},"modified":"2025-08-13T08:49:14","modified_gmt":"2025-08-13T08:49:14","slug":"lacya-lampa-suspendata-din-metal-bej","status":"publish","type":"product","link":"https:\/\/yournordichome.com\/ro\/product\/lacya-beige-metal-pendant-lamp\/","title":{"rendered":"Lacya Lamp\u0103 suspendat\u0103 din metal bej"},"content":{"rendered":"<p>Lamp\u0103 suspendat\u0103 din metal bej de la Bloomingville \u00eentr-un stil scandinav curat, minimalist. O combina\u021bie interesant\u0103 \u0219i uimitoare de glazur\u0103 mat\u0103 \u0219i lucioas\u0103 \u00eei decoreaz\u0103 suprafa\u021ba \u00een nuan\u021be de off-white, bej, care este eviden\u021biat\u0103 juc\u0103u\u0219, dar elegant de cordonul ro\u0219u.<\/p>\n<p>Modelul delicat, forma decorativ\u0103 \u0219i aspectul discret \u00eel fac o pies\u0103 scandinav\u0103 clasic\u0103, de calitate premium, cu o execu\u021bie frumoas\u0103.<\/p>\n<p>Lampa suspendat\u0103 Lacya aduce \u00een casa dvs. esen\u021ba stilului scandinav minimalist Bloomingville. Lampa circular\u0103 din metal este decorat\u0103 cu o combina\u021bie interesant\u0103 de suprafe\u021be mate \u0219i lucioase, care str\u0103luce\u0219te \u00een nuan\u021be subtile de alb-deschis \u0219i bej. Aspectul juc\u0103u\u0219, dar elegant al l\u0103mpii este completat de cordonul ro\u0219u, care confer\u0103 designului un caracter unic.<\/p>\n<p>De ce s\u0103 alege\u021bi lampa suspendat\u0103 Lacya?<\/p>\n<p>Design danez premium: Lampa Bloomingville este exemplul perfect de simplitate \u0219i elegan\u021b\u0103 scandinav\u0103, \u00een calitate premium.<br \/>\nUtilizarea captivant\u0103 a materialelor: alternan\u021ba armonioas\u0103 de suprafe\u021be mate \u0219i lucioase ofer\u0103 o experien\u021b\u0103 vizual\u0103 deosebit\u0103.<br \/>\nDetalii juc\u0103u\u0219e: cablul ro\u0219u ofer\u0103 un aspect modern \u0219i proasp\u0103t, care pune \u00een valoare schema de culori curate a l\u0103mpii.<br \/>\nDesign versatil: modelul subtil \u0219i forma decorativ\u0103 a l\u0103mpii se \u00eencadreaz\u0103 armonios \u00een interioarele scandinave din orice camer\u0103.<br \/>\nSurs\u0103 de lumin\u0103 excelent\u0103: o alegere perfect\u0103 pentru o camer\u0103 de zi, sufragerie sau dormitor, unde poate crea o atmosfer\u0103 intim\u0103 \u0219i elegant\u0103.<\/p>\n<p>Unde arat\u0103 cel mai bine?<\/p>\n<p>\u00cen sufragerie: ca surs\u0103 de lumin\u0103 elegant\u0103 deasupra mesei.<br \/>\n\u00cen camera de zi: deasupra unui lanap\u00e9 sau a unei m\u0103su\u021be de cafea, ca o pies\u0103 central\u0103 modern\u0103 a spa\u021biului.<br \/>\n\u00cen dormitor: ca un accesoriu intim \u0219i elegant deasupra patului sau \u00eentr-un col\u021b de lectur\u0103.<br \/>\n\u00cen hol: ca un corp de iluminat func\u021bional care ajut\u0103 la preg\u0103tirea zilnic\u0103, aduc\u00e2nd \u00een acela\u0219i timp un stil curat spa\u021biului.<\/p>\n<p>Crea\u021bi o atmosfer\u0103 curat\u0103 \u0219i elegant\u0103 \u00een casa dvs. cu lampa suspendat\u0103 Lacya, un exemplu perfect de minimalism scandinav \u0219i design modern Bloomingville!<\/p>\n<p>Dimensiunile produsului: D40xH18 cm<br \/>\nCuloare: Natur\u0103<br \/>\nCompozi\u021bie: 100% Fier<br \/>\nClasa de energie a becului: Toate clasele<br \/>\nBecul nu este inclus.<br \/>\nForma becului: Ordinar<br \/>\nDimensiunea becului: E27<br \/>\nTipul becului: Obi\u0219nuit \u0219i LED<br \/>\nPuterea maxim\u0103 a becului: 40W \/ LED 5W \/ CFL 9W<br \/>\nAprobat CE: Da<br \/>\nCupa de tavan: Da<br \/>\nCuloarea cordonului: Ro\u0219u<br \/>\nLungimea cablului: 250 cm<br \/>\nMaterial cordon: Fabric + plastic<br \/>\nFitinguri: Da<br \/>\nUtilizare \u00een exterior: Nu<\/p>","protected":false},"excerpt":{"rendered":"<p>Lampa suspendat\u0103 Lacya de la Bloomingville este o frumoas\u0103 lamp\u0103 de tavan cu un design rotund. Lampa din metal este decorat\u0103 cu o combina\u021bie uimitoare de glazur\u0103 mat\u0103 \u0219i lucioas\u0103, \u00eentr-o culoare bl\u00e2nd\u0103 alb-deschis.<\/p>","protected":false},"featured_media":6687,"comment_status":"closed","ping_status":"closed","template":"","meta":{"_acf_changed":false,"_kad_post_transparent":"default","_kad_post_title":"","_kad_post_layout":"default","_kad_post_sidebar_id":"","_kad_post_content_style":"default","_kad_post_vertical_padding":"default","_kad_post_feature":"","_kad_post_feature_position":"","_kad_post_header":false,"_kad_post_footer":false,"_kad_post_classname":""},"pwb-brand":[17],"product_brand":[],"product_cat":[72,114],"product_tag":[116,285,334,206,34,117,396,1075],"gyarto":[],"class_list":{"0":"post-7040","1":"product","2":"type-product","3":"status-publish","4":"has-post-thumbnail","6":"pwb-brand-bloomingville","7":"product_cat-lamp","8":"product_cat-pendant-lamp","9":"product_tag-ceiling-lamp","10":"product_tag-minimalist-furniture","11":"product_tag-new-arrivals","12":"product_tag-nordic-furniture","13":"product_tag-nordic-interior-design","14":"product_tag-nordic-lamp","15":"product_tag-nordic-style","16":"product_tag-spring-summer-2025","17":"pa_colour-nature","18":"pa_material-metal","20":"first","21":"instock","22":"taxable","23":"shipping-taxable","24":"purchasable","25":"product-type-simple","26":"entry","27":"content-bg","28":"loop-entry"},"acf":[],"brands":[{"id":17,"name":"Bloomingville","slug":"bloomingville"}],"_links":{"self":[{"href":"https:\/\/yournordichome.com\/ro\/wp-json\/wp\/v2\/product\/7040","targetHints":{"allow":["GET"]}}],"collection":[{"href":"https:\/\/yournordichome.com\/ro\/wp-json\/wp\/v2\/product"}],"about":[{"href":"https:\/\/yournordichome.com\/ro\/wp-json\/wp\/v2\/types\/product"}],"replies":[{"embeddable":true,"href":"https:\/\/yournordichome.com\/ro\/wp-json\/wp\/v2\/comments?post=7040"}],"wp:featuredmedia":[{"embeddable":true,"href":"https:\/\/yournordichome.com\/ro\/wp-json\/wp\/v2\/media\/6687"}],"wp:attachment":[{"href":"https:\/\/yournordichome.com\/ro\/wp-json\/wp\/v2\/media?parent=7040"}],"wp:term":[{"taxonomy":"pwb-brand","embeddable":true,"href":"https:\/\/yournordichome.com\/ro\/wp-json\/wp\/v2\/pwb-brand?post=7040"},{"taxonomy":"product_brand","embeddable":true,"href":"https:\/\/yournordichome.com\/ro\/wp-json\/wp\/v2\/product_brand?post=7040"},{"taxonomy":"product_cat","embeddable":true,"href":"https:\/\/yournordichome.com\/ro\/wp-json\/wp\/v2\/product_cat?post=7040"},{"taxonomy":"product_tag","embeddable":true,"href":"https:\/\/yournordichome.com\/ro\/wp-json\/wp\/v2\/product_tag?post=7040"},{"taxonomy":"gyarto","embeddable":true,"href":"https:\/\/yournordichome.com\/ro\/wp-json\/wp\/v2\/gyarto?post=7040"}],"curies":[{"name":"wp","href":"https:\/\/api.w.org\/{rel}","templated":true}]}}