{"id":7022,"date":"2025-02-28T15:22:47","date_gmt":"2025-02-28T15:22:47","guid":{"rendered":"https:\/\/yournordichome.com\/product\/grimaud-bench\/"},"modified":"2026-04-15T07:22:23","modified_gmt":"2026-04-15T07:22:23","slug":"banca-grimaud","status":"publish","type":"product","link":"https:\/\/yournordichome.com\/ro\/product\/grimaud-bench\/","title":{"rendered":"Banca Grimaud"},"content":{"rendered":"<p>O banc\u0103 din colec\u021bia Grimaud de la Chic Antique. Lemnul recuperat creeaz\u0103 o atmosfer\u0103 vintage deosebit\u0103, iar banca poate fi folosit\u0103 practic \u00een orice camer\u0103.<\/p>\n<p>Banca din colec\u021bia Grimaud de la Chic Antique aduce frumuse\u021bea natural\u0103 \u0219i caracterul atemporal al lemnului recuperat \u00een casa dvs. Ea eman\u0103 o atmosfer\u0103 curat\u0103, vintage, oferind \u00een acela\u0219i timp o solu\u021bie practic\u0103 \u0219i versatil\u0103 \u00een orice camer\u0103.<\/p>\n<p>Aceast\u0103 banc\u0103 elegant\u0103 nu numai c\u0103 ofer\u0103 o suprafa\u021b\u0103 de \u0219edere suplimentar\u0103 confortabil\u0103, dar se remarc\u0103 perfect \u0219i ca element decorativ - pute\u021bi a\u0219eza pe ea c\u0103r\u021bi, plante sau sfe\u0219nice. Datorit\u0103 dimensiunii sale compacte \u0219i utiliz\u0103rii materialelor naturale, poate fi integrat\u0103 cu u\u0219urin\u021b\u0103 \u00een interioarele scandinave, vintage sau rustice.<\/p>\n<p>De ce s\u0103 alege\u021bi banca Grimaud?<\/p>\n<p>\u2714 Material din lemn reciclat - durabil \u0219i ecologic, cu texturi unice.<br \/>\n\u2714 Stil vintage - aspectul atemporal al lemnului natural creeaz\u0103 o atmosfer\u0103 confortabil\u0103, familiar\u0103.<br \/>\n\u2714 Utilizare versatil\u0103 - scaun suplimentar, element decorativ sau suprafa\u021b\u0103 practic\u0103 de depozitare.<br \/>\n\u2714 Calitate premium Chic Antique - design de inspira\u021bie artizanal\u0103 care aduce stil oric\u0103rui spa\u021biu.<br \/>\n\u2714 Dimensiuni compacte - o solu\u021bie practic\u0103 chiar \u0219i \u00een spa\u021bii mici, u\u0219or de mutat.<\/p>\n<p>Unde arat\u0103 cel mai bine?<\/p>\n<p>\u00cen hol - ca scaun pentru \u00eenc\u0103l\u021bat sau ca depozit decorativ.<br \/>\n\u00cen camera de zi - ca scaun suplimentar, suport pentru plante sau pentru plasarea obiectelor decorative.<br \/>\n\u00cen dormitor - ca o noptier\u0103 confortabil\u0103, la cap\u0103tul patului sau ca o pies\u0103 decorativ\u0103 de mobilier.<\/p>\n<p>\u00cembun\u0103t\u0103\u021bi\u021bi atmosfera casei dvs. cu un scaun durabil, \u00een stil vintage, care, cu designul atemporal \u0219i caracterul practic al Chic Antique, poate fi completarea perfect\u0103 a oric\u0103rui spa\u021biu!<\/p>\n<p>Colec\u021bia Grimaud este o selec\u021bie de piese unice - artefacte vechi \u0219i articole realizate din lemn reciclat, frumos patinat. \u0218i ajut\u0103 la ad\u0103ugarea de c\u0103ldur\u0103, suflet \u0219i istorie unei locuin\u021be.<\/p>\n<p>Colec\u021bia include piese de decor frumoase, precum \u0219i mobilier. Toate Grimaud au \u00een comun urmele unei vie\u021bi \u0219i ale unui scop anterioare.<\/p>\n<p>A da o nou\u0103 via\u021b\u0103 vechilor comori este filozofia din spatele funda\u021biei Chic Antique, iar colec\u021bia Grimaud este \u00eentruchiparea acestui lucru.<\/p>\n<p>V\u0103 rug\u0103m s\u0103 re\u021bine\u021bi c\u0103 toate piesele Grimaud sunt unice \u0219i nu exist\u0103 dou\u0103 la fel. Acest lucru \u00eenseamn\u0103 c\u0103 ele pot varia \u00een ceea ce prive\u0219te forma, dimensiunea \u0219i tipul de lemn.<\/p>\n<p>Dimensiunile produsului: H50\/L60\/W30 cm<br \/>\nMaterial: lemn recuperat<br \/>\nCuloare: Natur\u0103<br \/>\nCapacitate maxim\u0103 de greutate: 50 kg<\/p>","protected":false},"excerpt":{"rendered":"<p>O banc\u0103 realizat\u0103 din lemn recuperat care ofer\u0103 o excelent\u0103 suprafa\u021b\u0103 suplimentar\u0103 de \u0219edere \u00een orice camer\u0103. De asemenea, pute\u021bi plasa pe ea accesorii decorative \u0219i poate fi folosit\u0103 \u0219i pentru depozitare.<\/p>","protected":false},"featured_media":6857,"comment_status":"closed","ping_status":"closed","template":"","meta":{"_acf_changed":false,"_kad_post_transparent":"default","_kad_post_title":"","_kad_post_layout":"default","_kad_post_sidebar_id":"","_kad_post_content_style":"default","_kad_post_vertical_padding":"default","_kad_post_feature":"","_kad_post_feature_position":"","_kad_post_header":false,"_kad_post_footer":false,"_kad_post_classname":""},"pwb-brand":[19],"product_brand":[],"product_cat":[152,233],"product_tag":[334,173,206,34,396,318,1075,98],"gyarto":[],"class_list":{"0":"post-7022","1":"product","2":"type-product","3":"status-publish","4":"has-post-thumbnail","6":"pwb-brand-chic-antique","7":"product_cat-chair","8":"product_cat-stool","9":"product_tag-new-arrivals","10":"product_tag-nordic-bench","11":"product_tag-nordic-furniture","12":"product_tag-nordic-interior-design","13":"product_tag-nordic-style","14":"product_tag-reclaimed-wood-furniture","15":"product_tag-spring-summer-2025","16":"product_tag-vintage-style","17":"pa_colour-nature","18":"pa_material-reclaimed-wood","20":"first","21":"instock","22":"taxable","23":"shipping-taxable","24":"purchasable","25":"product-type-simple","26":"entry","27":"content-bg","28":"loop-entry"},"acf":[],"brands":[{"id":19,"name":"Chic Antique","slug":"chic-antic"}],"_links":{"self":[{"href":"https:\/\/yournordichome.com\/ro\/wp-json\/wp\/v2\/product\/7022","targetHints":{"allow":["GET"]}}],"collection":[{"href":"https:\/\/yournordichome.com\/ro\/wp-json\/wp\/v2\/product"}],"about":[{"href":"https:\/\/yournordichome.com\/ro\/wp-json\/wp\/v2\/types\/product"}],"replies":[{"embeddable":true,"href":"https:\/\/yournordichome.com\/ro\/wp-json\/wp\/v2\/comments?post=7022"}],"wp:featuredmedia":[{"embeddable":true,"href":"https:\/\/yournordichome.com\/ro\/wp-json\/wp\/v2\/media\/6857"}],"wp:attachment":[{"href":"https:\/\/yournordichome.com\/ro\/wp-json\/wp\/v2\/media?parent=7022"}],"wp:term":[{"taxonomy":"pwb-brand","embeddable":true,"href":"https:\/\/yournordichome.com\/ro\/wp-json\/wp\/v2\/pwb-brand?post=7022"},{"taxonomy":"product_brand","embeddable":true,"href":"https:\/\/yournordichome.com\/ro\/wp-json\/wp\/v2\/product_brand?post=7022"},{"taxonomy":"product_cat","embeddable":true,"href":"https:\/\/yournordichome.com\/ro\/wp-json\/wp\/v2\/product_cat?post=7022"},{"taxonomy":"product_tag","embeddable":true,"href":"https:\/\/yournordichome.com\/ro\/wp-json\/wp\/v2\/product_tag?post=7022"},{"taxonomy":"gyarto","embeddable":true,"href":"https:\/\/yournordichome.com\/ro\/wp-json\/wp\/v2\/gyarto?post=7022"}],"curies":[{"name":"wp","href":"https:\/\/api.w.org\/{rel}","templated":true}]}}