{"id":7018,"date":"2025-02-28T15:22:47","date_gmt":"2025-02-28T15:22:47","guid":{"rendered":"https:\/\/yournordichome.com\/product\/pouf-bilbao-brown\/"},"modified":"2025-08-13T08:42:38","modified_gmt":"2025-08-13T08:42:38","slug":"pouf-bilbao-maro","status":"publish","type":"product","link":"https:\/\/yournordichome.com\/ro\/product\/pouf-bilbao-brown\/","title":{"rendered":"Pouf Bilbao Brown"},"content":{"rendered":"<p>Pouf maro de la Bloomingville, \u00een conformitate cu stilul curat \u0219i minimalist al produc\u0103torului danez. Designul elegant ofer\u0103 scaunului un aspect versatil, \u00eei pute\u021bi g\u0103si locul \u00een camera de zi, dormitor \u0219i hol.<\/p>\n<p>Acest pouf decorat \u00een nuan\u021be de bej-maro este \u00eentruchiparea perfect\u0103 a designului minimalist Bloomingville. C\u0103ptu\u0219eala sa moale ofer\u0103 un loc confortabil \u0219i, datorit\u0103 dimensiunii sale compacte, poate fi u\u0219or amplasat oriunde. Fie c\u0103 este vorba de un living, dormitor sau hol, acest pouf elegant poate fi o completare elegant\u0103 \u0219i practic\u0103 pentru orice spa\u021biu.<\/p>\n<p>De ce s\u0103 alege\u021bi acest pouf?<\/p>\n<p>Design danez curat: aduce stilul minimalist \u0219i elegan\u021ba atemporal\u0103 Bloomingville \u00een casa ta.<br \/>\nAmortizare confortabil\u0103: suprafa\u021ba moale ofer\u0103 un scaun confortabil, cre\u00e2nd \u00een acela\u0219i timp un aspect modern \u0219i sofisticat.<br \/>\nDimensiune compact\u0103: u\u0219or de mutat \u0219i se potrive\u0219te \u00een orice camer\u0103, fie c\u0103 este vorba de camera de zi, dormitor sau hol.<br \/>\nAspect versatil: nuan\u021bele de bej \u0219i maro se \u00eembin\u0103 armonios cu diferite scheme de culori ale interioarelor.<\/p>\n<p>Unde arat\u0103 cel mai bine?<\/p>\n<p>\u00cen camera de zi: ca scaun suplimentar sau ca mobilier suplimentar l\u00e2ng\u0103 o canapea modern\u0103.<\/p>\n<p>\u00cen dormitor: plasat la cap\u0103tul patului, este un accesoriu elegant \u0219i practic.<\/p>\n<p>\u00cen hol: o suprafa\u021b\u0103 de \u0219edere confortabil\u0103 pentru \u00eenc\u0103l\u021bat, oferind \u00een acela\u0219i timp o solu\u021bie decorativ\u0103 \u0219i de economisire a spa\u021biului.<\/p>\n<p>Face\u021bi-v\u0103 casa \u0219i mai primitoare cu acest pouf decorat \u00een nuan\u021be de bej \u0219i maro, care este o alegere confortabil\u0103 \u0219i elegant\u0103 pentru orice camer\u0103!<\/p>\n<p>Dimensiunile produsului: D40xH45 cm<br \/>\nCuloare: maro<br \/>\nCompozi\u021bie: Poliester, bumbac, MDF, furnir Ashtree<br \/>\nDurabilitatea \u021bes\u0103turii (Martindale): 12.000<br \/>\nInstruc\u021biuni de \u00eengrijire: Cur\u0103\u021bare la fa\u021ba locului \u0219i aspirare<br \/>\nCuloarea piciorului: Nature<br \/>\nMaterial picior: MDF<br \/>\nRetardant la foc: Nu<br \/>\nCapacitate maxim\u0103 de greutate: 150 kg<\/p>","protected":false},"excerpt":{"rendered":"<p>Pouf decorat \u00een nuan\u021be de bej-maro, c\u0103ptu\u0219eala sa moale face scaunul confortabil. Pouf-ul elegant \u0219i minimalist poate fi amplasat \u00een orice camer\u0103 datorit\u0103 dimensiunii sale compacte.<\/p>","protected":false},"featured_media":6717,"comment_status":"closed","ping_status":"closed","template":"","meta":{"_acf_changed":false,"_kad_post_transparent":"default","_kad_post_title":"","_kad_post_layout":"default","_kad_post_sidebar_id":"","_kad_post_content_style":"default","_kad_post_vertical_padding":"default","_kad_post_feature":"","_kad_post_feature_position":"","_kad_post_header":false,"_kad_post_footer":false,"_kad_post_classname":""},"pwb-brand":[17],"product_brand":[],"product_cat":[152,182],"product_tag":[424,285,334,206,34,396,1075],"gyarto":[],"class_list":{"0":"post-7018","1":"product","2":"type-product","3":"status-publish","4":"has-post-thumbnail","6":"pwb-brand-bloomingville","7":"product_cat-chair","8":"product_cat-sitting-pouf","9":"product_tag-foot-stool","10":"product_tag-minimalist-furniture","11":"product_tag-new-arrivals","12":"product_tag-nordic-furniture","13":"product_tag-nordic-interior-design","14":"product_tag-nordic-style","15":"product_tag-spring-summer-2025","16":"pa_colour-brown","17":"pa_material-polyester","19":"first","20":"instock","21":"taxable","22":"shipping-taxable","23":"purchasable","24":"product-type-simple","25":"entry","26":"content-bg","27":"loop-entry"},"acf":[],"brands":[{"id":17,"name":"Bloomingville","slug":"bloomingville"}],"_links":{"self":[{"href":"https:\/\/yournordichome.com\/ro\/wp-json\/wp\/v2\/product\/7018","targetHints":{"allow":["GET"]}}],"collection":[{"href":"https:\/\/yournordichome.com\/ro\/wp-json\/wp\/v2\/product"}],"about":[{"href":"https:\/\/yournordichome.com\/ro\/wp-json\/wp\/v2\/types\/product"}],"replies":[{"embeddable":true,"href":"https:\/\/yournordichome.com\/ro\/wp-json\/wp\/v2\/comments?post=7018"}],"wp:featuredmedia":[{"embeddable":true,"href":"https:\/\/yournordichome.com\/ro\/wp-json\/wp\/v2\/media\/6717"}],"wp:attachment":[{"href":"https:\/\/yournordichome.com\/ro\/wp-json\/wp\/v2\/media?parent=7018"}],"wp:term":[{"taxonomy":"pwb-brand","embeddable":true,"href":"https:\/\/yournordichome.com\/ro\/wp-json\/wp\/v2\/pwb-brand?post=7018"},{"taxonomy":"product_brand","embeddable":true,"href":"https:\/\/yournordichome.com\/ro\/wp-json\/wp\/v2\/product_brand?post=7018"},{"taxonomy":"product_cat","embeddable":true,"href":"https:\/\/yournordichome.com\/ro\/wp-json\/wp\/v2\/product_cat?post=7018"},{"taxonomy":"product_tag","embeddable":true,"href":"https:\/\/yournordichome.com\/ro\/wp-json\/wp\/v2\/product_tag?post=7018"},{"taxonomy":"gyarto","embeddable":true,"href":"https:\/\/yournordichome.com\/ro\/wp-json\/wp\/v2\/gyarto?post=7018"}],"curies":[{"name":"wp","href":"https:\/\/api.w.org\/{rel}","templated":true}]}}