{"id":6996,"date":"2025-02-28T15:21:34","date_gmt":"2025-02-28T15:21:34","guid":{"rendered":"https:\/\/yournordichome.com\/product\/salvo-metal-cabinet-with-glass-doors\/"},"modified":"2025-08-12T16:44:24","modified_gmt":"2025-08-12T16:44:24","slug":"dulap-metalic-salvo-cu-usi-din-sticla","status":"publish","type":"product","link":"https:\/\/yournordichome.com\/ro\/product\/salvo-metal-cabinet-with-glass-doors\/","title":{"rendered":"Dulap metalic Salvo cu u\u0219i din sticl\u0103"},"content":{"rendered":"<p>O comod\u0103 metalic\u0103 cu sertare \u0219i u\u0219i din sticl\u0103 de la Bloomingville \u00een culoarea nisip moale, care aduce elegan\u021b\u0103 sofisticat\u0103 \u00een orice camer\u0103 din casa dvs. Cele dou\u0103 u\u0219i ale dulapului metalic sunt realizate din sticl\u0103 canelat\u0103, ceea ce confer\u0103 mobilierului un aspect aerisit \u0219i modern \u00een acela\u0219i timp.<\/p>\n<p>Rafturile sale interne ofer\u0103 op\u021biuni practice de depozitare, \u00een timp ce designul curat se potrive\u0219te perfect cu mobilierul din camera de zi, sufragerie sau hol.<\/p>\n<p>De ce s\u0103 alege\u021bi aceast\u0103 comod\u0103?<\/p>\n<p>Design elegant de culoarea nisipului: nuan\u021ba discret\u0103 se potrive\u0219te armonios \u00een orice interior, radiind elegan\u021b\u0103 atemporal\u0103.<br \/>\nU\u0219i din sticl\u0103 cu nervuri: designul sticlei texturate nu este doar elegant, ci \u0219i ascunde discret con\u021binutul din interior.<br \/>\nDepozitare practic\u0103: rafturile interioare sunt perfecte pentru organizarea \u0219i depozitarea c\u0103r\u021bilor, vaselor sau obiectelor decorative.<br \/>\nPlasare versatil\u0103: datorit\u0103 designului universal al cutiei de sertare, aceasta se va potrivi \u0219i \u00een camera de zi, sufragerie sau hol.<br \/>\nDesign danez premium: comod\u0103 reprezint\u0103 stilul curat \u0219i calitatea tradi\u021biilor scandinave de design interior, care este at\u00e2t modern, c\u00e2t \u0219i atemporal.<\/p>\n<p>Unde arat\u0103 cel mai bine?<\/p>\n<p>\u00cen camera de zi: pentru depozitarea \u0219i expunerea obiectelor decorative, a c\u0103r\u021bilor sau chiar a paharelor.<br \/>\n\u00cen sala de mese: pentru a organiza farfurii, pahare \u0219i alte ustensile de buc\u0103t\u0103rie.<br \/>\n\u00cen hol: ofer\u0103 o primire elegant\u0103 celor care intr\u0103, oferind \u00een acela\u0219i timp spa\u021biu practic de depozitare.<br \/>\n\u00cen dormitor: v\u0103 pute\u021bi depozita frumos accesoriile, inclusiv lenjeria de pat, pe el.<\/p>\n<p>F\u0103-\u021bi casa elegant\u0103 \u0219i ordonat\u0103 cu aceast\u0103 comod\u0103 cu u\u0219i din sticl\u0103 cu nervuri de culoare nisip, care este combina\u021bia perfect\u0103 de elegan\u021b\u0103 \u0219i func\u021bionalitate!<\/p>\n<p>Dimensiunile produsului: L80xH90xW40 cm<br \/>\nCuloare: Natur\u0103<br \/>\nCompozi\u021bie: Fier, sticl\u0103<br \/>\nFinisaj produs: Acoperit cu pulbere<br \/>\nInstruc\u021biuni de \u00eengrijire: Cur\u0103\u021ba\u021bi cu o c\u00e2rp\u0103 umed\u0103.<br \/>\nCapacitate maxim\u0103 de \u00eenc\u0103rcare: 30 kg la partea superioar\u0103, 25 kg pe fiecare raft<br \/>\nDimensiunea camerelor interioare: 79,5\u00d770,5\u00d735 cm<\/p>","protected":false},"excerpt":{"rendered":"<p>Un dulap frumos, de culoarea nisipului moale, care adaug\u0103 elegan\u021b\u0103 oric\u0103rei \u00eenc\u0103peri. Cele dou\u0103 u\u0219i ale dulapului din metal prezint\u0103 detalii decorative din sticl\u0103 nervurat\u0103. Cu rafturi practice, este ideal pentru depozitare \u0219i decorare, \u0219i se va potrivi \u00een camera de zi, sufragerie sau hol.<\/p>","protected":false},"featured_media":6775,"comment_status":"closed","ping_status":"closed","template":"","meta":{"_acf_changed":false,"_kad_post_transparent":"default","_kad_post_title":"","_kad_post_layout":"default","_kad_post_sidebar_id":"","_kad_post_content_style":"default","_kad_post_vertical_padding":"default","_kad_post_feature":"","_kad_post_feature_position":"","_kad_post_header":false,"_kad_post_footer":false,"_kad_post_classname":""},"pwb-brand":[17],"product_brand":[],"product_cat":[135,94],"product_tag":[285,334,206,34,396,136,1075],"gyarto":[],"class_list":{"0":"post-6996","1":"product","2":"type-product","3":"status-publish","4":"has-post-thumbnail","6":"pwb-brand-bloomingville","7":"product_cat-cabinet","8":"product_cat-furniture","9":"product_tag-minimalist-furniture","10":"product_tag-new-arrivals","11":"product_tag-nordic-furniture","12":"product_tag-nordic-interior-design","13":"product_tag-nordic-style","14":"product_tag-shelves","15":"product_tag-spring-summer-2025","16":"pa_colour-nature","17":"pa_material-metal","19":"first","20":"instock","21":"taxable","22":"shipping-taxable","23":"purchasable","24":"product-type-simple","25":"entry","26":"content-bg","27":"loop-entry"},"acf":[],"brands":[{"id":17,"name":"Bloomingville","slug":"bloomingville"}],"_links":{"self":[{"href":"https:\/\/yournordichome.com\/ro\/wp-json\/wp\/v2\/product\/6996","targetHints":{"allow":["GET"]}}],"collection":[{"href":"https:\/\/yournordichome.com\/ro\/wp-json\/wp\/v2\/product"}],"about":[{"href":"https:\/\/yournordichome.com\/ro\/wp-json\/wp\/v2\/types\/product"}],"replies":[{"embeddable":true,"href":"https:\/\/yournordichome.com\/ro\/wp-json\/wp\/v2\/comments?post=6996"}],"wp:featuredmedia":[{"embeddable":true,"href":"https:\/\/yournordichome.com\/ro\/wp-json\/wp\/v2\/media\/6775"}],"wp:attachment":[{"href":"https:\/\/yournordichome.com\/ro\/wp-json\/wp\/v2\/media?parent=6996"}],"wp:term":[{"taxonomy":"pwb-brand","embeddable":true,"href":"https:\/\/yournordichome.com\/ro\/wp-json\/wp\/v2\/pwb-brand?post=6996"},{"taxonomy":"product_brand","embeddable":true,"href":"https:\/\/yournordichome.com\/ro\/wp-json\/wp\/v2\/product_brand?post=6996"},{"taxonomy":"product_cat","embeddable":true,"href":"https:\/\/yournordichome.com\/ro\/wp-json\/wp\/v2\/product_cat?post=6996"},{"taxonomy":"product_tag","embeddable":true,"href":"https:\/\/yournordichome.com\/ro\/wp-json\/wp\/v2\/product_tag?post=6996"},{"taxonomy":"gyarto","embeddable":true,"href":"https:\/\/yournordichome.com\/ro\/wp-json\/wp\/v2\/gyarto?post=6996"}],"curies":[{"name":"wp","href":"https:\/\/api.w.org\/{rel}","templated":true}]}}