{"id":6993,"date":"2025-02-28T15:21:34","date_gmt":"2025-02-28T15:21:34","guid":{"rendered":"https:\/\/yournordichome.com\/product\/black-pine-wall-cabinet\/"},"modified":"2025-07-30T14:49:36","modified_gmt":"2025-07-30T14:49:36","slug":"dulap-de-perete-din-pin-negru","status":"publish","type":"product","link":"https:\/\/yournordichome.com\/ro\/product\/black-pine-wall-cabinet\/","title":{"rendered":"Cabinet de perete din pin negru"},"content":{"rendered":"<p>Dulap de perete din pin negru de la Bloomingville. Simplitatea minimalist\u0103 reprezentat\u0103 de produc\u0103torul danez premium arat\u0103 bine \u00een camera de zi, buc\u0103t\u0103rie \u0219i biroul de acas\u0103.<\/p>\n<p>\u00cen spatele u\u0219ilor din sticl\u0103 cu nervuri ve\u021bi g\u0103si un raft, astfel \u00eenc\u00e2t micul mobilier poate fi folosit practic pentru depozitarea obiectelor dvs. preferate.<\/p>\n<p>Acest dulap de perete din pin negru este \u00eentruchiparea minimalismului nordic Bloomingville. Liniile sale curate \u0219i u\u0219ile elegante din sticl\u0103 canelat\u0103 \u00eei confer\u0103 un aspect unic, oferind \u00een acela\u0219i timp o solu\u021bie practic\u0103 de depozitare. Designul curbat \u0219i sticla fin texturat\u0103 combin\u0103 elegant designul modern cu estetica scandinav\u0103.<\/p>\n<p>De ce s\u0103 alege\u021bi acest dulap de perete?<\/p>\n<p>U\u0219i elegante din sticl\u0103 cu nervuri: textura unic\u0103 a u\u0219ilor ascunde discret obiectele depozitate, cre\u00e2nd \u00een acela\u0219i timp un efect luminos \u0219i modern.<br \/>\nSpa\u021biu de depozitare practic: raftul intern este ideal pentru depozitarea obiectelor preferate, a c\u0103r\u021bilor sau a accesoriilor mici.<br \/>\nDesign atemporal: culoarea neagr\u0103 \u0219i designul minimalist se potrivesc \u00een orice interior, \u00een camera de zi, buc\u0103t\u0103rie \u0219i birou.<br \/>\nMateriale durabile: lemnul masiv de pin asigur\u0103 durabilitatea \u0219i frumuse\u021bea natural\u0103 a mobilierului.<br \/>\nUnde arat\u0103 cel mai bine?<\/p>\n<p>\u00cen camera de zi: pute\u021bi ascunde ceea ce nu dori\u021bi s\u0103 fie la vedere, ad\u0103ug\u00e2nd \u00een acela\u0219i timp elegan\u021b\u0103 spa\u021biului.<br \/>\n\u00cen buc\u0103t\u0103rie: Spa\u021biu practic pentru condimente, c\u0103ni sau ustensile mici de buc\u0103t\u0103rie.<br \/>\n\u00cen birou: ofer\u0103 spa\u021biu de depozitare organizat pentru documente \u0219i materiale de birou.<br \/>\n\u00cen dormitor: depozitare elegant\u0103 pentru bijuterii, parfum sau obiecte personale mici.<\/p>\n<p>Face\u021bi casa dvs. elegant\u0103 \u0219i organizat\u0103 cu acest dulap de perete din pin negru, care este combina\u021bia perfect\u0103 de minimalism scandinav \u0219i func\u021bionalitate elegant\u0103!<\/p>\n<p>Dimensiunile produsului: L62xH49xW23 cm<br \/>\nCuloare: negru<br \/>\nCompozi\u021bie: Lemn de pin, MDF, sticl\u0103<br \/>\nInstruc\u021biuni de \u00eengrijire: Cur\u0103\u021ba\u021bi cu o c\u00e2rp\u0103 umed\u0103.<br \/>\nCapacitate maxim\u0103 de greutate: 3 kg pe fiecare raft<br \/>\nFinisaj produs: Vopsea pe baz\u0103 de ap\u0103, finisaj deteriorat<\/p>","protected":false},"excerpt":{"rendered":"<p>Dulap de perete realizat din lemn de pin de culoare neagr\u0103, care confer\u0103 camerei minimalismul curat al stilului scandinav. U\u0219ile sunt decorate cu sticl\u0103 canelat\u0103 elegant\u0103, cu un design curbat.<\/p>","protected":false},"featured_media":6619,"comment_status":"closed","ping_status":"closed","template":"","meta":{"_acf_changed":false,"_kad_post_transparent":"default","_kad_post_title":"","_kad_post_layout":"default","_kad_post_sidebar_id":"","_kad_post_content_style":"default","_kad_post_vertical_padding":"default","_kad_post_feature":"","_kad_post_feature_position":"","_kad_post_header":false,"_kad_post_footer":false,"_kad_post_classname":""},"pwb-brand":[17],"product_brand":[],"product_cat":[94,167],"product_tag":[334,206,34,396,257,136,1075],"gyarto":[],"class_list":{"0":"post-6993","1":"product","2":"type-product","3":"status-publish","4":"has-post-thumbnail","6":"pwb-brand-bloomingville","7":"product_cat-furniture","8":"product_cat-wall-shelf","9":"product_tag-new-arrivals","10":"product_tag-nordic-furniture","11":"product_tag-nordic-interior-design","12":"product_tag-nordic-style","13":"product_tag-pinewood-furniture","14":"product_tag-shelves","15":"product_tag-spring-summer-2025","16":"pa_colour-black","17":"pa_material-pine-wood","19":"first","20":"instock","21":"taxable","22":"shipping-taxable","23":"purchasable","24":"product-type-simple","25":"entry","26":"content-bg","27":"loop-entry"},"acf":[],"brands":[{"id":17,"name":"Bloomingville","slug":"bloomingville"}],"_links":{"self":[{"href":"https:\/\/yournordichome.com\/ro\/wp-json\/wp\/v2\/product\/6993","targetHints":{"allow":["GET"]}}],"collection":[{"href":"https:\/\/yournordichome.com\/ro\/wp-json\/wp\/v2\/product"}],"about":[{"href":"https:\/\/yournordichome.com\/ro\/wp-json\/wp\/v2\/types\/product"}],"replies":[{"embeddable":true,"href":"https:\/\/yournordichome.com\/ro\/wp-json\/wp\/v2\/comments?post=6993"}],"wp:featuredmedia":[{"embeddable":true,"href":"https:\/\/yournordichome.com\/ro\/wp-json\/wp\/v2\/media\/6619"}],"wp:attachment":[{"href":"https:\/\/yournordichome.com\/ro\/wp-json\/wp\/v2\/media?parent=6993"}],"wp:term":[{"taxonomy":"pwb-brand","embeddable":true,"href":"https:\/\/yournordichome.com\/ro\/wp-json\/wp\/v2\/pwb-brand?post=6993"},{"taxonomy":"product_brand","embeddable":true,"href":"https:\/\/yournordichome.com\/ro\/wp-json\/wp\/v2\/product_brand?post=6993"},{"taxonomy":"product_cat","embeddable":true,"href":"https:\/\/yournordichome.com\/ro\/wp-json\/wp\/v2\/product_cat?post=6993"},{"taxonomy":"product_tag","embeddable":true,"href":"https:\/\/yournordichome.com\/ro\/wp-json\/wp\/v2\/product_tag?post=6993"},{"taxonomy":"gyarto","embeddable":true,"href":"https:\/\/yournordichome.com\/ro\/wp-json\/wp\/v2\/gyarto?post=6993"}],"curies":[{"name":"wp","href":"https:\/\/api.w.org\/{rel}","templated":true}]}}