{"id":6978,"date":"2025-02-28T15:21:34","date_gmt":"2025-02-28T15:21:34","guid":{"rendered":"https:\/\/yournordichome.com\/product\/serrone-cabinet-nature-rubberwood\/"},"modified":"2025-07-30T14:44:19","modified_gmt":"2025-07-30T14:44:19","slug":"serrone-cabinet-natura-lemn-de-cauciuc","status":"publish","type":"product","link":"https:\/\/yournordichome.com\/ro\/product\/serrone-cabinet-nature-rubberwood\/","title":{"rendered":"Cabinet Serrone, Natura, lemn de cauciuc"},"content":{"rendered":"<p>Dulap TV din lemn natural din lemn de cauciuc de la Bloomingville. \u00cen interior ve\u021bi g\u0103si un raft, cu deschideri pentru cabluri pe spate - o completare perfect\u0103 pentru camera de zi. Blatul dulapului este \u00eembinat cu degetele pentru o mai mare stabilitate \u0219i durabilitate.<\/p>\n<p>Acest dulap TV din lemn de cauciuc este alegerea perfect\u0103 pentru iubitorii de stil scandinav minimalist. Liniile sale curate \u0219i textura natural\u0103 a lemnului se integreaz\u0103 armonios \u00een casele moderne. Dulapul este at\u00e2t func\u021bional, c\u00e2t \u0219i estetic, astfel \u00eenc\u00e2t nu numai c\u0103 ofer\u0103 spa\u021biu de depozitare, dar va fi \u0219i una dintre piesele de mobilier remarcabile din camera de zi.<\/p>\n<p>De ce s\u0103 alege\u021bi acest dulap TV?<\/p>\n<p>Design scandinav sofisticat: combina\u021bia dintre forma minimalist\u0103 \u0219i materialul natural din lemn de cauciuc creeaz\u0103 o atmosfer\u0103 elegant\u0103, dar cald\u0103.<br \/>\nDesign interior practic: raftul din interiorul dulapului ofer\u0103 spa\u021biu amplu pentru dispozitivele dvs. media, telecomenzi sau alte accesorii.<br \/>\nGestionarea u\u0219oar\u0103 a cablurilor: orificiile pentru cabluri de pe spate asigur\u0103 c\u0103 cablurile r\u0103m\u00e2n ordonate.<br \/>\nStabilitate \u0219i durabilitate: blatul mesei este realizat cu \u00eembinare cu degete, ceea ce nu numai c\u0103 spore\u0219te durabilitatea dulapului, dar \u00eei confer\u0103 \u0219i un aspect estetic.<\/p>\n<p>Unde arat\u0103 cel mai bine?<\/p>\n<p>\u00cen camera de zi: ideal ca suport TV pentru plasarea dispozitivelor media, ad\u0103ug\u00e2nd \u00een acela\u0219i timp stil spa\u021biului.<br \/>\n\u00cen dormitor: ofer\u0103 spa\u021biu de depozitare practic pentru c\u0103r\u021bi, decora\u021biuni sau obiecte personale.<br \/>\n\u00cen birou: potrivit pentru depozitarea ordonat\u0103 a h\u00e2rtiilor, dosarelor, iar blatul s\u0103u poate fi decorat pentru a crea un mediu de lucru pl\u0103cut.<\/p>\n<p>Materiale naturale \u0219i sustenabilitate<\/p>\n<p>Lemnul de cauciuc este un material durabil \u0219i ecologic care garanteaz\u0103 o durat\u0103 lung\u0103 de via\u021b\u0103. Nuan\u021ba natural\u0103 a lemnului creeaz\u0103 o atmosfer\u0103 familiar\u0103, potrivindu-se \u00een acela\u0219i timp cu simplitatea designului scandinav.<\/p>\n<p>Alege\u021bi acest dulap TV fabricat din lemn de cauciuc durabil pentru a v\u0103 face camera de zi at\u00e2t practic\u0103, c\u00e2t \u0219i elegant\u0103!<\/p>\n<p>Dimensiunile produsului: L120xH55xW45 cm<br \/>\nDimensiunea camerelor interioare: 112x40x14 cm<br \/>\nDimensiune u\u0219\u0103 \/ fa\u021b\u0103: L60xW2xH40 cm<br \/>\nCuloare: Natur\u0103<br \/>\nCompozi\u021bie: lemn de cauciuc, fier<br \/>\nFinisaj produs: Lac pe baz\u0103 de ap\u0103<br \/>\nMaterial \u0219i culoare buton: Fier, alam\u0103<br \/>\nCapacitate maxim\u0103 de greutate: sus 40 kg \/ raft 20 kg<\/p>","protected":false},"excerpt":{"rendered":"<p>Dulap TV realizat din lemn de cauciuc rezistent, \u00een stil scandinav modern, minimalist. At\u00e2t func\u021bional, c\u00e2t \u0219i estetic, acesta creeaz\u0103 o atmosfer\u0103 sofisticat\u0103 \u00een casa dvs. cu naturale\u021bea sa.<\/p>","protected":false},"featured_media":6781,"comment_status":"closed","ping_status":"closed","template":"","meta":{"_acf_changed":false,"_kad_post_transparent":"default","_kad_post_title":"","_kad_post_layout":"default","_kad_post_sidebar_id":"","_kad_post_content_style":"default","_kad_post_vertical_padding":"default","_kad_post_feature":"","_kad_post_feature_position":"","_kad_post_header":false,"_kad_post_footer":false,"_kad_post_classname":""},"pwb-brand":[17],"product_brand":[],"product_cat":[135,94],"product_tag":[285,334,206,34,396,1075],"gyarto":[],"class_list":{"0":"post-6978","1":"product","2":"type-product","3":"status-publish","4":"has-post-thumbnail","6":"pwb-brand-bloomingville","7":"product_cat-cabinet","8":"product_cat-furniture","9":"product_tag-minimalist-furniture","10":"product_tag-new-arrivals","11":"product_tag-nordic-furniture","12":"product_tag-nordic-interior-design","13":"product_tag-nordic-style","14":"product_tag-spring-summer-2025","15":"pa_colour-nature","16":"pa_material-rubberwood","18":"first","19":"instock","20":"taxable","21":"shipping-taxable","22":"purchasable","23":"product-type-simple","24":"entry","25":"content-bg","26":"loop-entry"},"acf":[],"brands":[{"id":17,"name":"Bloomingville","slug":"bloomingville"}],"_links":{"self":[{"href":"https:\/\/yournordichome.com\/ro\/wp-json\/wp\/v2\/product\/6978","targetHints":{"allow":["GET"]}}],"collection":[{"href":"https:\/\/yournordichome.com\/ro\/wp-json\/wp\/v2\/product"}],"about":[{"href":"https:\/\/yournordichome.com\/ro\/wp-json\/wp\/v2\/types\/product"}],"replies":[{"embeddable":true,"href":"https:\/\/yournordichome.com\/ro\/wp-json\/wp\/v2\/comments?post=6978"}],"wp:featuredmedia":[{"embeddable":true,"href":"https:\/\/yournordichome.com\/ro\/wp-json\/wp\/v2\/media\/6781"}],"wp:attachment":[{"href":"https:\/\/yournordichome.com\/ro\/wp-json\/wp\/v2\/media?parent=6978"}],"wp:term":[{"taxonomy":"pwb-brand","embeddable":true,"href":"https:\/\/yournordichome.com\/ro\/wp-json\/wp\/v2\/pwb-brand?post=6978"},{"taxonomy":"product_brand","embeddable":true,"href":"https:\/\/yournordichome.com\/ro\/wp-json\/wp\/v2\/product_brand?post=6978"},{"taxonomy":"product_cat","embeddable":true,"href":"https:\/\/yournordichome.com\/ro\/wp-json\/wp\/v2\/product_cat?post=6978"},{"taxonomy":"product_tag","embeddable":true,"href":"https:\/\/yournordichome.com\/ro\/wp-json\/wp\/v2\/product_tag?post=6978"},{"taxonomy":"gyarto","embeddable":true,"href":"https:\/\/yournordichome.com\/ro\/wp-json\/wp\/v2\/gyarto?post=6978"}],"curies":[{"name":"wp","href":"https:\/\/api.w.org\/{rel}","templated":true}]}}