{"id":6235,"date":"2024-07-24T14:48:46","date_gmt":"2024-07-24T14:48:46","guid":{"rendered":"https:\/\/yournordichome.com\/product\/wooden-bench\/"},"modified":"2025-07-30T14:55:17","modified_gmt":"2025-07-30T14:55:17","slug":"banca-din-lemn","status":"publish","type":"product","link":"https:\/\/yournordichome.com\/ro\/product\/wooden-bench\/","title":{"rendered":"Banc\u0103 din lemn"},"content":{"rendered":"<p>Banc\u0103 din lemn de la Chic Antique, pe care o pute\u021bi folosi \u00een nenum\u0103rate moduri. O zon\u0103 de relaxare suplimentar\u0103 l\u00e2ng\u0103 masa din buc\u0103t\u0103rie, la cap\u0103tul patului sau o expunere a decora\u021biunilor dvs. preferate \u00een camera de zi. \u00centotdeauna va exista un loc \u00een cas\u0103 unde poate fi pus\u0103 \u00een valoare.<\/p>\n<p>Dimensiunile produsului: H45\/L180\/W32 cm<br \/>\nMaterial: Lemn recuperat<br \/>\nCapacitate maxim\u0103 de greutate: 240 kg<\/p>","protected":false},"excerpt":{"rendered":"<p>Banc\u0103 realizat\u0103 din lemn reciclat, care ofer\u0103 o suprafa\u021b\u0103 excelent\u0103 de \u0219edere suplimentar\u0103 sau poate fi folosit\u0103 ca decor.<\/p>","protected":false},"featured_media":6138,"comment_status":"closed","ping_status":"closed","template":"","meta":{"_acf_changed":false,"_kad_post_transparent":"default","_kad_post_title":"","_kad_post_layout":"default","_kad_post_sidebar_id":"","_kad_post_content_style":"default","_kad_post_vertical_padding":"default","_kad_post_feature":"","_kad_post_feature_position":"","_kad_post_header":false,"_kad_post_footer":false,"_kad_post_classname":""},"pwb-brand":[19],"product_brand":[],"product_cat":[171,152],"product_tag":[1069,334,398,206,397,34,396,318],"gyarto":[],"class_list":{"0":"post-6235","1":"product","2":"type-product","3":"status-publish","4":"has-post-thumbnail","6":"pwb-brand-chic-antique","7":"product_cat-bench","8":"product_cat-chair","9":"product_tag-autumn-winter-2024","10":"product_tag-new-arrivals","11":"product_tag-nordic-design","12":"product_tag-nordic-furniture","13":"product_tag-nordic-home","14":"product_tag-nordic-interior-design","15":"product_tag-nordic-style","16":"product_tag-reclaimed-wood-furniture","17":"pa_colour-nature","18":"pa_material-reclaimed-wood","20":"first","21":"instock","22":"taxable","23":"shipping-taxable","24":"purchasable","25":"product-type-simple","26":"entry","27":"content-bg","28":"loop-entry"},"acf":[],"brands":[{"id":19,"name":"Chic Antique","slug":"chic-antic"}],"_links":{"self":[{"href":"https:\/\/yournordichome.com\/ro\/wp-json\/wp\/v2\/product\/6235","targetHints":{"allow":["GET"]}}],"collection":[{"href":"https:\/\/yournordichome.com\/ro\/wp-json\/wp\/v2\/product"}],"about":[{"href":"https:\/\/yournordichome.com\/ro\/wp-json\/wp\/v2\/types\/product"}],"replies":[{"embeddable":true,"href":"https:\/\/yournordichome.com\/ro\/wp-json\/wp\/v2\/comments?post=6235"}],"wp:featuredmedia":[{"embeddable":true,"href":"https:\/\/yournordichome.com\/ro\/wp-json\/wp\/v2\/media\/6138"}],"wp:attachment":[{"href":"https:\/\/yournordichome.com\/ro\/wp-json\/wp\/v2\/media?parent=6235"}],"wp:term":[{"taxonomy":"pwb-brand","embeddable":true,"href":"https:\/\/yournordichome.com\/ro\/wp-json\/wp\/v2\/pwb-brand?post=6235"},{"taxonomy":"product_brand","embeddable":true,"href":"https:\/\/yournordichome.com\/ro\/wp-json\/wp\/v2\/product_brand?post=6235"},{"taxonomy":"product_cat","embeddable":true,"href":"https:\/\/yournordichome.com\/ro\/wp-json\/wp\/v2\/product_cat?post=6235"},{"taxonomy":"product_tag","embeddable":true,"href":"https:\/\/yournordichome.com\/ro\/wp-json\/wp\/v2\/product_tag?post=6235"},{"taxonomy":"gyarto","embeddable":true,"href":"https:\/\/yournordichome.com\/ro\/wp-json\/wp\/v2\/gyarto?post=6235"}],"curies":[{"name":"wp","href":"https:\/\/api.w.org\/{rel}","templated":true}]}}