{"id":6227,"date":"2024-07-24T14:48:46","date_gmt":"2024-07-24T14:48:46","guid":{"rendered":"https:\/\/yournordichome.com\/product\/wall-shelf-with-4-hooks\/"},"modified":"2025-09-24T15:54:29","modified_gmt":"2025-09-24T15:54:29","slug":"raft-de-perete-cu-4-carlige","status":"publish","type":"product","link":"https:\/\/yournordichome.com\/ro\/product\/wall-shelf-with-4-hooks\/","title":{"rendered":"Raft de perete cu 4 c\u00e2rlige"},"content":{"rendered":"<p>Raft de perete cu 4 c\u00e2rlige \u0219i 3 compartimente de la Chic Antique realizat din lemn de pin de culoare \u00eenchis\u0103. Poate fi folosit at\u00e2t pentru depozitare, c\u00e2t \u0219i pentru decorare.<\/p>\n<p>Dimensiunile produsului: H36\/L91\/W22 cm<br \/>\nMaterial: lemn de brad, metal<\/p>","protected":false},"excerpt":{"rendered":"<p>Raft de perete realizat din pin \u00eenchis. Trei compartimente, patru umera\u0219e \u0219i raftul superior pot fi folosite pentru depozitare \u0219i pentru aranjarea impresionant\u0103 a decora\u021biunilor.<\/p>","protected":false},"featured_media":6125,"comment_status":"closed","ping_status":"closed","template":"","meta":{"_acf_changed":false,"_kad_post_transparent":"default","_kad_post_title":"","_kad_post_layout":"default","_kad_post_sidebar_id":"","_kad_post_content_style":"default","_kad_post_vertical_padding":"default","_kad_post_feature":"","_kad_post_feature_position":"","_kad_post_header":false,"_kad_post_footer":false,"_kad_post_classname":""},"pwb-brand":[19],"product_brand":[],"product_cat":[94,167],"product_tag":[1069,334,398,206,397,34,396,257,1047,136],"gyarto":[],"class_list":{"0":"post-6227","1":"product","2":"type-product","3":"status-publish","4":"has-post-thumbnail","6":"pwb-brand-chic-antique","7":"product_cat-furniture","8":"product_cat-wall-shelf","9":"product_tag-autumn-winter-2024","10":"product_tag-new-arrivals","11":"product_tag-nordic-design","12":"product_tag-nordic-furniture","13":"product_tag-nordic-home","14":"product_tag-nordic-interior-design","15":"product_tag-nordic-style","16":"product_tag-pinewood-furniture","17":"product_tag-shelf","18":"product_tag-shelves","19":"pa_colour-brown","20":"pa_material-firwood","21":"pa_material-metal","23":"first","24":"outofstock","25":"taxable","26":"shipping-taxable","27":"purchasable","28":"product-type-simple","29":"entry","30":"content-bg","31":"loop-entry"},"acf":[],"brands":[{"id":19,"name":"Chic Antique","slug":"chic-antic"}],"_links":{"self":[{"href":"https:\/\/yournordichome.com\/ro\/wp-json\/wp\/v2\/product\/6227","targetHints":{"allow":["GET"]}}],"collection":[{"href":"https:\/\/yournordichome.com\/ro\/wp-json\/wp\/v2\/product"}],"about":[{"href":"https:\/\/yournordichome.com\/ro\/wp-json\/wp\/v2\/types\/product"}],"replies":[{"embeddable":true,"href":"https:\/\/yournordichome.com\/ro\/wp-json\/wp\/v2\/comments?post=6227"}],"wp:featuredmedia":[{"embeddable":true,"href":"https:\/\/yournordichome.com\/ro\/wp-json\/wp\/v2\/media\/6125"}],"wp:attachment":[{"href":"https:\/\/yournordichome.com\/ro\/wp-json\/wp\/v2\/media?parent=6227"}],"wp:term":[{"taxonomy":"pwb-brand","embeddable":true,"href":"https:\/\/yournordichome.com\/ro\/wp-json\/wp\/v2\/pwb-brand?post=6227"},{"taxonomy":"product_brand","embeddable":true,"href":"https:\/\/yournordichome.com\/ro\/wp-json\/wp\/v2\/product_brand?post=6227"},{"taxonomy":"product_cat","embeddable":true,"href":"https:\/\/yournordichome.com\/ro\/wp-json\/wp\/v2\/product_cat?post=6227"},{"taxonomy":"product_tag","embeddable":true,"href":"https:\/\/yournordichome.com\/ro\/wp-json\/wp\/v2\/product_tag?post=6227"},{"taxonomy":"gyarto","embeddable":true,"href":"https:\/\/yournordichome.com\/ro\/wp-json\/wp\/v2\/gyarto?post=6227"}],"curies":[{"name":"wp","href":"https:\/\/api.w.org\/{rel}","templated":true}]}}