{"id":6207,"date":"2024-07-24T14:48:26","date_gmt":"2024-07-24T14:48:26","guid":{"rendered":"https:\/\/yournordichome.com\/product\/brown-table-lamp-stoneware-2\/"},"modified":"2025-07-30T14:57:16","modified_gmt":"2025-07-30T14:57:16","slug":"lampa-de-masa-maro-din-gresie-2","status":"publish","type":"product","link":"https:\/\/yournordichome.com\/ro\/product\/brown-table-lamp-stoneware-2\/","title":{"rendered":"Lamp\u0103 de mas\u0103 maro, gresie"},"content":{"rendered":"<p>Lamp\u0103 de mas\u0103 maro de la Bloomingville cu un abajur elegant \u00een bej, cu dungi subtile, cre\u00e2nd o iluminare moale care transform\u0103 orice camer\u0103 \u00eentr-o atmosfer\u0103 confortabil\u0103.<\/p>\n<p>Dimensiunile produsului: D38xH49 cm<br \/>\nUmbr\u0103: H24 cm<br \/>\nCuloare: maro<br \/>\nCompozi\u021bie: Gresie, lenjerie, fier<br \/>\nAprobat CE: Da<br \/>\nBec: E27, obi\u0219nuit \u0219i LED<br \/>\nPuterea becului max: 40W \/ LED 5W \/ CFL 9W<br \/>\nBecul nu este inclus<br \/>\nCuloarea cablului: negru<br \/>\nLungimea cablului: 180 cm<br \/>\nUtilizare \u00een exterior: Nu<\/p>","protected":false},"excerpt":{"rendered":"<p>Lamp\u0103 de mas\u0103 cu o baz\u0103 texturat\u0103 unic\u0103 \u00eentr-o culoare maro \u00eenchis, care este izbitoare \u0219i adaug\u0103 o not\u0103 artistic\u0103.<\/p>","protected":false},"featured_media":5733,"comment_status":"closed","ping_status":"closed","template":"","meta":{"_acf_changed":false,"_kad_post_transparent":"default","_kad_post_title":"","_kad_post_layout":"default","_kad_post_sidebar_id":"","_kad_post_content_style":"default","_kad_post_vertical_padding":"default","_kad_post_feature":"","_kad_post_feature_position":"","_kad_post_header":false,"_kad_post_footer":false,"_kad_post_classname":""},"pwb-brand":[17],"product_brand":[],"product_cat":[73,72],"product_tag":[1069,334,398,397,34,117,396],"gyarto":[],"class_list":{"0":"post-6207","1":"product","2":"type-product","3":"status-publish","4":"has-post-thumbnail","6":"pwb-brand-bloomingville","7":"product_cat-desk-and-table-lamp","8":"product_cat-lamp","9":"product_tag-autumn-winter-2024","10":"product_tag-new-arrivals","11":"product_tag-nordic-design","12":"product_tag-nordic-home","13":"product_tag-nordic-interior-design","14":"product_tag-nordic-lamp","15":"product_tag-nordic-style","16":"pa_colour-brown","17":"pa_material-stoneware","19":"first","20":"instock","21":"taxable","22":"shipping-taxable","23":"purchasable","24":"product-type-simple","25":"entry","26":"content-bg","27":"loop-entry"},"acf":[],"brands":[{"id":17,"name":"Bloomingville","slug":"bloomingville"}],"_links":{"self":[{"href":"https:\/\/yournordichome.com\/ro\/wp-json\/wp\/v2\/product\/6207","targetHints":{"allow":["GET"]}}],"collection":[{"href":"https:\/\/yournordichome.com\/ro\/wp-json\/wp\/v2\/product"}],"about":[{"href":"https:\/\/yournordichome.com\/ro\/wp-json\/wp\/v2\/types\/product"}],"replies":[{"embeddable":true,"href":"https:\/\/yournordichome.com\/ro\/wp-json\/wp\/v2\/comments?post=6207"}],"wp:featuredmedia":[{"embeddable":true,"href":"https:\/\/yournordichome.com\/ro\/wp-json\/wp\/v2\/media\/5733"}],"wp:attachment":[{"href":"https:\/\/yournordichome.com\/ro\/wp-json\/wp\/v2\/media?parent=6207"}],"wp:term":[{"taxonomy":"pwb-brand","embeddable":true,"href":"https:\/\/yournordichome.com\/ro\/wp-json\/wp\/v2\/pwb-brand?post=6207"},{"taxonomy":"product_brand","embeddable":true,"href":"https:\/\/yournordichome.com\/ro\/wp-json\/wp\/v2\/product_brand?post=6207"},{"taxonomy":"product_cat","embeddable":true,"href":"https:\/\/yournordichome.com\/ro\/wp-json\/wp\/v2\/product_cat?post=6207"},{"taxonomy":"product_tag","embeddable":true,"href":"https:\/\/yournordichome.com\/ro\/wp-json\/wp\/v2\/product_tag?post=6207"},{"taxonomy":"gyarto","embeddable":true,"href":"https:\/\/yournordichome.com\/ro\/wp-json\/wp\/v2\/gyarto?post=6207"}],"curies":[{"name":"wp","href":"https:\/\/api.w.org\/{rel}","templated":true}]}}