{"id":6206,"date":"2024-07-24T14:48:26","date_gmt":"2024-07-24T14:48:26","guid":{"rendered":"https:\/\/yournordichome.com\/product\/raffia-pendant-lamp\/"},"modified":"2025-07-30T14:57:31","modified_gmt":"2025-07-30T14:57:31","slug":"lampa-suspendata-din-rafie","status":"publish","type":"product","link":"https:\/\/yournordichome.com\/ro\/product\/raffia-pendant-lamp\/","title":{"rendered":"Lamp\u0103 suspendat\u0103 Raffia"},"content":{"rendered":"<p>Lampa Raffia Pendant de la Bloomingville este realizat\u0103 din rafie de culoare natural\u0103, conferind l\u0103mpii o expresie senin\u0103. Folosi\u021bi-o deasupra unei mese de dining sau de cafea pentru a crea un punct focal natural \u00een camer\u0103.<\/p>\n<p>Dimensiunile produsului: D61xH43 cm<br \/>\nCuloare: Natur\u0103<br \/>\nCompozi\u021bie: rafie, metal<br \/>\nAprobat CE: Da<br \/>\nBec: E27, obi\u0219nuit \u0219i LED<br \/>\nPuterea becului max: 40W \/ LED 5W \/ CFL 9W<br \/>\nBecul nu este inclus<br \/>\nCupa de tavan: Da<br \/>\nCuloarea cordonului: Nature<br \/>\nLungimea cablului: 250 cm<br \/>\nMaterial cablu: PC + Fabric<br \/>\nFitinguri: Da<br \/>\nUtilizare \u00een exterior: Nu<\/p>","protected":false},"excerpt":{"rendered":"<p>Plafonier\u0103 realizat\u0103 din rafie, cu un design spectaculos, dar sobru. Materialul natural \u00eei confer\u0103 un aspect calm.<\/p>","protected":false},"featured_media":5922,"comment_status":"closed","ping_status":"closed","template":"","meta":{"_acf_changed":false,"_kad_post_transparent":"default","_kad_post_title":"","_kad_post_layout":"default","_kad_post_sidebar_id":"","_kad_post_content_style":"default","_kad_post_vertical_padding":"default","_kad_post_feature":"","_kad_post_feature_position":"","_kad_post_header":false,"_kad_post_footer":false,"_kad_post_classname":""},"pwb-brand":[17],"product_brand":[],"product_cat":[72,114],"product_tag":[1069,116,334,398,397,34,117,396],"gyarto":[],"class_list":{"0":"post-6206","1":"product","2":"type-product","3":"status-publish","4":"has-post-thumbnail","6":"pwb-brand-bloomingville","7":"product_cat-lamp","8":"product_cat-pendant-lamp","9":"product_tag-autumn-winter-2024","10":"product_tag-ceiling-lamp","11":"product_tag-new-arrivals","12":"product_tag-nordic-design","13":"product_tag-nordic-home","14":"product_tag-nordic-interior-design","15":"product_tag-nordic-lamp","16":"product_tag-nordic-style","17":"pa_colour-nature","18":"pa_material-raffia","20":"first","21":"instock","22":"taxable","23":"shipping-taxable","24":"purchasable","25":"product-type-simple","26":"entry","27":"content-bg","28":"loop-entry"},"acf":[],"brands":[{"id":17,"name":"Bloomingville","slug":"bloomingville"}],"_links":{"self":[{"href":"https:\/\/yournordichome.com\/ro\/wp-json\/wp\/v2\/product\/6206","targetHints":{"allow":["GET"]}}],"collection":[{"href":"https:\/\/yournordichome.com\/ro\/wp-json\/wp\/v2\/product"}],"about":[{"href":"https:\/\/yournordichome.com\/ro\/wp-json\/wp\/v2\/types\/product"}],"replies":[{"embeddable":true,"href":"https:\/\/yournordichome.com\/ro\/wp-json\/wp\/v2\/comments?post=6206"}],"wp:featuredmedia":[{"embeddable":true,"href":"https:\/\/yournordichome.com\/ro\/wp-json\/wp\/v2\/media\/5922"}],"wp:attachment":[{"href":"https:\/\/yournordichome.com\/ro\/wp-json\/wp\/v2\/media?parent=6206"}],"wp:term":[{"taxonomy":"pwb-brand","embeddable":true,"href":"https:\/\/yournordichome.com\/ro\/wp-json\/wp\/v2\/pwb-brand?post=6206"},{"taxonomy":"product_brand","embeddable":true,"href":"https:\/\/yournordichome.com\/ro\/wp-json\/wp\/v2\/product_brand?post=6206"},{"taxonomy":"product_cat","embeddable":true,"href":"https:\/\/yournordichome.com\/ro\/wp-json\/wp\/v2\/product_cat?post=6206"},{"taxonomy":"product_tag","embeddable":true,"href":"https:\/\/yournordichome.com\/ro\/wp-json\/wp\/v2\/product_tag?post=6206"},{"taxonomy":"gyarto","embeddable":true,"href":"https:\/\/yournordichome.com\/ro\/wp-json\/wp\/v2\/gyarto?post=6206"}],"curies":[{"name":"wp","href":"https:\/\/api.w.org\/{rel}","templated":true}]}}