{"id":6203,"date":"2024-07-24T14:48:05","date_gmt":"2024-07-24T14:48:05","guid":{"rendered":"https:\/\/yournordichome.com\/product\/floor-lamp-in-linen\/"},"modified":"2025-07-30T16:17:01","modified_gmt":"2025-07-30T16:17:01","slug":"lampa-de-podea-din-in","status":"publish","type":"product","link":"https:\/\/yournordichome.com\/ro\/product\/floor-lamp-in-linen\/","title":{"rendered":"Lamp\u0103 de podea din in"},"content":{"rendered":"<p>Lamp\u0103 de podea din in de Bloomingville care este alegerea perfect\u0103 pentru a crea o atmosfer\u0103 de iluminare confortabil\u0103 \u00een casa ta. Lampa cu bec at\u00e2t \u00een baz\u0103 c\u00e2t \u0219i \u00een abajur, ofer\u0103 o iluminare complet\u0103 \u0219i primitoare \u00een camer\u0103.<\/p>\n<p>Dimensiunile produsului: D28xH120 cm<br \/>\nUmbr\u0103: H70 cm<br \/>\nCuloare: Natur\u0103<br \/>\nCompozi\u021bie: Lenjerie, fier<br \/>\nAprobat CE: Da<br \/>\nClasa de energie a becului: Toate clasele<br \/>\nBec: Obi\u0219nuit, 2 x E27<br \/>\nPuterea becului: max 2 x 40W \/ 5W LED \/ 9W CFL<br \/>\nBecul nu este inclus<br \/>\nCablu: 180 cm, plastic transparent<br \/>\nPorni\u021bi cablul<br \/>\nUtilizare \u00een exterior: Nu<\/p>","protected":false},"excerpt":{"rendered":"<p>Lamp\u0103 de podea cu un design simplu, cu un abajur \u0219i o baz\u0103 realizate din in. Aceast\u0103 lamp\u0103 de podea poate lumina orice col\u021b \u00eentunecat \u0219i crea o atmosfer\u0103 cald\u0103 \u00een orice spa\u021biu.<\/p>","protected":false},"featured_media":5807,"comment_status":"closed","ping_status":"closed","template":"","meta":{"_acf_changed":false,"_kad_post_transparent":"default","_kad_post_title":"","_kad_post_layout":"default","_kad_post_sidebar_id":"","_kad_post_content_style":"default","_kad_post_vertical_padding":"default","_kad_post_feature":"","_kad_post_feature_position":"","_kad_post_header":false,"_kad_post_footer":false,"_kad_post_classname":""},"pwb-brand":[17],"product_brand":[],"product_cat":[176,72],"product_tag":[1069,285,334,398,397,34,396],"gyarto":[],"class_list":{"0":"post-6203","1":"product","2":"type-product","3":"status-publish","4":"has-post-thumbnail","6":"pwb-brand-bloomingville","7":"product_cat-floor-lamp","8":"product_cat-lamp","9":"product_tag-autumn-winter-2024","10":"product_tag-minimalist-furniture","11":"product_tag-new-arrivals","12":"product_tag-nordic-design","13":"product_tag-nordic-home","14":"product_tag-nordic-interior-design","15":"product_tag-nordic-style","16":"pa_colour-nature","17":"pa_material-linen","19":"first","20":"instock","21":"taxable","22":"shipping-taxable","23":"purchasable","24":"product-type-simple","25":"entry","26":"content-bg","27":"loop-entry"},"acf":[],"brands":[{"id":17,"name":"Bloomingville","slug":"bloomingville"}],"_links":{"self":[{"href":"https:\/\/yournordichome.com\/ro\/wp-json\/wp\/v2\/product\/6203","targetHints":{"allow":["GET"]}}],"collection":[{"href":"https:\/\/yournordichome.com\/ro\/wp-json\/wp\/v2\/product"}],"about":[{"href":"https:\/\/yournordichome.com\/ro\/wp-json\/wp\/v2\/types\/product"}],"replies":[{"embeddable":true,"href":"https:\/\/yournordichome.com\/ro\/wp-json\/wp\/v2\/comments?post=6203"}],"wp:featuredmedia":[{"embeddable":true,"href":"https:\/\/yournordichome.com\/ro\/wp-json\/wp\/v2\/media\/5807"}],"wp:attachment":[{"href":"https:\/\/yournordichome.com\/ro\/wp-json\/wp\/v2\/media?parent=6203"}],"wp:term":[{"taxonomy":"pwb-brand","embeddable":true,"href":"https:\/\/yournordichome.com\/ro\/wp-json\/wp\/v2\/pwb-brand?post=6203"},{"taxonomy":"product_brand","embeddable":true,"href":"https:\/\/yournordichome.com\/ro\/wp-json\/wp\/v2\/product_brand?post=6203"},{"taxonomy":"product_cat","embeddable":true,"href":"https:\/\/yournordichome.com\/ro\/wp-json\/wp\/v2\/product_cat?post=6203"},{"taxonomy":"product_tag","embeddable":true,"href":"https:\/\/yournordichome.com\/ro\/wp-json\/wp\/v2\/product_tag?post=6203"},{"taxonomy":"gyarto","embeddable":true,"href":"https:\/\/yournordichome.com\/ro\/wp-json\/wp\/v2\/gyarto?post=6203"}],"curies":[{"name":"wp","href":"https:\/\/api.w.org\/{rel}","templated":true}]}}