{"id":6199,"date":"2024-07-24T14:48:05","date_gmt":"2024-07-24T14:48:05","guid":{"rendered":"https:\/\/yournordichome.com\/product\/mango-wood-coffee-table-2\/"},"modified":"2025-10-26T07:47:53","modified_gmt":"2025-10-26T07:47:53","slug":"masa-de-cafea-din-lemn-de-mango-2","status":"publish","type":"product","link":"https:\/\/yournordichome.com\/ro\/product\/mango-wood-coffee-table-2\/","title":{"rendered":"Mas\u0103 de cafea din lemn de mango"},"content":{"rendered":"<p>M\u0103su\u021b\u0103 de cafea din lemn de mango de la Bloomingville, cu un design unic. Ofer\u0103 spa\u021biu amplu de depozitare, dar te sim\u021bi gra\u021bios \u0219i u\u0219or. Masa este ideal\u0103 \u0219i ca suport pentru televizor sau pentru a expune c\u0103r\u021bi de cafea, vaze \u0219i alte obiecte decorative.<\/p>\n<p>Dimensiunile produsului: L100xH40,5xW61 cm<br \/>\nCuloare: Natur\u0103<br \/>\nCompozi\u021bie: Lemn de mango<br \/>\nFinisaj produs: Lac<br \/>\nInstruc\u021biuni de \u00eengrijire: Cur\u0103\u021ba\u021bi cu o c\u00e2rp\u0103 umed\u0103.<br \/>\nCapacitate maxim\u0103 de \u00eenc\u0103rcare: sus 40 kg \/ raft 40 kg<br \/>\nPot ap\u0103rea varia\u021bii de culoare din cauza materialelor<\/p>","protected":false},"excerpt":{"rendered":"<p>M\u0103su\u021b\u0103 de cafea din lemn de mango vopsit \u00eenchis, cu un design oval decorativ \u0219i un raft practic de depozitare sub mas\u0103.<\/p>","protected":false},"featured_media":5864,"comment_status":"closed","ping_status":"closed","template":"","meta":{"_acf_changed":false,"_kad_post_transparent":"default","_kad_post_title":"","_kad_post_layout":"default","_kad_post_sidebar_id":"","_kad_post_content_style":"default","_kad_post_vertical_padding":"default","_kad_post_feature":"","_kad_post_feature_position":"","_kad_post_header":false,"_kad_post_footer":false,"_kad_post_classname":""},"pwb-brand":[17],"product_brand":[],"product_cat":[158,157],"product_tag":[1069,205,334,398,397,34,396],"gyarto":[],"class_list":{"0":"post-6199","1":"product","2":"type-product","3":"status-publish","4":"has-post-thumbnail","6":"pwb-brand-bloomingville","7":"product_cat-coffee-table","8":"product_cat-table","9":"product_tag-autumn-winter-2024","10":"product_tag-mango-wood-furniture","11":"product_tag-new-arrivals","12":"product_tag-nordic-design","13":"product_tag-nordic-home","14":"product_tag-nordic-interior-design","15":"product_tag-nordic-style","16":"pa_colour-nature","17":"pa_material-mango-wood","19":"first","20":"instock","21":"taxable","22":"shipping-taxable","23":"purchasable","24":"product-type-simple","25":"entry","26":"content-bg","27":"loop-entry"},"acf":[],"brands":[{"id":17,"name":"Bloomingville","slug":"bloomingville"}],"_links":{"self":[{"href":"https:\/\/yournordichome.com\/ro\/wp-json\/wp\/v2\/product\/6199","targetHints":{"allow":["GET"]}}],"collection":[{"href":"https:\/\/yournordichome.com\/ro\/wp-json\/wp\/v2\/product"}],"about":[{"href":"https:\/\/yournordichome.com\/ro\/wp-json\/wp\/v2\/types\/product"}],"replies":[{"embeddable":true,"href":"https:\/\/yournordichome.com\/ro\/wp-json\/wp\/v2\/comments?post=6199"}],"wp:featuredmedia":[{"embeddable":true,"href":"https:\/\/yournordichome.com\/ro\/wp-json\/wp\/v2\/media\/5864"}],"wp:attachment":[{"href":"https:\/\/yournordichome.com\/ro\/wp-json\/wp\/v2\/media?parent=6199"}],"wp:term":[{"taxonomy":"pwb-brand","embeddable":true,"href":"https:\/\/yournordichome.com\/ro\/wp-json\/wp\/v2\/pwb-brand?post=6199"},{"taxonomy":"product_brand","embeddable":true,"href":"https:\/\/yournordichome.com\/ro\/wp-json\/wp\/v2\/product_brand?post=6199"},{"taxonomy":"product_cat","embeddable":true,"href":"https:\/\/yournordichome.com\/ro\/wp-json\/wp\/v2\/product_cat?post=6199"},{"taxonomy":"product_tag","embeddable":true,"href":"https:\/\/yournordichome.com\/ro\/wp-json\/wp\/v2\/product_tag?post=6199"},{"taxonomy":"gyarto","embeddable":true,"href":"https:\/\/yournordichome.com\/ro\/wp-json\/wp\/v2\/gyarto?post=6199"}],"curies":[{"name":"wp","href":"https:\/\/api.w.org\/{rel}","templated":true}]}}