{"id":6197,"date":"2024-07-24T14:48:05","date_gmt":"2024-07-24T14:48:05","guid":{"rendered":"https:\/\/yournordichome.com\/product\/brown-cotton-wall-decor\/"},"modified":"2025-07-30T16:17:18","modified_gmt":"2025-07-30T16:17:18","slug":"decor-de-perete-din-bumbac-maro","status":"publish","type":"product","link":"https:\/\/yournordichome.com\/ro\/product\/brown-cotton-wall-decor\/","title":{"rendered":"Decor de perete din bumbac maro"},"content":{"rendered":"<p>Decor de perete din bumbac maro de la Bloomingville, cu nuan\u021be discrete \u0219i o suprafa\u021b\u0103 cu textur\u0103 interesant\u0103. Decorul de perete are o ram\u0103 neagr\u0103, elegant\u0103, care creeaz\u0103 o expresie curat\u0103 \u0219i minimalist\u0103 pentru designul atr\u0103g\u0103tor.<\/p>\n<p>Dimensiunile produsului: L50xH70xW2 cm<br \/>\nCuloare: maro<br \/>\nCompozi\u021bie: lemn de stejar, MDF, bumbac, iut\u0103<\/p>","protected":false},"excerpt":{"rendered":"<p>Decor de perete conceput \u00eentr-un stil modern, abstract, realizat din bumbac. Acesta prezint\u0103 un model de linii suprapuse \u0219i forme geometrice, create prin varia\u021bii de textur\u0103 \u0219i nuan\u021be de bej \u0219i maro.<\/p>","protected":false},"featured_media":5725,"comment_status":"closed","ping_status":"closed","template":"","meta":{"_acf_changed":false,"_kad_post_transparent":"default","_kad_post_title":"","_kad_post_layout":"default","_kad_post_sidebar_id":"","_kad_post_content_style":"default","_kad_post_vertical_padding":"default","_kad_post_feature":"","_kad_post_feature_position":"","_kad_post_header":false,"_kad_post_footer":false,"_kad_post_classname":""},"pwb-brand":[17],"product_brand":[],"product_cat":[23,355],"product_tag":[1069,146,450,334,452,398,397,26,34,396,289],"gyarto":[],"class_list":{"0":"post-6197","1":"product","2":"type-product","3":"status-publish","4":"has-post-thumbnail","6":"pwb-brand-bloomingville","7":"product_cat-home-decor","8":"product_cat-poster","9":"product_tag-autumn-winter-2024","10":"product_tag-ethno-style","11":"product_tag-home-decoration","12":"product_tag-new-arrivals","13":"product_tag-nordic-decoration","14":"product_tag-nordic-design","15":"product_tag-nordic-home","16":"product_tag-nordic-home-decor","17":"product_tag-nordic-interior-design","18":"product_tag-nordic-style","19":"product_tag-wall-decor","20":"pa_colour-brown","21":"pa_material-cotton","23":"first","24":"instock","25":"taxable","26":"shipping-taxable","27":"purchasable","28":"product-type-simple","29":"entry","30":"content-bg","31":"loop-entry"},"acf":[],"brands":[{"id":17,"name":"Bloomingville","slug":"bloomingville"}],"_links":{"self":[{"href":"https:\/\/yournordichome.com\/ro\/wp-json\/wp\/v2\/product\/6197","targetHints":{"allow":["GET"]}}],"collection":[{"href":"https:\/\/yournordichome.com\/ro\/wp-json\/wp\/v2\/product"}],"about":[{"href":"https:\/\/yournordichome.com\/ro\/wp-json\/wp\/v2\/types\/product"}],"replies":[{"embeddable":true,"href":"https:\/\/yournordichome.com\/ro\/wp-json\/wp\/v2\/comments?post=6197"}],"wp:featuredmedia":[{"embeddable":true,"href":"https:\/\/yournordichome.com\/ro\/wp-json\/wp\/v2\/media\/5725"}],"wp:attachment":[{"href":"https:\/\/yournordichome.com\/ro\/wp-json\/wp\/v2\/media?parent=6197"}],"wp:term":[{"taxonomy":"pwb-brand","embeddable":true,"href":"https:\/\/yournordichome.com\/ro\/wp-json\/wp\/v2\/pwb-brand?post=6197"},{"taxonomy":"product_brand","embeddable":true,"href":"https:\/\/yournordichome.com\/ro\/wp-json\/wp\/v2\/product_brand?post=6197"},{"taxonomy":"product_cat","embeddable":true,"href":"https:\/\/yournordichome.com\/ro\/wp-json\/wp\/v2\/product_cat?post=6197"},{"taxonomy":"product_tag","embeddable":true,"href":"https:\/\/yournordichome.com\/ro\/wp-json\/wp\/v2\/product_tag?post=6197"},{"taxonomy":"gyarto","embeddable":true,"href":"https:\/\/yournordichome.com\/ro\/wp-json\/wp\/v2\/gyarto?post=6197"}],"curies":[{"name":"wp","href":"https:\/\/api.w.org\/{rel}","templated":true}]}}