{"id":6186,"date":"2024-07-24T14:48:05","date_gmt":"2024-07-24T14:48:05","guid":{"rendered":"https:\/\/yournordichome.com\/product\/yellow-wall-shelf-reclaimed-wood\/"},"modified":"2025-08-12T15:54:15","modified_gmt":"2025-08-12T15:54:15","slug":"raft-de-perete-galben-din-lemn-recuperat","status":"publish","type":"product","link":"https:\/\/yournordichome.com\/ro\/product\/yellow-wall-shelf-reclaimed-wood\/","title":{"rendered":"Raft de perete galben, Lemn recuperat"},"content":{"rendered":"<p>Raft de perete galben realizat din lemn recuperat de Bloomingville, o pies\u0103 colorat\u0103 pentru o not\u0103 personal\u0103 \u0219i un sentiment de acas\u0103. Expune\u021bi-v\u0103 obiectele preferate sau folosi\u021bi-l ca suport pentru colec\u021bia dvs. de c\u0103ni pentru a ob\u021bine un efect confortabil.<\/p>\n<p>Dimensiunile produsului: L70xH70xW10 cm<br \/>\nDistan\u021ba dintre rafturi: 16 cm<br \/>\nCuloare: galben<br \/>\nFinisaj produs: Vopsea<br \/>\nCompozi\u021bie: Lemn recuperat, fier<br \/>\nInstruc\u021biuni de \u00eengrijire: Cur\u0103\u021ba\u021bi cu o c\u00e2rp\u0103 umed\u0103.<br \/>\nCapacitate maxim\u0103 de greutate: 1,50 kg \u00een fiecare camer\u0103<\/p>","protected":false},"excerpt":{"rendered":"<p>Raft de perete realizat din lemn recuperat, vopsit \u00eentr-un galben u\u0219or deteriorat. Culoarea galben\u0103 \u00eendr\u0103znea\u021b\u0103 a raftului adaug\u0103 o not\u0103 vibrant\u0103 decorului dvs.<\/p>","protected":false},"featured_media":5994,"comment_status":"closed","ping_status":"closed","template":"","meta":{"_acf_changed":false,"_kad_post_transparent":"default","_kad_post_title":"","_kad_post_layout":"default","_kad_post_sidebar_id":"","_kad_post_content_style":"default","_kad_post_vertical_padding":"default","_kad_post_feature":"","_kad_post_feature_position":"","_kad_post_header":false,"_kad_post_footer":false,"_kad_post_classname":""},"pwb-brand":[17],"product_brand":[],"product_cat":[94,167],"product_tag":[1069,146,319,334,398,26,34,396,318,1047,136],"gyarto":[],"class_list":{"0":"post-6186","1":"product","2":"type-product","3":"status-publish","4":"has-post-thumbnail","6":"pwb-brand-bloomingville","7":"product_cat-furniture","8":"product_cat-wall-shelf","9":"product_tag-autumn-winter-2024","10":"product_tag-ethno-style","11":"product_tag-kitchen-shelves","12":"product_tag-new-arrivals","13":"product_tag-nordic-design","14":"product_tag-nordic-home-decor","15":"product_tag-nordic-interior-design","16":"product_tag-nordic-style","17":"product_tag-reclaimed-wood-furniture","18":"product_tag-shelf","19":"product_tag-shelves","20":"pa_colour-yellow","21":"pa_material-reclaimed-wood","23":"first","24":"instock","25":"taxable","26":"shipping-taxable","27":"purchasable","28":"product-type-simple","29":"entry","30":"content-bg","31":"loop-entry"},"acf":[],"brands":[{"id":17,"name":"Bloomingville","slug":"bloomingville"}],"_links":{"self":[{"href":"https:\/\/yournordichome.com\/ro\/wp-json\/wp\/v2\/product\/6186","targetHints":{"allow":["GET"]}}],"collection":[{"href":"https:\/\/yournordichome.com\/ro\/wp-json\/wp\/v2\/product"}],"about":[{"href":"https:\/\/yournordichome.com\/ro\/wp-json\/wp\/v2\/types\/product"}],"replies":[{"embeddable":true,"href":"https:\/\/yournordichome.com\/ro\/wp-json\/wp\/v2\/comments?post=6186"}],"wp:featuredmedia":[{"embeddable":true,"href":"https:\/\/yournordichome.com\/ro\/wp-json\/wp\/v2\/media\/5994"}],"wp:attachment":[{"href":"https:\/\/yournordichome.com\/ro\/wp-json\/wp\/v2\/media?parent=6186"}],"wp:term":[{"taxonomy":"pwb-brand","embeddable":true,"href":"https:\/\/yournordichome.com\/ro\/wp-json\/wp\/v2\/pwb-brand?post=6186"},{"taxonomy":"product_brand","embeddable":true,"href":"https:\/\/yournordichome.com\/ro\/wp-json\/wp\/v2\/product_brand?post=6186"},{"taxonomy":"product_cat","embeddable":true,"href":"https:\/\/yournordichome.com\/ro\/wp-json\/wp\/v2\/product_cat?post=6186"},{"taxonomy":"product_tag","embeddable":true,"href":"https:\/\/yournordichome.com\/ro\/wp-json\/wp\/v2\/product_tag?post=6186"},{"taxonomy":"gyarto","embeddable":true,"href":"https:\/\/yournordichome.com\/ro\/wp-json\/wp\/v2\/gyarto?post=6186"}],"curies":[{"name":"wp","href":"https:\/\/api.w.org\/{rel}","templated":true}]}}