{"id":6183,"date":"2024-07-24T14:47:45","date_gmt":"2024-07-24T14:47:45","guid":{"rendered":"https:\/\/yournordichome.com\/product\/bocca-lounge-chair\/"},"modified":"2025-12-18T10:06:53","modified_gmt":"2025-12-18T10:06:53","slug":"scaun-lounge-bocca","status":"publish","type":"product","link":"https:\/\/yournordichome.com\/ro\/product\/bocca-lounge-chair\/","title":{"rendered":"Scaun Bocca Lounge"},"content":{"rendered":"<p>Scaunul Bocca Lounge Chair de la Bloomingville are o func\u021bie pivotant\u0103 care aduce o dimensiune practic\u0103 mobilierului, f\u0103c\u00e2ndu-l perfect pentru o camer\u0103 de zi \u00een care flexibilitatea este cuv\u00e2ntul cheie.<\/p>\n<p>Dimensiunile produsului: L89xH73xW86 cm<br \/>\n\u00cen\u0103l\u021bimea scaunului: 40 cm<br \/>\nAd\u00e2ncimea scaunului: 62 cm<br \/>\nCuloare: Natur\u0103<br \/>\nCompozi\u021bie: Poliester, lemn de pin, fier<br \/>\nInstruc\u021biuni de \u00eengrijire: Cur\u0103\u021bare la fa\u021ba locului \u0219i aspirare<br \/>\nCapacitate maxim\u0103 de greutate: 200 kg<\/p>","protected":false},"excerpt":{"rendered":"<p>Scaun de relaxare \u00een form\u0103 organic\u0103, cu hus\u0103 din poliester moale, texturat\u0103, \u00een culori discrete, care ofer\u0103 un aspect modern.<\/p>","protected":false},"featured_media":5700,"comment_status":"closed","ping_status":"closed","template":"","meta":{"_acf_changed":false,"_kad_post_transparent":"default","_kad_post_title":"","_kad_post_layout":"default","_kad_post_sidebar_id":"","_kad_post_content_style":"default","_kad_post_vertical_padding":"default","_kad_post_feature":"","_kad_post_feature_position":"","_kad_post_header":false,"_kad_post_footer":false,"_kad_post_classname":""},"pwb-brand":[17],"product_brand":[],"product_cat":[152,153],"product_tag":[154,1069,334,398,26,34,396],"gyarto":[],"class_list":{"0":"post-6183","1":"product","2":"type-product","3":"status-publish","4":"has-post-thumbnail","6":"pwb-brand-bloomingville","7":"product_cat-chair","8":"product_cat-lounge-chair","9":"product_tag-armchair","10":"product_tag-autumn-winter-2024","11":"product_tag-new-arrivals","12":"product_tag-nordic-design","13":"product_tag-nordic-home-decor","14":"product_tag-nordic-interior-design","15":"product_tag-nordic-style","16":"pa_colour-nature","17":"pa_material-polyester","19":"first","20":"instock","21":"taxable","22":"shipping-taxable","23":"purchasable","24":"product-type-simple","25":"entry","26":"content-bg","27":"loop-entry"},"acf":[],"brands":[{"id":17,"name":"Bloomingville","slug":"bloomingville"}],"_links":{"self":[{"href":"https:\/\/yournordichome.com\/ro\/wp-json\/wp\/v2\/product\/6183","targetHints":{"allow":["GET"]}}],"collection":[{"href":"https:\/\/yournordichome.com\/ro\/wp-json\/wp\/v2\/product"}],"about":[{"href":"https:\/\/yournordichome.com\/ro\/wp-json\/wp\/v2\/types\/product"}],"replies":[{"embeddable":true,"href":"https:\/\/yournordichome.com\/ro\/wp-json\/wp\/v2\/comments?post=6183"}],"wp:featuredmedia":[{"embeddable":true,"href":"https:\/\/yournordichome.com\/ro\/wp-json\/wp\/v2\/media\/5700"}],"wp:attachment":[{"href":"https:\/\/yournordichome.com\/ro\/wp-json\/wp\/v2\/media?parent=6183"}],"wp:term":[{"taxonomy":"pwb-brand","embeddable":true,"href":"https:\/\/yournordichome.com\/ro\/wp-json\/wp\/v2\/pwb-brand?post=6183"},{"taxonomy":"product_brand","embeddable":true,"href":"https:\/\/yournordichome.com\/ro\/wp-json\/wp\/v2\/product_brand?post=6183"},{"taxonomy":"product_cat","embeddable":true,"href":"https:\/\/yournordichome.com\/ro\/wp-json\/wp\/v2\/product_cat?post=6183"},{"taxonomy":"product_tag","embeddable":true,"href":"https:\/\/yournordichome.com\/ro\/wp-json\/wp\/v2\/product_tag?post=6183"},{"taxonomy":"gyarto","embeddable":true,"href":"https:\/\/yournordichome.com\/ro\/wp-json\/wp\/v2\/gyarto?post=6183"}],"curies":[{"name":"wp","href":"https:\/\/api.w.org\/{rel}","templated":true}]}}