{"id":6153,"date":"2024-07-24T14:47:25","date_gmt":"2024-07-24T14:47:25","guid":{"rendered":"https:\/\/yournordichome.com\/product\/timone-basket-with-lid\/"},"modified":"2026-01-30T16:04:42","modified_gmt":"2026-01-30T16:04:42","slug":"cos-timone-cu-capac","status":"publish","type":"product","link":"https:\/\/yournordichome.com\/ro\/product\/timone-basket-with-lid\/","title":{"rendered":"Co\u0219 Timone cu capac"},"content":{"rendered":"<p>Co\u0219ul Timone cu capac de la Bloomingville MINI vine cu un capac care poate fi \u00eendep\u0103rtat, facilit\u00e2nd accesul m\u00e2nu\u021belor mici la ursule\u021bi \u0219i juc\u0103rii \u0219i ascunderea lor din nou. Aspectul co\u0219ului poate varia \u00een func\u021bie de sezonul \u00een care materialul este recoltat.<\/p>\n<p>Dimensiunile produsului: D40xH57 cm<br \/>\nCuloare: Natur\u0103<br \/>\nCompozi\u021bie: Hyacinth de ap\u0103, fier, bumbac<br \/>\nPot ap\u0103rea varia\u021bii din cauza materialelor.<\/p>","protected":false},"excerpt":{"rendered":"<p>Co\u0219 cu capac care este ideal pentru depozitare, fiind \u00een acela\u0219i timp \u0219i un partener de joac\u0103 distractiv. Co\u0219ul mare de urs \u021bine eviden\u021ba tuturor juc\u0103riilor \u0219i adaug\u0103 o not\u0103 confortabil\u0103 oric\u0103rei camere.<\/p>","protected":false},"featured_media":5949,"comment_status":"closed","ping_status":"closed","template":"","meta":{"_acf_changed":false,"_kad_post_transparent":"default","_kad_post_title":"","_kad_post_layout":"default","_kad_post_sidebar_id":"","_kad_post_content_style":"default","_kad_post_vertical_padding":"default","_kad_post_feature":"","_kad_post_feature_position":"","_kad_post_header":false,"_kad_post_footer":false,"_kad_post_classname":""},"pwb-brand":[17],"product_brand":[],"product_cat":[77,47],"product_tag":[1069,148,334,398,206,397,255,187],"gyarto":[],"class_list":{"0":"post-6153","1":"product","2":"type-product","3":"status-publish","4":"has-post-thumbnail","6":"pwb-brand-bloomingville","7":"product_cat-childrens-furniture","8":"product_cat-kids","9":"product_tag-autumn-winter-2024","10":"product_tag-kids-room-storage","11":"product_tag-new-arrivals","12":"product_tag-nordic-design","13":"product_tag-nordic-furniture","14":"product_tag-nordic-home","15":"product_tag-seagrass-furniture","16":"product_tag-storage-basket","17":"pa_colour-nature","18":"pa_material-water-hyacinth","20":"first","21":"instock","22":"taxable","23":"shipping-taxable","24":"purchasable","25":"product-type-simple","26":"entry","27":"content-bg","28":"loop-entry"},"acf":[],"brands":[{"id":17,"name":"Bloomingville","slug":"bloomingville"}],"_links":{"self":[{"href":"https:\/\/yournordichome.com\/ro\/wp-json\/wp\/v2\/product\/6153","targetHints":{"allow":["GET"]}}],"collection":[{"href":"https:\/\/yournordichome.com\/ro\/wp-json\/wp\/v2\/product"}],"about":[{"href":"https:\/\/yournordichome.com\/ro\/wp-json\/wp\/v2\/types\/product"}],"replies":[{"embeddable":true,"href":"https:\/\/yournordichome.com\/ro\/wp-json\/wp\/v2\/comments?post=6153"}],"wp:featuredmedia":[{"embeddable":true,"href":"https:\/\/yournordichome.com\/ro\/wp-json\/wp\/v2\/media\/5949"}],"wp:attachment":[{"href":"https:\/\/yournordichome.com\/ro\/wp-json\/wp\/v2\/media?parent=6153"}],"wp:term":[{"taxonomy":"pwb-brand","embeddable":true,"href":"https:\/\/yournordichome.com\/ro\/wp-json\/wp\/v2\/pwb-brand?post=6153"},{"taxonomy":"product_brand","embeddable":true,"href":"https:\/\/yournordichome.com\/ro\/wp-json\/wp\/v2\/product_brand?post=6153"},{"taxonomy":"product_cat","embeddable":true,"href":"https:\/\/yournordichome.com\/ro\/wp-json\/wp\/v2\/product_cat?post=6153"},{"taxonomy":"product_tag","embeddable":true,"href":"https:\/\/yournordichome.com\/ro\/wp-json\/wp\/v2\/product_tag?post=6153"},{"taxonomy":"gyarto","embeddable":true,"href":"https:\/\/yournordichome.com\/ro\/wp-json\/wp\/v2\/gyarto?post=6153"}],"curies":[{"name":"wp","href":"https:\/\/api.w.org\/{rel}","templated":true}]}}