{"id":6152,"date":"2024-07-24T14:47:25","date_gmt":"2024-07-24T14:47:25","guid":{"rendered":"https:\/\/yournordichome.com\/product\/jani-floor-lamp-nature-stoneware\/"},"modified":"2025-07-30T16:25:20","modified_gmt":"2025-07-30T16:25:20","slug":"jani-lampa-de-podea-natura-gresie","status":"publish","type":"product","link":"https:\/\/yournordichome.com\/ro\/product\/jani-floor-lamp-nature-stoneware\/","title":{"rendered":"Jani Lamp\u0103 de podea, Natur\u0103, Gresie"},"content":{"rendered":"<p>Lampa de podea Jani de la Bloomingville este o lamp\u0103 de podea elegant\u0103. Abajurul simplu este decorat cu dungi verticale care creeaz\u0103 un contrast frumos cu aspectul natural al bazei.<\/p>\n<p>Dimensiunile produsului: D24xH114 cm<br \/>\nDimensiunea abajurului: H65 cm<br \/>\nCuloare: Natur\u0103<br \/>\nCompozi\u021bie: Gresie, lenjerie, fier<br \/>\nAprobat CE: Da<br \/>\nClasa de energie a becului: Toate clasele<br \/>\nDimensiunea becului: E27, obi\u0219nuit \u0219i LED<br \/>\nPuterea becului max: 40W \/ LED 5W \/ CFL 9W<br \/>\nBecul nu este inclus.<br \/>\nCord: Transparent, plastic, 200 cm<br \/>\nUtilizare \u00een exterior: Nu<br \/>\nComutator cu pedal\u0103 pe cablu.<\/p>","protected":false},"excerpt":{"rendered":"<p>Lamp\u0103 de podea care combin\u0103 designul modern cu o atingere a formelor naturii. Baza l\u0103mpii are o textur\u0103 organic\u0103, \u00een timp ce culoarea neutr\u0103 ofer\u0103 o expresie calm\u0103 \u0219i p\u0103m\u00e2ntie.<\/p>","protected":false},"featured_media":5840,"comment_status":"closed","ping_status":"closed","template":"","meta":{"_acf_changed":false,"_kad_post_transparent":"default","_kad_post_title":"","_kad_post_layout":"default","_kad_post_sidebar_id":"","_kad_post_content_style":"default","_kad_post_vertical_padding":"default","_kad_post_feature":"","_kad_post_feature_position":"","_kad_post_header":false,"_kad_post_footer":false,"_kad_post_classname":""},"pwb-brand":[17],"product_brand":[],"product_cat":[176,72],"product_tag":[1069,334,398,206,397,117],"gyarto":[],"class_list":{"0":"post-6152","1":"product","2":"type-product","3":"status-publish","4":"has-post-thumbnail","6":"pwb-brand-bloomingville","7":"product_cat-floor-lamp","8":"product_cat-lamp","9":"product_tag-autumn-winter-2024","10":"product_tag-new-arrivals","11":"product_tag-nordic-design","12":"product_tag-nordic-furniture","13":"product_tag-nordic-home","14":"product_tag-nordic-lamp","15":"pa_colour-nature","16":"pa_material-stoneware","18":"first","19":"instock","20":"taxable","21":"shipping-taxable","22":"purchasable","23":"product-type-simple","24":"entry","25":"content-bg","26":"loop-entry"},"acf":[],"brands":[{"id":17,"name":"Bloomingville","slug":"bloomingville"}],"_links":{"self":[{"href":"https:\/\/yournordichome.com\/ro\/wp-json\/wp\/v2\/product\/6152","targetHints":{"allow":["GET"]}}],"collection":[{"href":"https:\/\/yournordichome.com\/ro\/wp-json\/wp\/v2\/product"}],"about":[{"href":"https:\/\/yournordichome.com\/ro\/wp-json\/wp\/v2\/types\/product"}],"replies":[{"embeddable":true,"href":"https:\/\/yournordichome.com\/ro\/wp-json\/wp\/v2\/comments?post=6152"}],"wp:featuredmedia":[{"embeddable":true,"href":"https:\/\/yournordichome.com\/ro\/wp-json\/wp\/v2\/media\/5840"}],"wp:attachment":[{"href":"https:\/\/yournordichome.com\/ro\/wp-json\/wp\/v2\/media?parent=6152"}],"wp:term":[{"taxonomy":"pwb-brand","embeddable":true,"href":"https:\/\/yournordichome.com\/ro\/wp-json\/wp\/v2\/pwb-brand?post=6152"},{"taxonomy":"product_brand","embeddable":true,"href":"https:\/\/yournordichome.com\/ro\/wp-json\/wp\/v2\/product_brand?post=6152"},{"taxonomy":"product_cat","embeddable":true,"href":"https:\/\/yournordichome.com\/ro\/wp-json\/wp\/v2\/product_cat?post=6152"},{"taxonomy":"product_tag","embeddable":true,"href":"https:\/\/yournordichome.com\/ro\/wp-json\/wp\/v2\/product_tag?post=6152"},{"taxonomy":"gyarto","embeddable":true,"href":"https:\/\/yournordichome.com\/ro\/wp-json\/wp\/v2\/gyarto?post=6152"}],"curies":[{"name":"wp","href":"https:\/\/api.w.org\/{rel}","templated":true}]}}