{"id":6147,"date":"2024-07-24T14:47:25","date_gmt":"2024-07-24T14:47:25","guid":{"rendered":"https:\/\/yournordichome.com\/product\/green-table-lamp-stoneware\/"},"modified":"2025-08-12T15:19:21","modified_gmt":"2025-08-12T15:19:21","slug":"lampa-de-masa-verde-gresie","status":"publish","type":"product","link":"https:\/\/yournordichome.com\/ro\/product\/green-table-lamp-stoneware\/","title":{"rendered":"Lamp\u0103 de mas\u0103 verde, gresie"},"content":{"rendered":"<p>Lampa de mas\u0103 Sergio de la Bloomingville este o lamp\u0103 versatil\u0103 pe care o pute\u021bi plasa pe noptier\u0103, \u00een camera de zi sau pe un singur suport. Datorit\u0103 caracterului glazurii, culoarea va varia de la o lamp\u0103 la alta. Unele mai \u00eentunecate \u0219i cu mai mult\u0103 textur\u0103 dec\u00e2t altele.<\/p>\n<p>Dimensiunile produsului: D21xH55 cm<br \/>\nDimensiunea umbrei: D20.5 x H24 cm<br \/>\nCuloare: Verde<br \/>\nCompozi\u021bie: Gresie, lenjerie, fier<br \/>\nAprobat CE: Da<br \/>\nClasa de energie a becului: Toate clasele<br \/>\nDimensiunea becului: E27<br \/>\nTipul becului: Obi\u0219nuit \u0219i LED<br \/>\nPuterea becului: max 40W \/ LED 5W \/ CFL 9W<br \/>\nBecul nu este inclus.<br \/>\nCuloarea cordonului: Transparent<br \/>\nLungimea cablului: 160 cm<br \/>\nMaterial cablu: PVC+CU<br \/>\nUtilizare \u00een exterior: Nu<br \/>\nPorni\u021bi cablul.<\/p>","protected":false},"excerpt":{"rendered":"<p>Lamp\u0103 de mas\u0103 verde din gresie cu o form\u0103 minimalist\u0103 inspirat\u0103 de stilul nordic.<\/p>","protected":false},"featured_media":5826,"comment_status":"closed","ping_status":"closed","template":"","meta":{"_acf_changed":false,"_kad_post_transparent":"default","_kad_post_title":"","_kad_post_layout":"default","_kad_post_sidebar_id":"","_kad_post_content_style":"default","_kad_post_vertical_padding":"default","_kad_post_feature":"","_kad_post_feature_position":"","_kad_post_header":false,"_kad_post_footer":false,"_kad_post_classname":""},"pwb-brand":[17],"product_brand":[],"product_cat":[73,72],"product_tag":[1069,334,398,397,34,117,396],"gyarto":[],"class_list":{"0":"post-6147","1":"product","2":"type-product","3":"status-publish","4":"has-post-thumbnail","6":"pwb-brand-bloomingville","7":"product_cat-desk-and-table-lamp","8":"product_cat-lamp","9":"product_tag-autumn-winter-2024","10":"product_tag-new-arrivals","11":"product_tag-nordic-design","12":"product_tag-nordic-home","13":"product_tag-nordic-interior-design","14":"product_tag-nordic-lamp","15":"product_tag-nordic-style","16":"pa_colour-green","17":"pa_material-stoneware","19":"first","20":"instock","21":"taxable","22":"shipping-taxable","23":"purchasable","24":"product-type-simple","25":"entry","26":"content-bg","27":"loop-entry"},"acf":[],"brands":[{"id":17,"name":"Bloomingville","slug":"bloomingville"}],"_links":{"self":[{"href":"https:\/\/yournordichome.com\/ro\/wp-json\/wp\/v2\/product\/6147","targetHints":{"allow":["GET"]}}],"collection":[{"href":"https:\/\/yournordichome.com\/ro\/wp-json\/wp\/v2\/product"}],"about":[{"href":"https:\/\/yournordichome.com\/ro\/wp-json\/wp\/v2\/types\/product"}],"replies":[{"embeddable":true,"href":"https:\/\/yournordichome.com\/ro\/wp-json\/wp\/v2\/comments?post=6147"}],"wp:featuredmedia":[{"embeddable":true,"href":"https:\/\/yournordichome.com\/ro\/wp-json\/wp\/v2\/media\/5826"}],"wp:attachment":[{"href":"https:\/\/yournordichome.com\/ro\/wp-json\/wp\/v2\/media?parent=6147"}],"wp:term":[{"taxonomy":"pwb-brand","embeddable":true,"href":"https:\/\/yournordichome.com\/ro\/wp-json\/wp\/v2\/pwb-brand?post=6147"},{"taxonomy":"product_brand","embeddable":true,"href":"https:\/\/yournordichome.com\/ro\/wp-json\/wp\/v2\/product_brand?post=6147"},{"taxonomy":"product_cat","embeddable":true,"href":"https:\/\/yournordichome.com\/ro\/wp-json\/wp\/v2\/product_cat?post=6147"},{"taxonomy":"product_tag","embeddable":true,"href":"https:\/\/yournordichome.com\/ro\/wp-json\/wp\/v2\/product_tag?post=6147"},{"taxonomy":"gyarto","embeddable":true,"href":"https:\/\/yournordichome.com\/ro\/wp-json\/wp\/v2\/gyarto?post=6147"}],"curies":[{"name":"wp","href":"https:\/\/api.w.org\/{rel}","templated":true}]}}