{"id":6146,"date":"2024-07-24T14:47:25","date_gmt":"2024-07-24T14:47:25","guid":{"rendered":"https:\/\/yournordichome.com\/product\/carter-console-table-black\/"},"modified":"2025-07-30T16:22:53","modified_gmt":"2025-07-30T16:22:53","slug":"masa-consola-carter-negru","status":"publish","type":"product","link":"https:\/\/yournordichome.com\/ro\/product\/carter-console-table-black\/","title":{"rendered":"Mas\u0103 consol\u0103 Carter, negru"},"content":{"rendered":"<p>Masa consol\u0103 Carter de la Bloomingville este perfect\u0103 pentru a sta \u00een spatele canapelei, \u00een hol sau ca element central independent \u00een camera de zi. Masa consol\u0103 serve\u0219te at\u00e2t ca element decorativ, c\u00e2t \u0219i ca suprafa\u021b\u0103 func\u021bional\u0103 pentru a v\u0103 expune obiectele decorative preferate.<\/p>\n<p>Dimensiunile produsului: L110xH65xW38,5 cm<br \/>\nCuloare: negru<br \/>\nCompozi\u021bie: MDF, fier<br \/>\nCapacitate maxim\u0103 de greutate: 10 kg<br \/>\nFinisaj produs: Vopsea<br \/>\nInstruc\u021biuni de \u00eengrijire: Cur\u0103\u021ba\u021bi cu o c\u00e2rp\u0103 umed\u0103.<\/p>","protected":false},"excerpt":{"rendered":"<p>Mas\u0103 consol\u0103 cu un design minimalist \u0219i atemporal. Blatul oval al mesei \u0219i picioarele elegante, geometrice, formeaz\u0103 o expresie elegant\u0103.<\/p>","protected":false},"featured_media":5770,"comment_status":"closed","ping_status":"closed","template":"","meta":{"_acf_changed":false,"_kad_post_transparent":"default","_kad_post_title":"","_kad_post_layout":"default","_kad_post_sidebar_id":"","_kad_post_content_style":"default","_kad_post_vertical_padding":"default","_kad_post_feature":"","_kad_post_feature_position":"","_kad_post_header":false,"_kad_post_footer":false,"_kad_post_classname":""},"pwb-brand":[17],"product_brand":[],"product_cat":[200,157],"product_tag":[1069,285,334,398,206,397,34,396],"gyarto":[],"class_list":{"0":"post-6146","1":"product","2":"type-product","3":"status-publish","4":"has-post-thumbnail","6":"pwb-brand-bloomingville","7":"product_cat-console-table","8":"product_cat-table","9":"product_tag-autumn-winter-2024","10":"product_tag-minimalist-furniture","11":"product_tag-new-arrivals","12":"product_tag-nordic-design","13":"product_tag-nordic-furniture","14":"product_tag-nordic-home","15":"product_tag-nordic-interior-design","16":"product_tag-nordic-style","17":"pa_colour-black","18":"pa_material-mdf","19":"pa_material-metal","21":"first","22":"instock","23":"taxable","24":"shipping-taxable","25":"purchasable","26":"product-type-simple","27":"entry","28":"content-bg","29":"loop-entry"},"acf":[],"brands":[{"id":17,"name":"Bloomingville","slug":"bloomingville"}],"_links":{"self":[{"href":"https:\/\/yournordichome.com\/ro\/wp-json\/wp\/v2\/product\/6146","targetHints":{"allow":["GET"]}}],"collection":[{"href":"https:\/\/yournordichome.com\/ro\/wp-json\/wp\/v2\/product"}],"about":[{"href":"https:\/\/yournordichome.com\/ro\/wp-json\/wp\/v2\/types\/product"}],"replies":[{"embeddable":true,"href":"https:\/\/yournordichome.com\/ro\/wp-json\/wp\/v2\/comments?post=6146"}],"wp:featuredmedia":[{"embeddable":true,"href":"https:\/\/yournordichome.com\/ro\/wp-json\/wp\/v2\/media\/5770"}],"wp:attachment":[{"href":"https:\/\/yournordichome.com\/ro\/wp-json\/wp\/v2\/media?parent=6146"}],"wp:term":[{"taxonomy":"pwb-brand","embeddable":true,"href":"https:\/\/yournordichome.com\/ro\/wp-json\/wp\/v2\/pwb-brand?post=6146"},{"taxonomy":"product_brand","embeddable":true,"href":"https:\/\/yournordichome.com\/ro\/wp-json\/wp\/v2\/product_brand?post=6146"},{"taxonomy":"product_cat","embeddable":true,"href":"https:\/\/yournordichome.com\/ro\/wp-json\/wp\/v2\/product_cat?post=6146"},{"taxonomy":"product_tag","embeddable":true,"href":"https:\/\/yournordichome.com\/ro\/wp-json\/wp\/v2\/product_tag?post=6146"},{"taxonomy":"gyarto","embeddable":true,"href":"https:\/\/yournordichome.com\/ro\/wp-json\/wp\/v2\/gyarto?post=6146"}],"curies":[{"name":"wp","href":"https:\/\/api.w.org\/{rel}","templated":true}]}}