{"id":5098,"date":"2024-01-23T17:02:27","date_gmt":"2024-01-23T17:02:27","guid":{"rendered":"https:\/\/yournordichome.com\/product\/floor-lamp-in-natural-wicker\/"},"modified":"2026-04-15T07:20:05","modified_gmt":"2026-04-15T07:20:05","slug":"lampa-de-podea-din-rachita-naturala","status":"publish","type":"product","link":"https:\/\/yournordichome.com\/ro\/product\/floor-lamp-in-natural-wicker\/","title":{"rendered":"Lamp\u0103 de podea din r\u0103chit\u0103 natural\u0103"},"content":{"rendered":"<p><strong>Lamp\u0103 de podea din r\u0103chit\u0103 natural\u0103<\/strong> de Chic Antique. Acesta poate fi un accesoriu decorativ pentru casa ta, care, atunci c\u00e2nd este aprins, aduce o lumin\u0103 cald\u0103 \u00een camer\u0103. Pune-l \u00eentr-un col\u021b \u00eentunecat \u0219i adu atmosfera hygge \u0219i mai aproape de casa ta!<\/p>\n<p>Dimensiunile produsului: H127\/D28 cm<br \/>\nMaterial: Rafie, metal<br \/>\nSoclu: E27<br \/>\nS\u00e2rm\u0103: 150 cm<\/p>","protected":false},"excerpt":{"rendered":"<p>Lamp\u0103 de podea realizat\u0103 din rafie natural\u0103, decorat\u0103 cu un model fin. Datorit\u0103 \u00eempletiturii sale speciale, este o surs\u0103 de lumin\u0103 confortabil\u0103.<\/p>","protected":false},"featured_media":5084,"comment_status":"closed","ping_status":"closed","template":"","meta":{"_acf_changed":false,"_kad_post_transparent":"default","_kad_post_title":"","_kad_post_layout":"default","_kad_post_sidebar_id":"","_kad_post_content_style":"default","_kad_post_vertical_padding":"default","_kad_post_feature":"","_kad_post_feature_position":"","_kad_post_header":false,"_kad_post_footer":false,"_kad_post_classname":""},"pwb-brand":[19],"product_brand":[],"product_cat":[176,72],"product_tag":[334,398,397,34,117,396,1059],"gyarto":[],"class_list":{"0":"post-5098","1":"product","2":"type-product","3":"status-publish","4":"has-post-thumbnail","6":"pwb-brand-chic-antique","7":"product_cat-floor-lamp","8":"product_cat-lamp","9":"product_tag-new-arrivals","10":"product_tag-nordic-design","11":"product_tag-nordic-home","12":"product_tag-nordic-interior-design","13":"product_tag-nordic-lamp","14":"product_tag-nordic-style","15":"product_tag-spring-summer-2024","16":"pa_colour-nature","17":"pa_material-metal","18":"pa_material-raffia","20":"first","21":"outofstock","22":"taxable","23":"shipping-taxable","24":"purchasable","25":"product-type-simple","26":"entry","27":"content-bg","28":"loop-entry"},"acf":[],"brands":[{"id":19,"name":"Chic Antique","slug":"chic-antic"}],"_links":{"self":[{"href":"https:\/\/yournordichome.com\/ro\/wp-json\/wp\/v2\/product\/5098","targetHints":{"allow":["GET"]}}],"collection":[{"href":"https:\/\/yournordichome.com\/ro\/wp-json\/wp\/v2\/product"}],"about":[{"href":"https:\/\/yournordichome.com\/ro\/wp-json\/wp\/v2\/types\/product"}],"replies":[{"embeddable":true,"href":"https:\/\/yournordichome.com\/ro\/wp-json\/wp\/v2\/comments?post=5098"}],"wp:featuredmedia":[{"embeddable":true,"href":"https:\/\/yournordichome.com\/ro\/wp-json\/wp\/v2\/media\/5084"}],"wp:attachment":[{"href":"https:\/\/yournordichome.com\/ro\/wp-json\/wp\/v2\/media?parent=5098"}],"wp:term":[{"taxonomy":"pwb-brand","embeddable":true,"href":"https:\/\/yournordichome.com\/ro\/wp-json\/wp\/v2\/pwb-brand?post=5098"},{"taxonomy":"product_brand","embeddable":true,"href":"https:\/\/yournordichome.com\/ro\/wp-json\/wp\/v2\/product_brand?post=5098"},{"taxonomy":"product_cat","embeddable":true,"href":"https:\/\/yournordichome.com\/ro\/wp-json\/wp\/v2\/product_cat?post=5098"},{"taxonomy":"product_tag","embeddable":true,"href":"https:\/\/yournordichome.com\/ro\/wp-json\/wp\/v2\/product_tag?post=5098"},{"taxonomy":"gyarto","embeddable":true,"href":"https:\/\/yournordichome.com\/ro\/wp-json\/wp\/v2\/gyarto?post=5098"}],"curies":[{"name":"wp","href":"https:\/\/api.w.org\/{rel}","templated":true}]}}