{"id":5097,"date":"2024-01-23T17:02:27","date_gmt":"2024-01-23T17:02:27","guid":{"rendered":"https:\/\/yournordichome.com\/product\/table-lamp-with-wooden-base\/"},"modified":"2025-07-30T16:29:21","modified_gmt":"2025-07-30T16:29:21","slug":"lampa-de-masa-cu-baza-din-lemn","status":"publish","type":"product","link":"https:\/\/yournordichome.com\/ro\/product\/table-lamp-with-wooden-base\/","title":{"rendered":"Lamp\u0103 de mas\u0103 cu baz\u0103 din lemn"},"content":{"rendered":"<p><strong>Lamp\u0103 de mas\u0103 cu baz\u0103 din lemn<\/strong> de Chic Antique. Baza luminii este decorat\u0103 delicat cu modele de frunze sculptate pentru un efect natural. Baza este perfect completat\u0103 de abajurul u\u0219or din in.<\/p>\n<p>Dimensiunile produsului: H57\/D37 cm<br \/>\nMaterial: Lemn, metal, in<br \/>\nSoclu: E27<br \/>\nS\u00e2rm\u0103: 150 cm<\/p>","protected":false},"excerpt":{"rendered":"<p>Lamp\u0103 de mas\u0103 cu baz\u0103 din lemn natural cu model \u0219i abajur din in. Culoare deschis\u0103, accesoriu natural.<\/p>","protected":false},"featured_media":5090,"comment_status":"closed","ping_status":"closed","template":"","meta":{"_acf_changed":false,"_kad_post_transparent":"default","_kad_post_title":"","_kad_post_layout":"default","_kad_post_sidebar_id":"","_kad_post_content_style":"default","_kad_post_vertical_padding":"default","_kad_post_feature":"","_kad_post_feature_position":"","_kad_post_header":false,"_kad_post_footer":false,"_kad_post_classname":""},"pwb-brand":[19],"product_brand":[],"product_cat":[73,72],"product_tag":[334,398,397,34,117,396,1059],"gyarto":[],"class_list":{"0":"post-5097","1":"product","2":"type-product","3":"status-publish","4":"has-post-thumbnail","6":"pwb-brand-chic-antique","7":"product_cat-desk-and-table-lamp","8":"product_cat-lamp","9":"product_tag-new-arrivals","10":"product_tag-nordic-design","11":"product_tag-nordic-home","12":"product_tag-nordic-interior-design","13":"product_tag-nordic-lamp","14":"product_tag-nordic-style","15":"product_tag-spring-summer-2024","16":"pa_colour-nature","17":"pa_material-metal","18":"pa_material-wood","20":"first","21":"instock","22":"taxable","23":"shipping-taxable","24":"purchasable","25":"product-type-simple","26":"entry","27":"content-bg","28":"loop-entry"},"acf":[],"brands":[{"id":19,"name":"Chic Antique","slug":"chic-antic"}],"_links":{"self":[{"href":"https:\/\/yournordichome.com\/ro\/wp-json\/wp\/v2\/product\/5097","targetHints":{"allow":["GET"]}}],"collection":[{"href":"https:\/\/yournordichome.com\/ro\/wp-json\/wp\/v2\/product"}],"about":[{"href":"https:\/\/yournordichome.com\/ro\/wp-json\/wp\/v2\/types\/product"}],"replies":[{"embeddable":true,"href":"https:\/\/yournordichome.com\/ro\/wp-json\/wp\/v2\/comments?post=5097"}],"wp:featuredmedia":[{"embeddable":true,"href":"https:\/\/yournordichome.com\/ro\/wp-json\/wp\/v2\/media\/5090"}],"wp:attachment":[{"href":"https:\/\/yournordichome.com\/ro\/wp-json\/wp\/v2\/media?parent=5097"}],"wp:term":[{"taxonomy":"pwb-brand","embeddable":true,"href":"https:\/\/yournordichome.com\/ro\/wp-json\/wp\/v2\/pwb-brand?post=5097"},{"taxonomy":"product_brand","embeddable":true,"href":"https:\/\/yournordichome.com\/ro\/wp-json\/wp\/v2\/product_brand?post=5097"},{"taxonomy":"product_cat","embeddable":true,"href":"https:\/\/yournordichome.com\/ro\/wp-json\/wp\/v2\/product_cat?post=5097"},{"taxonomy":"product_tag","embeddable":true,"href":"https:\/\/yournordichome.com\/ro\/wp-json\/wp\/v2\/product_tag?post=5097"},{"taxonomy":"gyarto","embeddable":true,"href":"https:\/\/yournordichome.com\/ro\/wp-json\/wp\/v2\/gyarto?post=5097"}],"curies":[{"name":"wp","href":"https:\/\/api.w.org\/{rel}","templated":true}]}}