{"id":4889,"date":"2024-01-14T16:24:26","date_gmt":"2024-01-14T16:24:26","guid":{"rendered":"https:\/\/yournordichome.com\/product\/grimaud-wall-shelf\/"},"modified":"2025-09-20T07:55:01","modified_gmt":"2025-09-20T07:55:01","slug":"grimaud-raft-de-perete","status":"publish","type":"product","link":"https:\/\/yournordichome.com\/ro\/product\/grimaud-wall-shelf\/","title":{"rendered":"Raft de perete Grimaud"},"content":{"rendered":"<p><strong>Raft de perete Grimaud<\/strong> de Chic Antique realizat din lemn recuperat.<\/p>\n<p>Colec\u021bia Grimaud este o selec\u021bie de piese unice - artefacte vechi \u0219i articole realizate din lemn reciclat, frumos patinat. Acestea contribuie la ad\u0103ugarea de c\u0103ldur\u0103, suflet \u0219i istorie unei locuin\u021be.<\/p>\n<p>Colec\u021bia include piese de decor frumoase, precum \u0219i mobilier. Toate Grimaud au \u00een comun urmele unei vie\u021bi \u0219i ale unui scop anterioare.<\/p>\n<p>A da o nou\u0103 via\u021b\u0103 vechilor comori este filozofia din spatele funda\u021biei Chic Antique, iar colec\u021bia Grimaud este \u00eentruchiparea acestui lucru.<\/p>\n<p>V\u0103 rug\u0103m s\u0103 re\u021bine\u021bi c\u0103 toate piesele Grimaud sunt unice \u0219i nu exist\u0103 dou\u0103 la fel. Acest lucru \u00eenseamn\u0103 c\u0103 pot varia \u00een ceea ce prive\u0219te forma, dimensiunea \u0219i tipul de lemn.<\/p>\n<p>Dimensiunile produsului: H55\/L70\/W12 cm<br \/>\nMaterial: Lemn recuperat<br \/>\nCuloare: Natur\u0103<br \/>\nPoate transporta p\u00e2n\u0103 la: 10 kg<\/p>","protected":false},"excerpt":{"rendered":"<p>Raft de perete din lemn reciclat cu aspect vintage care ofer\u0103 o suprafa\u021b\u0103 excelent\u0103 de depozitare cu numeroasele sale compartimente.<\/p>","protected":false},"featured_media":4845,"comment_status":"closed","ping_status":"closed","template":"","meta":{"_acf_changed":false,"_kad_post_transparent":"default","_kad_post_title":"","_kad_post_layout":"default","_kad_post_sidebar_id":"","_kad_post_content_style":"default","_kad_post_vertical_padding":"default","_kad_post_feature":"","_kad_post_feature_position":"","_kad_post_header":false,"_kad_post_footer":false,"_kad_post_classname":""},"pwb-brand":[19],"product_brand":[],"product_cat":[94,167],"product_tag":[398,397,34,396,318,136,98],"gyarto":[],"class_list":{"0":"post-4889","1":"product","2":"type-product","3":"status-publish","4":"has-post-thumbnail","6":"pwb-brand-chic-antique","7":"product_cat-furniture","8":"product_cat-wall-shelf","9":"product_tag-nordic-design","10":"product_tag-nordic-home","11":"product_tag-nordic-interior-design","12":"product_tag-nordic-style","13":"product_tag-reclaimed-wood-furniture","14":"product_tag-shelves","15":"product_tag-vintage-style","16":"pa_colour-nature","17":"pa_material-reclaimed-wood","19":"first","20":"instock","21":"taxable","22":"shipping-taxable","23":"purchasable","24":"product-type-simple","25":"entry","26":"content-bg","27":"loop-entry"},"acf":[],"brands":[{"id":19,"name":"Chic Antique","slug":"chic-antic"}],"_links":{"self":[{"href":"https:\/\/yournordichome.com\/ro\/wp-json\/wp\/v2\/product\/4889","targetHints":{"allow":["GET"]}}],"collection":[{"href":"https:\/\/yournordichome.com\/ro\/wp-json\/wp\/v2\/product"}],"about":[{"href":"https:\/\/yournordichome.com\/ro\/wp-json\/wp\/v2\/types\/product"}],"replies":[{"embeddable":true,"href":"https:\/\/yournordichome.com\/ro\/wp-json\/wp\/v2\/comments?post=4889"}],"wp:featuredmedia":[{"embeddable":true,"href":"https:\/\/yournordichome.com\/ro\/wp-json\/wp\/v2\/media\/4845"}],"wp:attachment":[{"href":"https:\/\/yournordichome.com\/ro\/wp-json\/wp\/v2\/media?parent=4889"}],"wp:term":[{"taxonomy":"pwb-brand","embeddable":true,"href":"https:\/\/yournordichome.com\/ro\/wp-json\/wp\/v2\/pwb-brand?post=4889"},{"taxonomy":"product_brand","embeddable":true,"href":"https:\/\/yournordichome.com\/ro\/wp-json\/wp\/v2\/product_brand?post=4889"},{"taxonomy":"product_cat","embeddable":true,"href":"https:\/\/yournordichome.com\/ro\/wp-json\/wp\/v2\/product_cat?post=4889"},{"taxonomy":"product_tag","embeddable":true,"href":"https:\/\/yournordichome.com\/ro\/wp-json\/wp\/v2\/product_tag?post=4889"},{"taxonomy":"gyarto","embeddable":true,"href":"https:\/\/yournordichome.com\/ro\/wp-json\/wp\/v2\/gyarto?post=4889"}],"curies":[{"name":"wp","href":"https:\/\/api.w.org\/{rel}","templated":true}]}}