{"id":4653,"date":"2024-01-07T11:15:58","date_gmt":"2024-01-07T11:15:58","guid":{"rendered":"https:\/\/yournordichome.com\/product\/green-firwood-wall-shelf\/"},"modified":"2025-12-10T16:54:24","modified_gmt":"2025-12-10T16:54:24","slug":"raft-de-perete-din-lemn-de-brad-verde","status":"publish","type":"product","link":"https:\/\/yournordichome.com\/ro\/product\/green-firwood-wall-shelf\/","title":{"rendered":"Raft de perete Green Firwood"},"content":{"rendered":"<p>Raftul Preston de la Bloomingville este realizat din lemn de brad \u00eentr-o culoare verde pr\u0103fuit cu un aspect deteriorat. Raftul creeaz\u0103 expunerea perfect\u0103 pentru depozitarea ce\u0219tilor sau a obiectelor mai mici. De ce s\u0103 nu v\u0103 transforma\u021bi depozitarea ce\u0219tilor \u00eentr-o experien\u021b\u0103 personal\u0103 \u0219i decorativ\u0103?<\/p>\n<p>Dimensiunile produsului: L67xH12xW41 cm<br \/>\nDistan\u021ba dintre rafturi: 12,5 cm<br \/>\nCuloare: Verde<br \/>\nCompozi\u021bie: Lemn de brad<br \/>\nCapacitate maxim\u0103 de greutate: 0,6 kg \u00een fiecare camer\u0103<br \/>\nFitingurile de perete nu sunt incluse.<\/p>","protected":false},"excerpt":{"rendered":"<p>Raft de perete \u00een culoarea verde pr\u0103fuit realizat din lemn de brad \u0219i prev\u0103zut cu 15 camere pentru expunerea c\u0103nilor sau a micilor decora\u021biuni.<\/p>","protected":false},"featured_media":4642,"comment_status":"closed","ping_status":"closed","template":"","meta":{"_acf_changed":false,"_kad_post_transparent":"default","_kad_post_title":"","_kad_post_layout":"default","_kad_post_sidebar_id":"","_kad_post_content_style":"default","_kad_post_vertical_padding":"default","_kad_post_feature":"","_kad_post_feature_position":"","_kad_post_header":false,"_kad_post_footer":false,"_kad_post_classname":""},"pwb-brand":[17],"product_brand":[],"product_cat":[94,167],"product_tag":[334,398,397,34,396,1047,136,1059],"gyarto":[],"class_list":{"0":"post-4653","1":"product","2":"type-product","3":"status-publish","4":"has-post-thumbnail","6":"pwb-brand-bloomingville","7":"product_cat-furniture","8":"product_cat-wall-shelf","9":"product_tag-new-arrivals","10":"product_tag-nordic-design","11":"product_tag-nordic-home","12":"product_tag-nordic-interior-design","13":"product_tag-nordic-style","14":"product_tag-shelf","15":"product_tag-shelves","16":"product_tag-spring-summer-2024","17":"pa_colour-green","18":"pa_material-firwood","20":"first","21":"instock","22":"taxable","23":"shipping-taxable","24":"purchasable","25":"product-type-simple","26":"entry","27":"content-bg","28":"loop-entry"},"acf":[],"brands":[{"id":17,"name":"Bloomingville","slug":"bloomingville"}],"_links":{"self":[{"href":"https:\/\/yournordichome.com\/ro\/wp-json\/wp\/v2\/product\/4653","targetHints":{"allow":["GET"]}}],"collection":[{"href":"https:\/\/yournordichome.com\/ro\/wp-json\/wp\/v2\/product"}],"about":[{"href":"https:\/\/yournordichome.com\/ro\/wp-json\/wp\/v2\/types\/product"}],"replies":[{"embeddable":true,"href":"https:\/\/yournordichome.com\/ro\/wp-json\/wp\/v2\/comments?post=4653"}],"wp:featuredmedia":[{"embeddable":true,"href":"https:\/\/yournordichome.com\/ro\/wp-json\/wp\/v2\/media\/4642"}],"wp:attachment":[{"href":"https:\/\/yournordichome.com\/ro\/wp-json\/wp\/v2\/media?parent=4653"}],"wp:term":[{"taxonomy":"pwb-brand","embeddable":true,"href":"https:\/\/yournordichome.com\/ro\/wp-json\/wp\/v2\/pwb-brand?post=4653"},{"taxonomy":"product_brand","embeddable":true,"href":"https:\/\/yournordichome.com\/ro\/wp-json\/wp\/v2\/product_brand?post=4653"},{"taxonomy":"product_cat","embeddable":true,"href":"https:\/\/yournordichome.com\/ro\/wp-json\/wp\/v2\/product_cat?post=4653"},{"taxonomy":"product_tag","embeddable":true,"href":"https:\/\/yournordichome.com\/ro\/wp-json\/wp\/v2\/product_tag?post=4653"},{"taxonomy":"gyarto","embeddable":true,"href":"https:\/\/yournordichome.com\/ro\/wp-json\/wp\/v2\/gyarto?post=4653"}],"curies":[{"name":"wp","href":"https:\/\/api.w.org\/{rel}","templated":true}]}}