{"id":4611,"date":"2024-01-06T14:27:33","date_gmt":"2024-01-06T14:27:33","guid":{"rendered":"https:\/\/yournordichome.com\/product\/shelf-brown-reclaimed-wood\/"},"modified":"2025-07-30T16:40:33","modified_gmt":"2025-07-30T16:40:33","slug":"raft-maro-lemn-recuperat","status":"publish","type":"product","link":"https:\/\/yournordichome.com\/ro\/product\/shelf-brown-reclaimed-wood\/","title":{"rendered":"Raft, Maro, Lemn recuperat"},"content":{"rendered":"<p>Raftul Tilo de la Bloomingville este un raft frumos realizat din lemn recuperat. Folosi\u021bi-l ca bibliotec\u0103 pentru a v\u0103 depozita c\u0103r\u021bile preferate sau ca raft pentru a v\u0103 expune c\u0103nile, ustensilele de buc\u0103t\u0103rie sau obiecte mai mici \u00een camera de zi. Acest raft versatil \u0219i elegant va ad\u0103uga o not\u0103 de c\u0103ldur\u0103 \u0219i confort casei dvs.<\/p>\n<p>Dimensiunile produsului: L70xH70xW10 cm<br \/>\nDistan\u021ba dintre rafturi: 16 cm<br \/>\nCuloare: maro<br \/>\nCompozi\u021bie: Lemn recuperat<br \/>\nInstruc\u021biuni de \u00eengrijire: Cur\u0103\u021ba\u021bi cu o c\u00e2rp\u0103 umed\u0103.<br \/>\nCapacitate maxim\u0103 de greutate: 1,5 kg pe camer\u0103<br \/>\nFitinguri de perete incluse.<\/p>","protected":false},"excerpt":{"rendered":"<p>Raft realizat din lemn recuperat, oferind un farmec unic \u0219i rustic oric\u0103rei camere.<\/p>","protected":false},"featured_media":3591,"comment_status":"closed","ping_status":"closed","template":"","meta":{"_acf_changed":false,"_kad_post_transparent":"default","_kad_post_title":"","_kad_post_layout":"default","_kad_post_sidebar_id":"","_kad_post_content_style":"default","_kad_post_vertical_padding":"default","_kad_post_feature":"","_kad_post_feature_position":"","_kad_post_header":false,"_kad_post_footer":false,"_kad_post_classname":""},"pwb-brand":[17],"product_brand":[],"product_cat":[94,167],"product_tag":[398,397,34,396,1047,136],"gyarto":[],"class_list":{"0":"post-4611","1":"product","2":"type-product","3":"status-publish","4":"has-post-thumbnail","6":"pwb-brand-bloomingville","7":"product_cat-furniture","8":"product_cat-wall-shelf","9":"product_tag-nordic-design","10":"product_tag-nordic-home","11":"product_tag-nordic-interior-design","12":"product_tag-nordic-style","13":"product_tag-shelf","14":"product_tag-shelves","15":"pa_colour-brown","16":"pa_material-reclaimed-wood","18":"first","19":"instock","20":"taxable","21":"shipping-taxable","22":"purchasable","23":"product-type-simple","24":"entry","25":"content-bg","26":"loop-entry"},"acf":[],"brands":[{"id":17,"name":"Bloomingville","slug":"bloomingville"}],"_links":{"self":[{"href":"https:\/\/yournordichome.com\/ro\/wp-json\/wp\/v2\/product\/4611","targetHints":{"allow":["GET"]}}],"collection":[{"href":"https:\/\/yournordichome.com\/ro\/wp-json\/wp\/v2\/product"}],"about":[{"href":"https:\/\/yournordichome.com\/ro\/wp-json\/wp\/v2\/types\/product"}],"replies":[{"embeddable":true,"href":"https:\/\/yournordichome.com\/ro\/wp-json\/wp\/v2\/comments?post=4611"}],"wp:featuredmedia":[{"embeddable":true,"href":"https:\/\/yournordichome.com\/ro\/wp-json\/wp\/v2\/media\/3591"}],"wp:attachment":[{"href":"https:\/\/yournordichome.com\/ro\/wp-json\/wp\/v2\/media?parent=4611"}],"wp:term":[{"taxonomy":"pwb-brand","embeddable":true,"href":"https:\/\/yournordichome.com\/ro\/wp-json\/wp\/v2\/pwb-brand?post=4611"},{"taxonomy":"product_brand","embeddable":true,"href":"https:\/\/yournordichome.com\/ro\/wp-json\/wp\/v2\/product_brand?post=4611"},{"taxonomy":"product_cat","embeddable":true,"href":"https:\/\/yournordichome.com\/ro\/wp-json\/wp\/v2\/product_cat?post=4611"},{"taxonomy":"product_tag","embeddable":true,"href":"https:\/\/yournordichome.com\/ro\/wp-json\/wp\/v2\/product_tag?post=4611"},{"taxonomy":"gyarto","embeddable":true,"href":"https:\/\/yournordichome.com\/ro\/wp-json\/wp\/v2\/gyarto?post=4611"}],"curies":[{"name":"wp","href":"https:\/\/api.w.org\/{rel}","templated":true}]}}