{"id":4610,"date":"2024-01-06T14:27:33","date_gmt":"2024-01-06T14:27:33","guid":{"rendered":"https:\/\/yournordichome.com\/product\/lounge-chair-nature-rattan\/"},"modified":"2025-07-30T16:40:17","modified_gmt":"2025-07-30T16:40:17","slug":"scaun-lounge-natura-rattan","status":"publish","type":"product","link":"https:\/\/yournordichome.com\/ro\/product\/lounge-chair-nature-rattan\/","title":{"rendered":"Scaun Lounge, Natura, Rattan"},"content":{"rendered":"<p>Scaunul de relaxare Baal de la Bloomingville este un scaun de relaxare frumos realizat din ratan cu multe detalii frumoase. Acest scaun va fi perfect pentru utilizarea \u00een ser\u0103 sau \u00een camera de zi. Cu designul s\u0103u unic \u0219i construc\u021bia detaliat\u0103, acest scaun lounge va ad\u0103uga o not\u0103 de elegan\u021b\u0103 \u0219i farmec oric\u0103rei \u00eenc\u0103peri din casa dvs.<\/p>\n<p>Dimensiunile produsului: L61xH75xW77 cm<br \/>\nAd\u00e2ncimea scaunului: 50 cm<br \/>\n\u00cen\u0103l\u021bimea scaunului: 34 cm<br \/>\n\u00cen\u0103l\u021bimea bra\u021bului: 54 cm<br \/>\nCuloare: Natur\u0103<br \/>\nCompozi\u021bie: Rattan<br \/>\nInstruc\u021biuni de \u00eengrijire: Cur\u0103\u021ba\u021bi cu o c\u00e2rp\u0103 umed\u0103.<br \/>\nCapacitate maxim\u0103 de greutate: 110 kg<\/p>","protected":false},"excerpt":{"rendered":"<p>Fotoliu din rattan care poate fi asortat cu perne \u0219i pernu\u021be pentru a crea o atmosfer\u0103 confortabil\u0103 \u0219i relaxat\u0103.<\/p>","protected":false},"featured_media":3586,"comment_status":"closed","ping_status":"closed","template":"","meta":{"_acf_changed":false,"_kad_post_transparent":"default","_kad_post_title":"","_kad_post_layout":"default","_kad_post_sidebar_id":"","_kad_post_content_style":"default","_kad_post_vertical_padding":"default","_kad_post_feature":"","_kad_post_feature_position":"","_kad_post_header":false,"_kad_post_footer":false,"_kad_post_classname":""},"pwb-brand":[17],"product_brand":[],"product_cat":[152,153],"product_tag":[154,398,397,34,396],"gyarto":[],"class_list":{"0":"post-4610","1":"product","2":"type-product","3":"status-publish","4":"has-post-thumbnail","6":"pwb-brand-bloomingville","7":"product_cat-chair","8":"product_cat-lounge-chair","9":"product_tag-armchair","10":"product_tag-nordic-design","11":"product_tag-nordic-home","12":"product_tag-nordic-interior-design","13":"product_tag-nordic-style","14":"pa_colour-nature","15":"pa_material-rattan","17":"first","18":"instock","19":"taxable","20":"shipping-taxable","21":"purchasable","22":"product-type-simple","23":"entry","24":"content-bg","25":"loop-entry"},"acf":[],"brands":[{"id":17,"name":"Bloomingville","slug":"bloomingville"}],"_links":{"self":[{"href":"https:\/\/yournordichome.com\/ro\/wp-json\/wp\/v2\/product\/4610","targetHints":{"allow":["GET"]}}],"collection":[{"href":"https:\/\/yournordichome.com\/ro\/wp-json\/wp\/v2\/product"}],"about":[{"href":"https:\/\/yournordichome.com\/ro\/wp-json\/wp\/v2\/types\/product"}],"replies":[{"embeddable":true,"href":"https:\/\/yournordichome.com\/ro\/wp-json\/wp\/v2\/comments?post=4610"}],"wp:featuredmedia":[{"embeddable":true,"href":"https:\/\/yournordichome.com\/ro\/wp-json\/wp\/v2\/media\/3586"}],"wp:attachment":[{"href":"https:\/\/yournordichome.com\/ro\/wp-json\/wp\/v2\/media?parent=4610"}],"wp:term":[{"taxonomy":"pwb-brand","embeddable":true,"href":"https:\/\/yournordichome.com\/ro\/wp-json\/wp\/v2\/pwb-brand?post=4610"},{"taxonomy":"product_brand","embeddable":true,"href":"https:\/\/yournordichome.com\/ro\/wp-json\/wp\/v2\/product_brand?post=4610"},{"taxonomy":"product_cat","embeddable":true,"href":"https:\/\/yournordichome.com\/ro\/wp-json\/wp\/v2\/product_cat?post=4610"},{"taxonomy":"product_tag","embeddable":true,"href":"https:\/\/yournordichome.com\/ro\/wp-json\/wp\/v2\/product_tag?post=4610"},{"taxonomy":"gyarto","embeddable":true,"href":"https:\/\/yournordichome.com\/ro\/wp-json\/wp\/v2\/gyarto?post=4610"}],"curies":[{"name":"wp","href":"https:\/\/api.w.org\/{rel}","templated":true}]}}