{"id":4559,"date":"2024-01-02T17:12:08","date_gmt":"2024-01-02T17:12:08","guid":{"rendered":"https:\/\/yournordichome.com\/product\/brown-pattern-cotton-cushion\/"},"modified":"2026-03-03T11:35:21","modified_gmt":"2026-03-03T11:35:21","slug":"perna-din-bumbac-cu-model-maro","status":"publish","type":"product","link":"https:\/\/yournordichome.com\/ro\/product\/brown-pattern-cotton-cushion\/","title":{"rendered":"Pern\u0103 din bumbac cu model maro"},"content":{"rendered":"<p>Pern\u0103 din bumbac cu model maro, realizat\u0103 din material \u0219i culori naturale. Decoreaz\u0103-\u021bi scaunul, canapeaua, patul cu ea, va fi un plus frumos \u0219i delicat pentru casa ta.<\/p>\n<p>Dimensiunile produsului: L50xL50 cm<br \/>\nCuloare: Natur\u0103<br \/>\nCompozi\u021bie: 100% Bumbac, Umplutur\u0103: 100% Poliester<br \/>\nAlbire: Nu<br \/>\nCur\u0103\u021bare chimic\u0103: Nu<br \/>\nUmplutur\u0103: Poliester<br \/>\nInstruc\u021biuni de sp\u0103lare: Se spal\u0103 la ma\u0219in\u0103 la 40 de grade<br \/>\nFermoar: Plastic<\/p>","protected":false},"excerpt":{"rendered":"<p>Pern\u0103 frumoas\u0103 din bumbac ciufulit \u00een alb cu un model maro. Cu aspectul s\u0103u natural, este doar atingerea final\u0103 \u00een decor de care camera are nevoie.<\/p>","protected":false},"featured_media":4546,"comment_status":"closed","ping_status":"closed","template":"","meta":{"_acf_changed":false,"_kad_post_transparent":"default","_kad_post_title":"","_kad_post_layout":"default","_kad_post_sidebar_id":"","_kad_post_content_style":"default","_kad_post_vertical_padding":"default","_kad_post_feature":"","_kad_post_feature_position":"","_kad_post_header":false,"_kad_post_footer":false,"_kad_post_classname":""},"pwb-brand":[17],"product_brand":[],"product_cat":[294,65],"product_tag":[1053,1058,398,397,34,396],"gyarto":[],"class_list":{"0":"post-4559","1":"product","2":"type-product","3":"status-publish","4":"has-post-thumbnail","6":"pwb-brand-bloomingville","7":"product_cat-pillow","8":"product_cat-rugs-and-textiles","9":"product_tag-cushion","10":"product_tag-new-year-sale","11":"product_tag-nordic-design","12":"product_tag-nordic-home","13":"product_tag-nordic-interior-design","14":"product_tag-nordic-style","15":"pa_colour-nature","16":"pa_material-cotton","18":"first","19":"instock","20":"sale","21":"taxable","22":"shipping-taxable","23":"purchasable","24":"product-type-simple","25":"entry","26":"content-bg","27":"loop-entry"},"acf":[],"brands":[{"id":17,"name":"Bloomingville","slug":"bloomingville"}],"_links":{"self":[{"href":"https:\/\/yournordichome.com\/ro\/wp-json\/wp\/v2\/product\/4559","targetHints":{"allow":["GET"]}}],"collection":[{"href":"https:\/\/yournordichome.com\/ro\/wp-json\/wp\/v2\/product"}],"about":[{"href":"https:\/\/yournordichome.com\/ro\/wp-json\/wp\/v2\/types\/product"}],"replies":[{"embeddable":true,"href":"https:\/\/yournordichome.com\/ro\/wp-json\/wp\/v2\/comments?post=4559"}],"wp:featuredmedia":[{"embeddable":true,"href":"https:\/\/yournordichome.com\/ro\/wp-json\/wp\/v2\/media\/4546"}],"wp:attachment":[{"href":"https:\/\/yournordichome.com\/ro\/wp-json\/wp\/v2\/media?parent=4559"}],"wp:term":[{"taxonomy":"pwb-brand","embeddable":true,"href":"https:\/\/yournordichome.com\/ro\/wp-json\/wp\/v2\/pwb-brand?post=4559"},{"taxonomy":"product_brand","embeddable":true,"href":"https:\/\/yournordichome.com\/ro\/wp-json\/wp\/v2\/product_brand?post=4559"},{"taxonomy":"product_cat","embeddable":true,"href":"https:\/\/yournordichome.com\/ro\/wp-json\/wp\/v2\/product_cat?post=4559"},{"taxonomy":"product_tag","embeddable":true,"href":"https:\/\/yournordichome.com\/ro\/wp-json\/wp\/v2\/product_tag?post=4559"},{"taxonomy":"gyarto","embeddable":true,"href":"https:\/\/yournordichome.com\/ro\/wp-json\/wp\/v2\/gyarto?post=4559"}],"curies":[{"name":"wp","href":"https:\/\/api.w.org\/{rel}","templated":true}]}}