{"id":4558,"date":"2024-01-02T17:12:08","date_gmt":"2024-01-02T17:12:08","guid":{"rendered":"https:\/\/yournordichome.com\/product\/white-cushion-cotton\/"},"modified":"2025-07-30T16:41:31","modified_gmt":"2025-07-30T16:41:31","slug":"bumbac-alb-perna","status":"publish","type":"product","link":"https:\/\/yournordichome.com\/ro\/product\/white-cushion-cotton\/","title":{"rendered":"Pern\u0103 alb\u0103, Bumbac"},"content":{"rendered":"<p>De\u0219i utilizeaz\u0103 doar culorile alb \u0219i negru, aceast\u0103 pern\u0103 adaug\u0103 o not\u0103 special\u0103 oric\u0103rui scaun, canapea sau pat \u00een care o a\u0219eza\u021bi. Imprimeul grafic simplu serve\u0219te ca un contrast perfect cu materialul adesea moale pe care va fi a\u0219ezat\u0103 aceast\u0103 pern\u0103.<\/p>\n<p>Dimensiunile produsului: L40xL40 cm<br \/>\nCuloare: Natur\u0103<br \/>\nCompozi\u021bie: 100% Bumbac, Umplutur\u0103: 100% Poliester<br \/>\nAlbire: Nu<br \/>\nFinisaj color: Imprimare<br \/>\nCur\u0103\u021bare chimic\u0103: Nu<br \/>\nUmplutur\u0103: Poliester<br \/>\nFinisaj produs: \u021aesut<br \/>\nInstruc\u021biuni de sp\u0103lare: Se spal\u0103 la ma\u0219in\u0103 la 40 de grade<br \/>\nFermoar: Plastic<\/p>","protected":false},"excerpt":{"rendered":"<p>Pern\u0103 alb\u0103 \u021besut\u0103 din bumbac \u0219i imprimat\u0103 cu un desen care seam\u0103n\u0103 cu tu\u0219e de pensul\u0103 de culoare neagr\u0103.<\/p>","protected":false},"featured_media":4552,"comment_status":"closed","ping_status":"closed","template":"","meta":{"_acf_changed":false,"_kad_post_transparent":"default","_kad_post_title":"","_kad_post_layout":"default","_kad_post_sidebar_id":"","_kad_post_content_style":"default","_kad_post_vertical_padding":"default","_kad_post_feature":"","_kad_post_feature_position":"","_kad_post_header":false,"_kad_post_footer":false,"_kad_post_classname":""},"pwb-brand":[17],"product_brand":[],"product_cat":[294,65],"product_tag":[1053,1058,398,397,34,396],"gyarto":[],"class_list":{"0":"post-4558","1":"product","2":"type-product","3":"status-publish","4":"has-post-thumbnail","6":"pwb-brand-bloomingville","7":"product_cat-pillow","8":"product_cat-rugs-and-textiles","9":"product_tag-cushion","10":"product_tag-new-year-sale","11":"product_tag-nordic-design","12":"product_tag-nordic-home","13":"product_tag-nordic-interior-design","14":"product_tag-nordic-style","15":"pa_colour-white","16":"pa_material-cotton","18":"first","19":"instock","20":"sale","21":"taxable","22":"shipping-taxable","23":"purchasable","24":"product-type-simple","25":"entry","26":"content-bg","27":"loop-entry"},"acf":[],"brands":[{"id":17,"name":"Bloomingville","slug":"bloomingville"}],"_links":{"self":[{"href":"https:\/\/yournordichome.com\/ro\/wp-json\/wp\/v2\/product\/4558","targetHints":{"allow":["GET"]}}],"collection":[{"href":"https:\/\/yournordichome.com\/ro\/wp-json\/wp\/v2\/product"}],"about":[{"href":"https:\/\/yournordichome.com\/ro\/wp-json\/wp\/v2\/types\/product"}],"replies":[{"embeddable":true,"href":"https:\/\/yournordichome.com\/ro\/wp-json\/wp\/v2\/comments?post=4558"}],"wp:featuredmedia":[{"embeddable":true,"href":"https:\/\/yournordichome.com\/ro\/wp-json\/wp\/v2\/media\/4552"}],"wp:attachment":[{"href":"https:\/\/yournordichome.com\/ro\/wp-json\/wp\/v2\/media?parent=4558"}],"wp:term":[{"taxonomy":"pwb-brand","embeddable":true,"href":"https:\/\/yournordichome.com\/ro\/wp-json\/wp\/v2\/pwb-brand?post=4558"},{"taxonomy":"product_brand","embeddable":true,"href":"https:\/\/yournordichome.com\/ro\/wp-json\/wp\/v2\/product_brand?post=4558"},{"taxonomy":"product_cat","embeddable":true,"href":"https:\/\/yournordichome.com\/ro\/wp-json\/wp\/v2\/product_cat?post=4558"},{"taxonomy":"product_tag","embeddable":true,"href":"https:\/\/yournordichome.com\/ro\/wp-json\/wp\/v2\/product_tag?post=4558"},{"taxonomy":"gyarto","embeddable":true,"href":"https:\/\/yournordichome.com\/ro\/wp-json\/wp\/v2\/gyarto?post=4558"}],"curies":[{"name":"wp","href":"https:\/\/api.w.org\/{rel}","templated":true}]}}